{"id":111539,"date":"2025-05-29T12:43:33","date_gmt":"2025-05-29T10:43:33","guid":{"rendered":"https:\/\/abinox-chr-clim.com\/index.php\/product\/chiffons-en-microfibre-jantex-jaunes-lot-de-5\/"},"modified":"2026-04-14T11:41:46","modified_gmt":"2026-04-14T09:41:46","slug":"chiffons-en-microfibre-jantex-jaunes-lot-de-5","status":"publish","type":"product","link":"https:\/\/abinox-chr-clim.com\/index.php\/product\/chiffons-en-microfibre-jantex-jaunes-lot-de-5\/","title":{"rendered":"Chiffons en microfibre Jantex jaunes (lot de 5)"},"content":{"rendered":"<p>Retient la poussi\u00e8re et la salet\u00e9 plus efficacement que les chiffons traditionnels. S&rsquo;utilise humide ou sec. 400 x 400 mm.<\/p>\n<p>\u2022 Pi\u00e8ge la poussi\u00e8re et la salet\u00e9 plus efficacement que les chiffons traditionnels<br \/>\u2022 Les minuscules fibres non abrasives atteignent les petits espaces, coins et crevasses<br \/>\u2022 Tr\u00e8s absorbant, adapt\u00e9 au nettoyage humide et \u00e0 sec<br \/>\u2022 La couleur jaune convient au nettoyage \u00e0 code couleur pour pr\u00e9venir la contamination crois\u00e9e<\/p>\n<p><b><u>Caract\u00e9ristiques du produit :<\/u><\/b><br \/>\u2022 Lot : 5.0<br \/>\u2022 Dim. : 400(L) x 400(P) mm<br \/>\u2022 Mati\u00e8re : Polyester et Polyamide<br \/>\u2022 Couleur : Jaune.<\/p>\n","protected":false},"excerpt":{"rendered":"<p>400(L)x400(P)mm. Lot de 5<\/p>\n","protected":false},"featured_media":107250,"comment_status":"open","ping_status":"closed","template":"","meta":[],"product_brand":[],"product_cat":[1230,1227,1297,1216],"product_tag":[],"class_list":{"0":"post-111539","1":"product","2":"type-product","3":"status-publish","4":"has-post-thumbnail","6":"product_cat-chiffons-et-eponges","7":"product_cat-nettoyage","8":"product_cat-non-palettisable","9":"product_cat-usage-unique-et-entretien","10":"product_shipping_class-free-shipping","12":"first","13":"instock","14":"featured","15":"taxable","16":"shipping-taxable","17":"purchasable","18":"product-type-simple"},"_links":{"self":[{"href":"https:\/\/abinox-chr-clim.com\/index.php\/wp-json\/wp\/v2\/product\/111539","targetHints":{"allow":["GET"]}}],"collection":[{"href":"https:\/\/abinox-chr-clim.com\/index.php\/wp-json\/wp\/v2\/product"}],"about":[{"href":"https:\/\/abinox-chr-clim.com\/index.php\/wp-json\/wp\/v2\/types\/product"}],"replies":[{"embeddable":true,"href":"https:\/\/abinox-chr-clim.com\/index.php\/wp-json\/wp\/v2\/comments?post=111539"}],"wp:featuredmedia":[{"embeddable":true,"href":"https:\/\/abinox-chr-clim.com\/index.php\/wp-json\/wp\/v2\/media\/107250"}],"wp:attachment":[{"href":"https:\/\/abinox-chr-clim.com\/index.php\/wp-json\/wp\/v2\/media?parent=111539"}],"wp:term":[{"taxonomy":"product_brand","embeddable":true,"href":"https:\/\/abinox-chr-clim.com\/index.php\/wp-json\/wp\/v2\/product_brand?post=111539"},{"taxonomy":"product_cat","embeddable":true,"href":"https:\/\/abinox-chr-clim.com\/index.php\/wp-json\/wp\/v2\/product_cat?post=111539"},{"taxonomy":"product_tag","embeddable":true,"href":"https:\/\/abinox-chr-clim.com\/index.php\/wp-json\/wp\/v2\/product_tag?post=111539"}],"curies":[{"name":"wp","href":"https:\/\/api.w.org\/{rel}","templated":true}]}}