{"id":111534,"date":"2025-05-29T12:43:21","date_gmt":"2025-05-29T10:43:21","guid":{"rendered":"https:\/\/abinox-chr-clim.com\/index.php\/product\/poubelle-dhotel-bolero-a-2-compartiments\/"},"modified":"2026-04-24T11:15:07","modified_gmt":"2026-04-24T09:15:07","slug":"poubelle-dhotel-bolero-a-2-compartiments","status":"publish","type":"product","link":"https:\/\/abinox-chr-clim.com\/index.php\/product\/poubelle-dhotel-bolero-a-2-compartiments\/","title":{"rendered":"Poubelle d&rsquo;h\u00f4tel Bolero \u00e0 2 compartiments"},"content":{"rendered":"<p>Si vous avez besoin d&rsquo;une poubelle durable et compacte avec une option de recyclage, la poubelle \u00e0 2 compartiments Bolero est un excellent choix. Construite en polypropyl\u00e8ne et en fer peint par poudrage, elle arbore une couleur noire \u00e9l\u00e9gante qui compl\u00e8te n&rsquo;importe quel d\u00e9cor de bureau, chambre d&rsquo;h\u00f4tel ou chambre \u00e0 coucher. Son design mince s&rsquo;adapte bien aux espaces restreints ou sous les bureaux. La poubelle est \u00e9quip\u00e9e d&rsquo;un seau int\u00e9rieur gris et blanc pour une s\u00e9paration facile des d\u00e9chets recyclables et non recyclables, aidant \u00e0 garantir que les mat\u00e9riaux recyclables ne finissent pas dans les d\u00e9charges.<\/p>\n<p>\u2022 Poubelle durable \u00e0 2 compartiments avec option de recyclage<br \/>\u2022 Conception mince qui s&rsquo;adapte dans les espaces restreints ou sous les bureaux<br \/>\u2022 Comprend des seaux int\u00e9rieurs gris et blanc pour une s\u00e9paration facile des d\u00e9chets<br \/>\u2022 Aide \u00e0 emp\u00eacher les mat\u00e9riaux recyclables de se retrouver dans les d\u00e9charges<\/p>\n<p><b><u>Caract\u00e9ristiques du produit :<\/u><\/b><br \/>\u2022 Dim. : 270(H) mm<br \/>\u2022 Mati\u00e8re : Polypropyl\u00e8ne<br \/>\u2022 Couleur : Noir.<\/p>\n","protected":false},"excerpt":{"rendered":"<p>270(H)x216(\u00d8)mm<\/p>\n","protected":false},"featured_media":107713,"comment_status":"open","ping_status":"closed","template":"","meta":[],"product_brand":[],"product_cat":[1136,1297,1134,1106],"product_tag":[],"class_list":{"0":"post-111534","1":"product","2":"type-product","3":"status-publish","4":"has-post-thumbnail","6":"product_cat-chambre-dhotel","7":"product_cat-non-palettisable","8":"product_cat-reception-hotellerie","9":"product_cat-restaurant-bar-et-hotel","10":"product_shipping_class-free-shipping","12":"first","13":"instock","14":"featured","15":"taxable","16":"shipping-taxable","17":"purchasable","18":"product-type-simple"},"_links":{"self":[{"href":"https:\/\/abinox-chr-clim.com\/index.php\/wp-json\/wp\/v2\/product\/111534","targetHints":{"allow":["GET"]}}],"collection":[{"href":"https:\/\/abinox-chr-clim.com\/index.php\/wp-json\/wp\/v2\/product"}],"about":[{"href":"https:\/\/abinox-chr-clim.com\/index.php\/wp-json\/wp\/v2\/types\/product"}],"replies":[{"embeddable":true,"href":"https:\/\/abinox-chr-clim.com\/index.php\/wp-json\/wp\/v2\/comments?post=111534"}],"wp:featuredmedia":[{"embeddable":true,"href":"https:\/\/abinox-chr-clim.com\/index.php\/wp-json\/wp\/v2\/media\/107713"}],"wp:attachment":[{"href":"https:\/\/abinox-chr-clim.com\/index.php\/wp-json\/wp\/v2\/media?parent=111534"}],"wp:term":[{"taxonomy":"product_brand","embeddable":true,"href":"https:\/\/abinox-chr-clim.com\/index.php\/wp-json\/wp\/v2\/product_brand?post=111534"},{"taxonomy":"product_cat","embeddable":true,"href":"https:\/\/abinox-chr-clim.com\/index.php\/wp-json\/wp\/v2\/product_cat?post=111534"},{"taxonomy":"product_tag","embeddable":true,"href":"https:\/\/abinox-chr-clim.com\/index.php\/wp-json\/wp\/v2\/product_tag?post=111534"}],"curies":[{"name":"wp","href":"https:\/\/api.w.org\/{rel}","templated":true}]}}