{"id":111532,"date":"2025-05-29T12:43:17","date_gmt":"2025-05-29T10:43:17","guid":{"rendered":"https:\/\/abinox-chr-clim.com\/index.php\/product\/poubelle-carree-bolero-verte-7l\/"},"modified":"2026-04-24T11:15:05","modified_gmt":"2026-04-24T09:15:05","slug":"poubelle-carree-bolero-verte-7l","status":"publish","type":"product","link":"https:\/\/abinox-chr-clim.com\/index.php\/product\/poubelle-carree-bolero-verte-7l\/","title":{"rendered":"Poubelle carr\u00e9e Bolero verte 7L"},"content":{"rendered":"<p>Vous cherchez \u00e0 am\u00e9liorer et moderniser vos poubelles\u00a0&#63; Les poubelles carr\u00e9es de 7 litres de Bolero offrent une solution \u00e9l\u00e9gante et contemporaine pour les chambres d&rsquo;h\u00f4tel, les salles de bain et les bureaux. Leur design mince s&rsquo;adapte parfaitement dans des espaces restreints ou sous les bureaux, tandis que la coque ext\u00e9rieure amovible facilite le nettoyage et l&rsquo;entretien. Pour des options suppl\u00e9mentaires, cette poubelle verte en polypropyl\u00e8ne est \u00e9galement disponible en noir (voir code HX259) et dans une capacit\u00e9 plus grande de 10 litres (voir code HX262).<\/p>\n<p>\u2022 Design \u00e9l\u00e9gant et contemporain &#8211; id\u00e9al pour les chambres d&rsquo;h\u00f4tel, les salles de bains et les bureaux<br \/>\u2022 Coque ext\u00e9rieure amovible pour un nettoyage et un entretien faciles<br \/>\u2022 Profile mince s&rsquo;adapte facilement aux espaces restreints ou sous les bureaux<br \/>\u2022 Disponible en noir (voir code HX259) et avec une capacit\u00e9 plus grande de 10L (voir code HX262)<\/p>\n<p><b><u>Caract\u00e9ristiques du produit :<\/u><\/b><br \/>\u2022 Couleur : Vert.<\/p>\n","protected":false},"excerpt":{"rendered":"<p>Capacit\u00e9 : 7L<\/p>\n","protected":false},"featured_media":106294,"comment_status":"open","ping_status":"closed","template":"","meta":[],"product_brand":[],"product_cat":[1136,1297,1134,1106],"product_tag":[],"class_list":{"0":"post-111532","1":"product","2":"type-product","3":"status-publish","4":"has-post-thumbnail","6":"product_cat-chambre-dhotel","7":"product_cat-non-palettisable","8":"product_cat-reception-hotellerie","9":"product_cat-restaurant-bar-et-hotel","10":"product_shipping_class-free-shipping","12":"first","13":"instock","14":"featured","15":"taxable","16":"shipping-taxable","17":"purchasable","18":"product-type-simple"},"_links":{"self":[{"href":"https:\/\/abinox-chr-clim.com\/index.php\/wp-json\/wp\/v2\/product\/111532","targetHints":{"allow":["GET"]}}],"collection":[{"href":"https:\/\/abinox-chr-clim.com\/index.php\/wp-json\/wp\/v2\/product"}],"about":[{"href":"https:\/\/abinox-chr-clim.com\/index.php\/wp-json\/wp\/v2\/types\/product"}],"replies":[{"embeddable":true,"href":"https:\/\/abinox-chr-clim.com\/index.php\/wp-json\/wp\/v2\/comments?post=111532"}],"wp:featuredmedia":[{"embeddable":true,"href":"https:\/\/abinox-chr-clim.com\/index.php\/wp-json\/wp\/v2\/media\/106294"}],"wp:attachment":[{"href":"https:\/\/abinox-chr-clim.com\/index.php\/wp-json\/wp\/v2\/media?parent=111532"}],"wp:term":[{"taxonomy":"product_brand","embeddable":true,"href":"https:\/\/abinox-chr-clim.com\/index.php\/wp-json\/wp\/v2\/product_brand?post=111532"},{"taxonomy":"product_cat","embeddable":true,"href":"https:\/\/abinox-chr-clim.com\/index.php\/wp-json\/wp\/v2\/product_cat?post=111532"},{"taxonomy":"product_tag","embeddable":true,"href":"https:\/\/abinox-chr-clim.com\/index.php\/wp-json\/wp\/v2\/product_tag?post=111532"}],"curies":[{"name":"wp","href":"https:\/\/api.w.org\/{rel}","templated":true}]}}