{"id":111528,"date":"2025-05-29T12:43:09","date_gmt":"2025-05-29T10:43:09","guid":{"rendered":"https:\/\/abinox-chr-clim.com\/index.php\/product\/chariot-de-nettoyage-compact-jantex\/"},"modified":"2026-04-15T10:55:13","modified_gmt":"2026-04-15T08:55:13","slug":"chariot-de-nettoyage-compact-jantex","status":"publish","type":"product","link":"https:\/\/abinox-chr-clim.com\/index.php\/product\/chariot-de-nettoyage-compact-jantex\/","title":{"rendered":"Chariot de nettoyage compact Jantex"},"content":{"rendered":"<p>Chariot multi-usages avec tablettes et crochets pour transporter les produits d&rsquo;entretien, balais et serpilli\u00e8res.<\/p>\n<p>\u2022 Chariot de m\u00e9nage l\u00e9ger et compact<br \/>\u2022 Comprend 3 \u00e9tag\u00e8res spacieuses, dont 2 sont amovibles pour un rangement polyvalent<br \/>\u2022 Id\u00e9al pour ranger le linge, les rouleaux de papier toilette ou les serviettes<br \/>\u2022 Dispose de poches lat\u00e9rales pour les sprays nettoyants, les chiffons et les plumeaux<br \/>\u2022 Cadre lat\u00e9ral pliable pour attacher un sac \u00e0 d\u00e9chets<\/p>\n<p><b><u>Caract\u00e9ristiques du produit :<\/u><\/b><br \/>\u2022 Dim. : 1125(H) x 1110(L) x 490(P) mm<br \/>\u2022 Couleur : Noir.<\/p>\n","protected":false},"excerpt":{"rendered":"<p>1125(H)x1110(L)x490(P)mm<\/p>\n","protected":false},"featured_media":106293,"comment_status":"open","ping_status":"closed","template":"","meta":[],"product_brand":[],"product_cat":[1148,1147,1146,1297],"product_tag":[],"class_list":{"0":"post-111528","1":"product","2":"type-product","3":"status-publish","4":"has-post-thumbnail","6":"product_cat-chariots-de-service","7":"product_cat-chariots-et-rayonnages","8":"product_cat-mobilier-de-cuisine-chariots-et-echelles","9":"product_cat-non-palettisable","10":"product_shipping_class-free-shipping","12":"first","13":"instock","14":"featured","15":"taxable","16":"shipping-taxable","17":"purchasable","18":"product-type-simple"},"_links":{"self":[{"href":"https:\/\/abinox-chr-clim.com\/index.php\/wp-json\/wp\/v2\/product\/111528","targetHints":{"allow":["GET"]}}],"collection":[{"href":"https:\/\/abinox-chr-clim.com\/index.php\/wp-json\/wp\/v2\/product"}],"about":[{"href":"https:\/\/abinox-chr-clim.com\/index.php\/wp-json\/wp\/v2\/types\/product"}],"replies":[{"embeddable":true,"href":"https:\/\/abinox-chr-clim.com\/index.php\/wp-json\/wp\/v2\/comments?post=111528"}],"wp:featuredmedia":[{"embeddable":true,"href":"https:\/\/abinox-chr-clim.com\/index.php\/wp-json\/wp\/v2\/media\/106293"}],"wp:attachment":[{"href":"https:\/\/abinox-chr-clim.com\/index.php\/wp-json\/wp\/v2\/media?parent=111528"}],"wp:term":[{"taxonomy":"product_brand","embeddable":true,"href":"https:\/\/abinox-chr-clim.com\/index.php\/wp-json\/wp\/v2\/product_brand?post=111528"},{"taxonomy":"product_cat","embeddable":true,"href":"https:\/\/abinox-chr-clim.com\/index.php\/wp-json\/wp\/v2\/product_cat?post=111528"},{"taxonomy":"product_tag","embeddable":true,"href":"https:\/\/abinox-chr-clim.com\/index.php\/wp-json\/wp\/v2\/product_tag?post=111528"}],"curies":[{"name":"wp","href":"https:\/\/api.w.org\/{rel}","templated":true}]}}