{"id":111527,"date":"2025-05-29T12:43:07","date_gmt":"2025-05-29T10:43:07","guid":{"rendered":"https:\/\/abinox-chr-clim.com\/index.php\/product\/tete-serpilliere-en-microfibre-jantex-bande-jaune-150g\/"},"modified":"2026-04-14T11:32:11","modified_gmt":"2026-04-14T09:32:11","slug":"tete-serpilliere-en-microfibre-jantex-bande-jaune-150g","status":"publish","type":"product","link":"https:\/\/abinox-chr-clim.com\/index.php\/product\/tete-serpilliere-en-microfibre-jantex-bande-jaune-150g\/","title":{"rendered":"T\u00eate serpilli\u00e8re en microfibre Jantex bande jaune 150g"},"content":{"rendered":"<p>Les t\u00eates de balai microfibre Jantex permettent de nettoyer facilement les sols sales. Con\u00e7ues pour un nettoyage efficace, ces t\u00eates serpilli\u00e8res offrent une grande capacit\u00e9 d&rsquo;absorption et un s\u00e9chage rapide, ce qui est id\u00e9al pour les environnements tr\u00e8s fr\u00e9quent\u00e9s.<\/p>\n<p>\u2022 Ramasse facilement les d\u00e9versements et nettoie les sols rapidement et efficacement<br \/>\u2022 Bande jaune pour le nettoyage cod\u00e9 par couleur<br \/>\u2022 Compatible avec le manche \u00e0 balai Jantex (HX240) &#8211; vendu s\u00e9par\u00e9ment<\/p>\n<p><b><u>Caract\u00e9ristiques du produit :<\/u><\/b><br \/>\u2022 Dim. : 210(H) mm<br \/>\u2022 Mati\u00e8re : Microfibre<br \/>\u2022 Poids : 150 g<br \/>\u2022 Couleur : Jaune.<\/p>\n","protected":false},"excerpt":{"rendered":"<p>Compatible avec le manche \u00e0 balai Jantex HX240<\/p>\n","protected":false},"featured_media":106292,"comment_status":"open","ping_status":"closed","template":"","meta":[],"product_brand":[],"product_cat":[1227,1297,1232,1216],"product_tag":[],"class_list":{"0":"post-111527","1":"product","2":"type-product","3":"status-publish","4":"has-post-thumbnail","6":"product_cat-nettoyage","7":"product_cat-non-palettisable","8":"product_cat-seaux-de-lavage-et-balais-brosse","9":"product_cat-usage-unique-et-entretien","10":"product_shipping_class-free-shipping","12":"first","13":"instock","14":"featured","15":"taxable","16":"shipping-taxable","17":"purchasable","18":"product-type-simple"},"_links":{"self":[{"href":"https:\/\/abinox-chr-clim.com\/index.php\/wp-json\/wp\/v2\/product\/111527","targetHints":{"allow":["GET"]}}],"collection":[{"href":"https:\/\/abinox-chr-clim.com\/index.php\/wp-json\/wp\/v2\/product"}],"about":[{"href":"https:\/\/abinox-chr-clim.com\/index.php\/wp-json\/wp\/v2\/types\/product"}],"replies":[{"embeddable":true,"href":"https:\/\/abinox-chr-clim.com\/index.php\/wp-json\/wp\/v2\/comments?post=111527"}],"wp:featuredmedia":[{"embeddable":true,"href":"https:\/\/abinox-chr-clim.com\/index.php\/wp-json\/wp\/v2\/media\/106292"}],"wp:attachment":[{"href":"https:\/\/abinox-chr-clim.com\/index.php\/wp-json\/wp\/v2\/media?parent=111527"}],"wp:term":[{"taxonomy":"product_brand","embeddable":true,"href":"https:\/\/abinox-chr-clim.com\/index.php\/wp-json\/wp\/v2\/product_brand?post=111527"},{"taxonomy":"product_cat","embeddable":true,"href":"https:\/\/abinox-chr-clim.com\/index.php\/wp-json\/wp\/v2\/product_cat?post=111527"},{"taxonomy":"product_tag","embeddable":true,"href":"https:\/\/abinox-chr-clim.com\/index.php\/wp-json\/wp\/v2\/product_tag?post=111527"}],"curies":[{"name":"wp","href":"https:\/\/api.w.org\/{rel}","templated":true}]}}