{"id":111520,"date":"2025-05-29T12:42:53","date_gmt":"2025-05-29T10:42:53","guid":{"rendered":"https:\/\/abinox-chr-clim.com\/index.php\/product\/tete-serpilliere-a-franges-jantex-bande-rouge-200g\/"},"modified":"2026-04-14T11:32:04","modified_gmt":"2026-04-14T09:32:04","slug":"tete-serpilliere-a-franges-jantex-bande-rouge-200g","status":"publish","type":"product","link":"https:\/\/abinox-chr-clim.com\/index.php\/product\/tete-serpilliere-a-franges-jantex-bande-rouge-200g\/","title":{"rendered":"T\u00eate serpilli\u00e8re \u00e0 franges Jantex bande rouge 200g"},"content":{"rendered":"<p>Simplifiez votre routine de nettoyage avec les serpilli\u00e8res Jantex. Con\u00e7ues avec un fil long et absorbant, ces t\u00eates serpilli\u00e8res \u00e0 franges couvrent bien le sol, ce qui rend l&rsquo;entretien des sols rapide et efficace. Choisissez parmi plusieurs couleurs pour appliquer votre syst\u00e8me de nettoyage \u00e0 code couleur.<\/p>\n<p>\u2022 Enl\u00e8ve efficacement les taches tenaces et la salet\u00e9 des sols durs<br \/>\u2022 Bande rouge pour le nettoyage cod\u00e9 par couleur<br \/>\u2022 Compatible avec le manche \u00e0 balai Jantex (HX240) &#8211; vendu s\u00e9par\u00e9ment<\/p>\n<p><b><u>Caract\u00e9ristiques du produit :<\/u><\/b><br \/>\u2022 Dim. : 230(H) mm<br \/>\u2022 Mati\u00e8re : Polyester<br \/>\u2022 Poids : 200 g<br \/>\u2022 Couleur : Rouge.<\/p>\n","protected":false},"excerpt":{"rendered":"<p>Compatible avec le manche \u00e0 balai Jantex HX240<\/p>\n","protected":false},"featured_media":106814,"comment_status":"open","ping_status":"closed","template":"","meta":[],"product_brand":[],"product_cat":[1227,1297,1232,1216],"product_tag":[],"class_list":{"0":"post-111520","1":"product","2":"type-product","3":"status-publish","4":"has-post-thumbnail","6":"product_cat-nettoyage","7":"product_cat-non-palettisable","8":"product_cat-seaux-de-lavage-et-balais-brosse","9":"product_cat-usage-unique-et-entretien","10":"product_shipping_class-free-shipping","12":"first","13":"instock","14":"featured","15":"taxable","16":"shipping-taxable","17":"purchasable","18":"product-type-simple"},"_links":{"self":[{"href":"https:\/\/abinox-chr-clim.com\/index.php\/wp-json\/wp\/v2\/product\/111520","targetHints":{"allow":["GET"]}}],"collection":[{"href":"https:\/\/abinox-chr-clim.com\/index.php\/wp-json\/wp\/v2\/product"}],"about":[{"href":"https:\/\/abinox-chr-clim.com\/index.php\/wp-json\/wp\/v2\/types\/product"}],"replies":[{"embeddable":true,"href":"https:\/\/abinox-chr-clim.com\/index.php\/wp-json\/wp\/v2\/comments?post=111520"}],"wp:featuredmedia":[{"embeddable":true,"href":"https:\/\/abinox-chr-clim.com\/index.php\/wp-json\/wp\/v2\/media\/106814"}],"wp:attachment":[{"href":"https:\/\/abinox-chr-clim.com\/index.php\/wp-json\/wp\/v2\/media?parent=111520"}],"wp:term":[{"taxonomy":"product_brand","embeddable":true,"href":"https:\/\/abinox-chr-clim.com\/index.php\/wp-json\/wp\/v2\/product_brand?post=111520"},{"taxonomy":"product_cat","embeddable":true,"href":"https:\/\/abinox-chr-clim.com\/index.php\/wp-json\/wp\/v2\/product_cat?post=111520"},{"taxonomy":"product_tag","embeddable":true,"href":"https:\/\/abinox-chr-clim.com\/index.php\/wp-json\/wp\/v2\/product_tag?post=111520"}],"curies":[{"name":"wp","href":"https:\/\/api.w.org\/{rel}","templated":true}]}}