{"id":111519,"date":"2025-05-29T12:42:51","date_gmt":"2025-05-29T10:42:51","guid":{"rendered":"https:\/\/abinox-chr-clim.com\/index.php\/product\/tete-serpilliere-a-franges-kentucky-jantex-bleue-450g\/"},"modified":"2026-04-14T11:32:03","modified_gmt":"2026-04-14T09:32:03","slug":"tete-serpilliere-a-franges-kentucky-jantex-bleue-450g","status":"publish","type":"product","link":"https:\/\/abinox-chr-clim.com\/index.php\/product\/tete-serpilliere-a-franges-kentucky-jantex-bleue-450g\/","title":{"rendered":"T\u00eate serpilli\u00e8re \u00e0 franges Kentucky Jantex bleue 450g"},"content":{"rendered":"<p>Rationalisez le nettoyage avec les t\u00eates serpilli\u00e8res \u00e0 franges Kentucky Jantex. Gr\u00e2ce \u00e0 leurs longues franges et \u00e0 leur grande capacit\u00e9 d&rsquo;absorption, ces t\u00eates serpilli\u00e8res offrent une excellente couverture de nettoyage. Plusieurs coloris disponibles pour simplifier le nettoyage par code couleur.<\/p>\n<p>\u2022 Absorbe facilement les d\u00e9versements et nettoie les sols rapidement et efficacement<br \/>\u2022 La couleur bleue permet l&rsquo;utilisation dans un syst\u00e8me de nettoyage cod\u00e9 par couleur<br \/>\u2022 Franges en polyester \u00e9pais tr\u00e8s absorbant<br \/>\u2022 T\u00eate large couvrant de grandes surfaces<br \/>\u2022 Compatible avec le manche \u00e0 balai Jantex (HX240) &#8211; vendu s\u00e9par\u00e9ment<\/p>\n<p><b><u>Caract\u00e9ristiques du produit :<\/u><\/b><br \/>\u2022 Dim. : 330(H) mm<br \/>\u2022 Mati\u00e8re : Polyester<br \/>\u2022 Poids : 450 g<br \/>\u2022 Couleur : Bleu.<\/p>\n","protected":false},"excerpt":{"rendered":"<p>Compatible avec le manche \u00e0 balai Jantex HX240<\/p>\n","protected":false},"featured_media":109116,"comment_status":"open","ping_status":"closed","template":"","meta":[],"product_brand":[],"product_cat":[1227,1297,1232,1216],"product_tag":[],"class_list":{"0":"post-111519","1":"product","2":"type-product","3":"status-publish","4":"has-post-thumbnail","6":"product_cat-nettoyage","7":"product_cat-non-palettisable","8":"product_cat-seaux-de-lavage-et-balais-brosse","9":"product_cat-usage-unique-et-entretien","10":"product_shipping_class-free-shipping","12":"first","13":"instock","14":"featured","15":"taxable","16":"shipping-taxable","17":"purchasable","18":"product-type-simple"},"_links":{"self":[{"href":"https:\/\/abinox-chr-clim.com\/index.php\/wp-json\/wp\/v2\/product\/111519","targetHints":{"allow":["GET"]}}],"collection":[{"href":"https:\/\/abinox-chr-clim.com\/index.php\/wp-json\/wp\/v2\/product"}],"about":[{"href":"https:\/\/abinox-chr-clim.com\/index.php\/wp-json\/wp\/v2\/types\/product"}],"replies":[{"embeddable":true,"href":"https:\/\/abinox-chr-clim.com\/index.php\/wp-json\/wp\/v2\/comments?post=111519"}],"wp:featuredmedia":[{"embeddable":true,"href":"https:\/\/abinox-chr-clim.com\/index.php\/wp-json\/wp\/v2\/media\/109116"}],"wp:attachment":[{"href":"https:\/\/abinox-chr-clim.com\/index.php\/wp-json\/wp\/v2\/media?parent=111519"}],"wp:term":[{"taxonomy":"product_brand","embeddable":true,"href":"https:\/\/abinox-chr-clim.com\/index.php\/wp-json\/wp\/v2\/product_brand?post=111519"},{"taxonomy":"product_cat","embeddable":true,"href":"https:\/\/abinox-chr-clim.com\/index.php\/wp-json\/wp\/v2\/product_cat?post=111519"},{"taxonomy":"product_tag","embeddable":true,"href":"https:\/\/abinox-chr-clim.com\/index.php\/wp-json\/wp\/v2\/product_tag?post=111519"}],"curies":[{"name":"wp","href":"https:\/\/api.w.org\/{rel}","templated":true}]}}