{"id":111515,"date":"2025-05-29T12:42:42","date_gmt":"2025-05-29T10:42:42","guid":{"rendered":"https:\/\/abinox-chr-clim.com\/index.php\/product\/manche-pour-tete-de-balai-serpilliere-jantex\/"},"modified":"2026-04-14T11:31:10","modified_gmt":"2026-04-14T09:31:10","slug":"manche-pour-tete-de-balai-serpilliere-jantex","status":"publish","type":"product","link":"https:\/\/abinox-chr-clim.com\/index.php\/product\/manche-pour-tete-de-balai-serpilliere-jantex\/","title":{"rendered":"Manche pour t\u00eate de balai serpilli\u00e8re Jantex"},"content":{"rendered":"<p>Assurez un nettoyage efficace avec le manche Jantex. Con\u00e7u pour le confort et la durabilit\u00e9, il offre une prise s\u00fbre pour une manipulation facile et une utilisation durable. Con\u00e7u pour une fixation rapide sur les t\u00eates de balai Jantex.<\/p>\n<p>\u2022 Compatible avec toutes les nouvelles t\u00eates de balai serpilli\u00e8res Jantex &#8211; vendues s\u00e9par\u00e9ment<br \/>\u2022 R\u00e9duit le besoin de plusieurs balais enti\u00e8rement assembl\u00e9s, \u00e9conomisant de l&rsquo;espace dans les placards<br \/>\u2022 Le manche peut \u00eatre d\u00e9mont\u00e9 en trois parties pour un rangement compact<br \/>\u2022 Facile \u00e0 assembler en vissant les parties ensemble lorsque n\u00e9cessaire<br \/>\u2022 L\u00e9ger et surface rainur\u00e9e pour le confort lors d&rsquo;une utilisation prolong\u00e9e<\/p>\n<p><b><u>Caract\u00e9ristiques du produit :<\/u><\/b><br \/>\u2022 Dim. : 1240(H) x 21(L) mm<br \/>\u2022 Mati\u00e8re : Inox<br \/>\u2022 Couleur : Argent.<\/p>\n","protected":false},"excerpt":{"rendered":"<p>Longueur : 1240mm. Convient aux t\u00eates de balai serpilli\u00e8res Jantex<\/p>\n","protected":false},"featured_media":109113,"comment_status":"open","ping_status":"closed","template":"","meta":[],"product_brand":[],"product_cat":[1227,1297,1232,1216],"product_tag":[],"class_list":{"0":"post-111515","1":"product","2":"type-product","3":"status-publish","4":"has-post-thumbnail","6":"product_cat-nettoyage","7":"product_cat-non-palettisable","8":"product_cat-seaux-de-lavage-et-balais-brosse","9":"product_cat-usage-unique-et-entretien","10":"product_shipping_class-free-shipping","12":"first","13":"instock","14":"featured","15":"taxable","16":"shipping-taxable","17":"purchasable","18":"product-type-simple"},"_links":{"self":[{"href":"https:\/\/abinox-chr-clim.com\/index.php\/wp-json\/wp\/v2\/product\/111515","targetHints":{"allow":["GET"]}}],"collection":[{"href":"https:\/\/abinox-chr-clim.com\/index.php\/wp-json\/wp\/v2\/product"}],"about":[{"href":"https:\/\/abinox-chr-clim.com\/index.php\/wp-json\/wp\/v2\/types\/product"}],"replies":[{"embeddable":true,"href":"https:\/\/abinox-chr-clim.com\/index.php\/wp-json\/wp\/v2\/comments?post=111515"}],"wp:featuredmedia":[{"embeddable":true,"href":"https:\/\/abinox-chr-clim.com\/index.php\/wp-json\/wp\/v2\/media\/109113"}],"wp:attachment":[{"href":"https:\/\/abinox-chr-clim.com\/index.php\/wp-json\/wp\/v2\/media?parent=111515"}],"wp:term":[{"taxonomy":"product_brand","embeddable":true,"href":"https:\/\/abinox-chr-clim.com\/index.php\/wp-json\/wp\/v2\/product_brand?post=111515"},{"taxonomy":"product_cat","embeddable":true,"href":"https:\/\/abinox-chr-clim.com\/index.php\/wp-json\/wp\/v2\/product_cat?post=111515"},{"taxonomy":"product_tag","embeddable":true,"href":"https:\/\/abinox-chr-clim.com\/index.php\/wp-json\/wp\/v2\/product_tag?post=111515"}],"curies":[{"name":"wp","href":"https:\/\/api.w.org\/{rel}","templated":true}]}}