{"id":111513,"date":"2025-05-29T12:42:38","date_gmt":"2025-05-29T10:42:38","guid":{"rendered":"https:\/\/abinox-chr-clim.com\/index.php\/product\/serpilliere-plate-en-microfibre-jantex-600mm\/"},"modified":"2026-04-14T11:30:17","modified_gmt":"2026-04-14T09:30:17","slug":"serpilliere-plate-en-microfibre-jantex-600mm","status":"publish","type":"product","link":"https:\/\/abinox-chr-clim.com\/index.php\/product\/serpilliere-plate-en-microfibre-jantex-600mm\/","title":{"rendered":"Serpilli\u00e8re plate en microfibre Jantex 600mm"},"content":{"rendered":"<p>Les t\u00eates de balai plates Jantex permettent d&rsquo;effectuer des nettoyages intensifs. Avec leurs serpilli\u00e8res en microfibres larges et absorbantes, ces t\u00eates de balai s&rsquo;attaquent efficacement aux d\u00e9versements et aux salissures difficiles &#8211; un choix fiable pour les zones tr\u00e8s fr\u00e9quent\u00e9es. La fixation rapide et facile de ces serpilli\u00e8res en fait le choix id\u00e9al pour les lieux o\u00f9 le rythme est soutenu.<\/p>\n<p>\u2022 G\u00e8re efficacement les grands d\u00e9versements avec un minimum d&rsquo;effort<br \/>\u2022 Mat\u00e9riau en microfibre absorbant r\u00e9duit le besoin de produits chimiques et d&rsquo;eau<br \/>\u2022 Fixation velcro pour une installation et un retrait faciles, ce qui facilite le lavage ou le remplacement<br \/>\u2022 \u00c9tiquettes cod\u00e9es par couleur permettant d&rsquo;assigner des zones sp\u00e9cifiques pour son utilisation<br \/>\u2022 Compatible avec la t\u00eate de balai plate HX237 600mm et le manche HX240 (vendus s\u00e9par\u00e9ment)<\/p>\n<p><b><u>Caract\u00e9ristiques du produit :<\/u><\/b><br \/>\u2022 Dim. : 5(H) x 660(L) x 135(P) mm<br \/>\u2022 Mati\u00e8re : Microfibre<br \/>\u2022 Couleur : Blanc.<\/p>\n","protected":false},"excerpt":{"rendered":"<p>Compatible avec la t\u00eate de balai plate HX237 600mm et le manche HX240<\/p>\n","protected":false},"featured_media":106813,"comment_status":"open","ping_status":"closed","template":"","meta":[],"product_brand":[],"product_cat":[1227,1297,1232,1216],"product_tag":[],"class_list":{"0":"post-111513","1":"product","2":"type-product","3":"status-publish","4":"has-post-thumbnail","6":"product_cat-nettoyage","7":"product_cat-non-palettisable","8":"product_cat-seaux-de-lavage-et-balais-brosse","9":"product_cat-usage-unique-et-entretien","10":"product_shipping_class-free-shipping","12":"first","13":"instock","14":"featured","15":"taxable","16":"shipping-taxable","17":"purchasable","18":"product-type-simple"},"_links":{"self":[{"href":"https:\/\/abinox-chr-clim.com\/index.php\/wp-json\/wp\/v2\/product\/111513","targetHints":{"allow":["GET"]}}],"collection":[{"href":"https:\/\/abinox-chr-clim.com\/index.php\/wp-json\/wp\/v2\/product"}],"about":[{"href":"https:\/\/abinox-chr-clim.com\/index.php\/wp-json\/wp\/v2\/types\/product"}],"replies":[{"embeddable":true,"href":"https:\/\/abinox-chr-clim.com\/index.php\/wp-json\/wp\/v2\/comments?post=111513"}],"wp:featuredmedia":[{"embeddable":true,"href":"https:\/\/abinox-chr-clim.com\/index.php\/wp-json\/wp\/v2\/media\/106813"}],"wp:attachment":[{"href":"https:\/\/abinox-chr-clim.com\/index.php\/wp-json\/wp\/v2\/media?parent=111513"}],"wp:term":[{"taxonomy":"product_brand","embeddable":true,"href":"https:\/\/abinox-chr-clim.com\/index.php\/wp-json\/wp\/v2\/product_brand?post=111513"},{"taxonomy":"product_cat","embeddable":true,"href":"https:\/\/abinox-chr-clim.com\/index.php\/wp-json\/wp\/v2\/product_cat?post=111513"},{"taxonomy":"product_tag","embeddable":true,"href":"https:\/\/abinox-chr-clim.com\/index.php\/wp-json\/wp\/v2\/product_tag?post=111513"}],"curies":[{"name":"wp","href":"https:\/\/api.w.org\/{rel}","templated":true}]}}