{"id":111512,"date":"2025-05-29T12:42:36","date_gmt":"2025-05-29T10:42:36","guid":{"rendered":"https:\/\/abinox-chr-clim.com\/index.php\/product\/tete-de-balai-plate-jantex-600mm\/"},"modified":"2026-04-14T11:30:17","modified_gmt":"2026-04-14T09:30:17","slug":"tete-de-balai-plate-jantex-600mm","status":"publish","type":"product","link":"https:\/\/abinox-chr-clim.com\/index.php\/product\/tete-de-balai-plate-jantex-600mm\/","title":{"rendered":"T\u00eate de balai plate Jantex 600mm"},"content":{"rendered":"<p>Les t\u00eates de balai plates Jantex permettent d&rsquo;effectuer des nettoyages intensifs. Avec leurs serpilli\u00e8res en microfibres larges et absorbantes, ces t\u00eates de balai s&rsquo;attaquent efficacement aux d\u00e9versements et aux salissures difficiles &#8211; un choix fiable pour les zones tr\u00e8s fr\u00e9quent\u00e9es. La fixation rapide et facile de ces serpilli\u00e8res en fait le choix id\u00e9al pour les lieux o\u00f9 le rythme est soutenu.<\/p>\n<p>\u2022 Compatible avec les serpilli\u00e8res microfibres HX238 600mm et le manche HX240 &#8211; tous deux vendus s\u00e9par\u00e9ment<br \/>\u2022 Il suffit de la visser dans le manche compatible pour un nettoyage rapide et efficace des d\u00e9versements<br \/>\u2022 \u00c9tiquettes cod\u00e9es par couleur disponibles sur la serpilli\u00e8re microfibre pour un nettoyage facile cod\u00e9 par couleur<br \/>\u2022 Conception l\u00e9g\u00e8re vous permettant de g\u00e9rer les gros d\u00e9versements et d\u00e9sordres avec un minimum d&rsquo;effort<br \/>\u2022 Parfait pour les locaux de petite \u00e0 moyenne taille qui doivent nettoyer les d\u00e9versements rapidement<\/p>\n<p><b><u>Caract\u00e9ristiques du produit :<\/u><\/b><br \/>\u2022 Dim. : 5(H) x 600(L) x 90(P) mm<br \/>\u2022 Mati\u00e8re : Aluminium<br \/>\u2022 Couleur : Blanc.<\/p>\n","protected":false},"excerpt":{"rendered":"<p>Compatible avec les serpilli\u00e8res microfibres HX238 600mm et le manche HX240<\/p>\n","protected":false},"featured_media":105725,"comment_status":"open","ping_status":"closed","template":"","meta":[],"product_brand":[],"product_cat":[1227,1297,1232,1216],"product_tag":[],"class_list":{"0":"post-111512","1":"product","2":"type-product","3":"status-publish","4":"has-post-thumbnail","6":"product_cat-nettoyage","7":"product_cat-non-palettisable","8":"product_cat-seaux-de-lavage-et-balais-brosse","9":"product_cat-usage-unique-et-entretien","10":"product_shipping_class-free-shipping","12":"first","13":"instock","14":"featured","15":"taxable","16":"shipping-taxable","17":"purchasable","18":"product-type-simple"},"_links":{"self":[{"href":"https:\/\/abinox-chr-clim.com\/index.php\/wp-json\/wp\/v2\/product\/111512","targetHints":{"allow":["GET"]}}],"collection":[{"href":"https:\/\/abinox-chr-clim.com\/index.php\/wp-json\/wp\/v2\/product"}],"about":[{"href":"https:\/\/abinox-chr-clim.com\/index.php\/wp-json\/wp\/v2\/types\/product"}],"replies":[{"embeddable":true,"href":"https:\/\/abinox-chr-clim.com\/index.php\/wp-json\/wp\/v2\/comments?post=111512"}],"wp:featuredmedia":[{"embeddable":true,"href":"https:\/\/abinox-chr-clim.com\/index.php\/wp-json\/wp\/v2\/media\/105725"}],"wp:attachment":[{"href":"https:\/\/abinox-chr-clim.com\/index.php\/wp-json\/wp\/v2\/media?parent=111512"}],"wp:term":[{"taxonomy":"product_brand","embeddable":true,"href":"https:\/\/abinox-chr-clim.com\/index.php\/wp-json\/wp\/v2\/product_brand?post=111512"},{"taxonomy":"product_cat","embeddable":true,"href":"https:\/\/abinox-chr-clim.com\/index.php\/wp-json\/wp\/v2\/product_cat?post=111512"},{"taxonomy":"product_tag","embeddable":true,"href":"https:\/\/abinox-chr-clim.com\/index.php\/wp-json\/wp\/v2\/product_tag?post=111512"}],"curies":[{"name":"wp","href":"https:\/\/api.w.org\/{rel}","templated":true}]}}