{"id":111510,"date":"2025-05-29T12:42:32","date_gmt":"2025-05-29T10:42:32","guid":{"rendered":"https:\/\/abinox-chr-clim.com\/index.php\/product\/tete-de-balai-plate-jantex-400mm\/"},"modified":"2026-04-14T11:30:15","modified_gmt":"2026-04-14T09:30:15","slug":"tete-de-balai-plate-jantex-400mm","status":"publish","type":"product","link":"https:\/\/abinox-chr-clim.com\/index.php\/product\/tete-de-balai-plate-jantex-400mm\/","title":{"rendered":"T\u00eate de balai plate Jantex 400mm"},"content":{"rendered":"<p>Les t\u00eates de balai plates Jantex permettent d&rsquo;effectuer des nettoyages intensifs. Avec leurs serpilli\u00e8res en microfibres larges et absorbantes, ces t\u00eates de balai s&rsquo;attaquent efficacement aux d\u00e9versements et aux salissures difficiles &#8211; un choix fiable pour les zones tr\u00e8s fr\u00e9quent\u00e9es. La fixation rapide et facile de ces serpilli\u00e8res en fait le choix id\u00e9al pour les lieux o\u00f9 le rythme est soutenu.<\/p>\n<p>\u2022 Permet au personnel de g\u00e9rer de grandes quantit\u00e9s de d\u00e9versements et de d\u00e9sordres avec un effort minimal<br \/>\u2022 Largeur de 400mm id\u00e9ale pour les \u00e9tablissements de petite \u00e0 moyenne taille<br \/>\u2022 Il suffit de la visser sur le manche compatible pour un nettoyage efficace des d\u00e9versements<br \/>\u2022 Conception l\u00e9g\u00e8re pour un nettoyage rapide et efficace<br \/>\u2022 Compatible avec les serpilli\u00e8res microfibre Jantex (HX236) et le manche \u00e0 balai (HX240), vendus s\u00e9par\u00e9ment<\/p>\n<p><b><u>Caract\u00e9ristiques du produit :<\/u><\/b><br \/>\u2022 Dim. : 5(H) x 400(L) x 90(P) mm<br \/>\u2022 Mati\u00e8re : Aluminium<br \/>\u2022 Couleur : Blanc.<\/p>\n","protected":false},"excerpt":{"rendered":"<p>Compatible avec les serpilli\u00e8res en microfibre Jantex 400mm (HX236) et le manche \u00e0 balai HX240 (HX240)<\/p>\n","protected":false},"featured_media":109110,"comment_status":"open","ping_status":"closed","template":"","meta":[],"product_brand":[],"product_cat":[1227,1297,1232,1216],"product_tag":[],"class_list":{"0":"post-111510","1":"product","2":"type-product","3":"status-publish","4":"has-post-thumbnail","6":"product_cat-nettoyage","7":"product_cat-non-palettisable","8":"product_cat-seaux-de-lavage-et-balais-brosse","9":"product_cat-usage-unique-et-entretien","10":"product_shipping_class-free-shipping","12":"first","13":"instock","14":"featured","15":"taxable","16":"shipping-taxable","17":"purchasable","18":"product-type-simple"},"_links":{"self":[{"href":"https:\/\/abinox-chr-clim.com\/index.php\/wp-json\/wp\/v2\/product\/111510","targetHints":{"allow":["GET"]}}],"collection":[{"href":"https:\/\/abinox-chr-clim.com\/index.php\/wp-json\/wp\/v2\/product"}],"about":[{"href":"https:\/\/abinox-chr-clim.com\/index.php\/wp-json\/wp\/v2\/types\/product"}],"replies":[{"embeddable":true,"href":"https:\/\/abinox-chr-clim.com\/index.php\/wp-json\/wp\/v2\/comments?post=111510"}],"wp:featuredmedia":[{"embeddable":true,"href":"https:\/\/abinox-chr-clim.com\/index.php\/wp-json\/wp\/v2\/media\/109110"}],"wp:attachment":[{"href":"https:\/\/abinox-chr-clim.com\/index.php\/wp-json\/wp\/v2\/media?parent=111510"}],"wp:term":[{"taxonomy":"product_brand","embeddable":true,"href":"https:\/\/abinox-chr-clim.com\/index.php\/wp-json\/wp\/v2\/product_brand?post=111510"},{"taxonomy":"product_cat","embeddable":true,"href":"https:\/\/abinox-chr-clim.com\/index.php\/wp-json\/wp\/v2\/product_cat?post=111510"},{"taxonomy":"product_tag","embeddable":true,"href":"https:\/\/abinox-chr-clim.com\/index.php\/wp-json\/wp\/v2\/product_tag?post=111510"}],"curies":[{"name":"wp","href":"https:\/\/api.w.org\/{rel}","templated":true}]}}