{"id":111509,"date":"2025-05-29T12:42:30","date_gmt":"2025-05-29T10:42:30","guid":{"rendered":"https:\/\/abinox-chr-clim.com\/index.php\/product\/petits-tampons-a-recurer-jantex-verts-lot-de-10\/"},"modified":"2026-04-14T11:26:38","modified_gmt":"2026-04-14T09:26:38","slug":"petits-tampons-a-recurer-jantex-verts-lot-de-10","status":"publish","type":"product","link":"https:\/\/abinox-chr-clim.com\/index.php\/product\/petits-tampons-a-recurer-jantex-verts-lot-de-10\/","title":{"rendered":"Petits tampons \u00e0 r\u00e9curer Jantex verts (lot de 10)"},"content":{"rendered":"<p>Tampon \u00e0 r\u00e9curer Jantex petit &#8211; Vert<\/p>\n<p>\u2022 Id\u00e9al pour garder surfaces et appareils propres et hygi\u00e9niques<br \/>\u2022 Tr\u00e8s abrasif pour le r\u00e9curage intensif des surfaces et ustensiles de cuisine<br \/>\u2022 Durable et r\u00e9utilisable; rincer apr\u00e8s l&rsquo;utilisation<br \/>\u2022 Pour une taille plus grande, voir le code HX233<\/p>\n<p><b><u>Caract\u00e9ristiques du produit :<\/u><\/b><br \/>\u2022 Lot : 10.0<br \/>\u2022 Dim. : 110(P) x 151(L)mm<br \/>\u2022 Mati\u00e8re : Polyester<br \/>\u2022 Couleur : Vert.<\/p>\n","protected":false},"excerpt":{"rendered":"<p>110(P)x151(P)mm. Quantit\u00e9 par paquet: 10<\/p>\n","protected":false},"featured_media":109109,"comment_status":"open","ping_status":"closed","template":"","meta":[],"product_brand":[],"product_cat":[1227,1297,1232,1216],"product_tag":[],"class_list":{"0":"post-111509","1":"product","2":"type-product","3":"status-publish","4":"has-post-thumbnail","6":"product_cat-nettoyage","7":"product_cat-non-palettisable","8":"product_cat-seaux-de-lavage-et-balais-brosse","9":"product_cat-usage-unique-et-entretien","10":"product_shipping_class-free-shipping","12":"first","13":"instock","14":"featured","15":"taxable","16":"shipping-taxable","17":"purchasable","18":"product-type-simple"},"_links":{"self":[{"href":"https:\/\/abinox-chr-clim.com\/index.php\/wp-json\/wp\/v2\/product\/111509","targetHints":{"allow":["GET"]}}],"collection":[{"href":"https:\/\/abinox-chr-clim.com\/index.php\/wp-json\/wp\/v2\/product"}],"about":[{"href":"https:\/\/abinox-chr-clim.com\/index.php\/wp-json\/wp\/v2\/types\/product"}],"replies":[{"embeddable":true,"href":"https:\/\/abinox-chr-clim.com\/index.php\/wp-json\/wp\/v2\/comments?post=111509"}],"wp:featuredmedia":[{"embeddable":true,"href":"https:\/\/abinox-chr-clim.com\/index.php\/wp-json\/wp\/v2\/media\/109109"}],"wp:attachment":[{"href":"https:\/\/abinox-chr-clim.com\/index.php\/wp-json\/wp\/v2\/media?parent=111509"}],"wp:term":[{"taxonomy":"product_brand","embeddable":true,"href":"https:\/\/abinox-chr-clim.com\/index.php\/wp-json\/wp\/v2\/product_brand?post=111509"},{"taxonomy":"product_cat","embeddable":true,"href":"https:\/\/abinox-chr-clim.com\/index.php\/wp-json\/wp\/v2\/product_cat?post=111509"},{"taxonomy":"product_tag","embeddable":true,"href":"https:\/\/abinox-chr-clim.com\/index.php\/wp-json\/wp\/v2\/product_tag?post=111509"}],"curies":[{"name":"wp","href":"https:\/\/api.w.org\/{rel}","templated":true}]}}