{"id":111471,"date":"2025-05-29T12:41:07","date_gmt":"2025-05-29T10:41:07","guid":{"rendered":"https:\/\/abinox-chr-clim.com\/index.php\/product\/crackers-de-noel-sans-plastique-fiesta-recyclable-30cm-lot-de-25\/"},"modified":"2026-04-14T11:26:21","modified_gmt":"2026-04-14T09:26:21","slug":"crackers-de-noel-sans-plastique-fiesta-recyclable-30cm-lot-de-25","status":"publish","type":"product","link":"https:\/\/abinox-chr-clim.com\/index.php\/product\/crackers-de-noel-sans-plastique-fiesta-recyclable-30cm-lot-de-25\/","title":{"rendered":"Crackers de No\u00ebl sans plastique Fiesta Recyclable 30cm (lot de 25)"},"content":{"rendered":"<p>Ces crackers de No\u00ebl Fiesta recyclables de 12 pouces de qualit\u00e9 sup\u00e9rieure apportent une ambiance festive \u00e0 toute table. Vendus par paquet de 25, ils sont parfaits pour les restaurants ou comme d\u00e9corations de table pour les r\u00e9unions et les f\u00eates. Le contenu sans plastique contribue \u00e0 r\u00e9duire l&rsquo;impact environnemental, tandis que le design vert, rouge et or ajoute une touche saisonni\u00e8re \u00e0 vos tables, donnant \u00e0 vos invit\u00e9s le sentiment de No\u00ebl qu&rsquo;ils recherchent.Ces crackers Fiesta sans plastique sont \u00e9galement disponibles en taille plus petite de 9 pouces &#8211; voir code DH930.<\/p>\n<p>\u2022 Fabriqu\u00e9 \u00e0 partir de mat\u00e9riaux sans plastique<br \/>\u2022 La quantit\u00e9 par lot assure un approvisionnement pour plusieurs services<br \/>\u2022 Contient un chapeau et une blague<br \/>\u2022 Les couleurs vertes et rouges ajoutent un aspect festif \u00e0 vos tables<br \/>\u2022 Les motifs de houx ajoutent une touche suppl\u00e9mentaire rappelant No\u00ebl<br \/>\u2022 Les crackers sont \u00e9galement disponibles en tailles plus petites de 23cm &#8211; voir code DH930<\/p>\n<p><b><u>Caract\u00e9ristiques du produit :<\/u><\/b><br \/>\u2022 Lot : 25.0<br \/>\u2022 Mati\u00e8re : Papier.<\/p>\n","protected":false},"excerpt":{"rendered":"<p>Quantit\u00e9 du paquet : 25<\/p>\n","protected":false},"featured_media":109094,"comment_status":"open","ping_status":"closed","template":"","meta":[],"product_brand":[],"product_cat":[1277,1297],"product_tag":[],"class_list":{"0":"post-111471","1":"product","2":"type-product","3":"status-publish","4":"has-post-thumbnail","6":"product_cat-divers-principal","7":"product_cat-non-palettisable","8":"product_shipping_class-free-shipping","10":"first","11":"instock","12":"featured","13":"taxable","14":"shipping-taxable","15":"purchasable","16":"product-type-simple"},"_links":{"self":[{"href":"https:\/\/abinox-chr-clim.com\/index.php\/wp-json\/wp\/v2\/product\/111471","targetHints":{"allow":["GET"]}}],"collection":[{"href":"https:\/\/abinox-chr-clim.com\/index.php\/wp-json\/wp\/v2\/product"}],"about":[{"href":"https:\/\/abinox-chr-clim.com\/index.php\/wp-json\/wp\/v2\/types\/product"}],"replies":[{"embeddable":true,"href":"https:\/\/abinox-chr-clim.com\/index.php\/wp-json\/wp\/v2\/comments?post=111471"}],"wp:featuredmedia":[{"embeddable":true,"href":"https:\/\/abinox-chr-clim.com\/index.php\/wp-json\/wp\/v2\/media\/109094"}],"wp:attachment":[{"href":"https:\/\/abinox-chr-clim.com\/index.php\/wp-json\/wp\/v2\/media?parent=111471"}],"wp:term":[{"taxonomy":"product_brand","embeddable":true,"href":"https:\/\/abinox-chr-clim.com\/index.php\/wp-json\/wp\/v2\/product_brand?post=111471"},{"taxonomy":"product_cat","embeddable":true,"href":"https:\/\/abinox-chr-clim.com\/index.php\/wp-json\/wp\/v2\/product_cat?post=111471"},{"taxonomy":"product_tag","embeddable":true,"href":"https:\/\/abinox-chr-clim.com\/index.php\/wp-json\/wp\/v2\/product_tag?post=111471"}],"curies":[{"name":"wp","href":"https:\/\/api.w.org\/{rel}","templated":true}]}}