{"id":111470,"date":"2025-05-29T12:41:05","date_gmt":"2025-05-29T10:41:05","guid":{"rendered":"https:\/\/abinox-chr-clim.com\/index.php\/product\/vitrine-chauffante-nisbets-essentials-82l\/"},"modified":"2026-04-15T10:47:18","modified_gmt":"2026-04-15T08:47:18","slug":"vitrine-chauffante-nisbets-essentials-82l","status":"publish","type":"product","link":"https:\/\/abinox-chr-clim.com\/index.php\/product\/vitrine-chauffante-nisbets-essentials-82l\/","title":{"rendered":"Vitrine chauffante Nisbets Essentials 82L"},"content":{"rendered":"<p>Vitrine chauffante grande capacit\u00e9 avec portes coulissantes \u00e0 l&rsquo;arri\u00e8re et \u00e9tag\u00e8res amovibles. Contr\u00f4les de temp\u00e9rature r\u00e9glables pour \u00e9viter que les aliments ne br\u00fblent ou ne s\u00e8chent.<\/p>\n<p>\u2022 Contr\u00f4leur de temp\u00e9rature r\u00e9glable 30-90 degr\u00e9s<br \/>\u2022 \u00c9clairage int\u00e9rieur LED brillant sur les c\u00f4t\u00e9s<br \/>\u2022 Verre incurv\u00e9 \u00e9l\u00e9gant en fa\u00e7ade<br \/>\u2022 Acc\u00e8s \u00e0 la porte coulissante arri\u00e8re<br \/>\u2022 Etag\u00e8res chrom\u00e9es robustes<\/p>\n<p><b><u>Caract\u00e9ristiques du produit :<\/u><\/b><br \/>\u2022 Dim. : 500(H) x 554(L) x 458(P) mm<br \/>\u2022 Voltage : 220-240V<br \/>\u2022 Poids : 22 kg<br \/>\u2022 Couleur : Noir.<\/p>\n","protected":false},"excerpt":{"rendered":"<p>800W. Largeur : 554mm<\/p>\n","protected":false},"featured_media":107708,"comment_status":"open","ping_status":"closed","template":"","meta":[],"product_brand":[],"product_cat":[1199,1160,1297,1197],"product_tag":[],"class_list":{"0":"post-111470","1":"product","2":"type-product","3":"status-publish","4":"has-post-thumbnail","6":"product_cat-buffet-chaud","7":"product_cat-materiel-electrique-et-de-cuisson","8":"product_cat-non-palettisable","9":"product_cat-service-presentation","10":"product_shipping_class-free-shipping","12":"first","13":"instock","14":"featured","15":"taxable","16":"shipping-taxable","17":"purchasable","18":"product-type-simple"},"_links":{"self":[{"href":"https:\/\/abinox-chr-clim.com\/index.php\/wp-json\/wp\/v2\/product\/111470","targetHints":{"allow":["GET"]}}],"collection":[{"href":"https:\/\/abinox-chr-clim.com\/index.php\/wp-json\/wp\/v2\/product"}],"about":[{"href":"https:\/\/abinox-chr-clim.com\/index.php\/wp-json\/wp\/v2\/types\/product"}],"replies":[{"embeddable":true,"href":"https:\/\/abinox-chr-clim.com\/index.php\/wp-json\/wp\/v2\/comments?post=111470"}],"wp:featuredmedia":[{"embeddable":true,"href":"https:\/\/abinox-chr-clim.com\/index.php\/wp-json\/wp\/v2\/media\/107708"}],"wp:attachment":[{"href":"https:\/\/abinox-chr-clim.com\/index.php\/wp-json\/wp\/v2\/media?parent=111470"}],"wp:term":[{"taxonomy":"product_brand","embeddable":true,"href":"https:\/\/abinox-chr-clim.com\/index.php\/wp-json\/wp\/v2\/product_brand?post=111470"},{"taxonomy":"product_cat","embeddable":true,"href":"https:\/\/abinox-chr-clim.com\/index.php\/wp-json\/wp\/v2\/product_cat?post=111470"},{"taxonomy":"product_tag","embeddable":true,"href":"https:\/\/abinox-chr-clim.com\/index.php\/wp-json\/wp\/v2\/product_tag?post=111470"}],"curies":[{"name":"wp","href":"https:\/\/api.w.org\/{rel}","templated":true}]}}