{"id":111468,"date":"2025-05-29T12:41:00","date_gmt":"2025-05-29T10:41:00","guid":{"rendered":"https:\/\/abinox-chr-clim.com\/index.php\/product\/vitrine-chauffante-portes-avant-et-arriere-buffalo-96l\/"},"modified":"2026-04-15T10:55:30","modified_gmt":"2026-04-15T08:55:30","slug":"vitrine-chauffante-portes-avant-et-arriere-buffalo-96l","status":"publish","type":"product","link":"https:\/\/abinox-chr-clim.com\/index.php\/product\/vitrine-chauffante-portes-avant-et-arriere-buffalo-96l\/","title":{"rendered":"Vitrine chauffante portes avant et arriere Buffalo 96L"},"content":{"rendered":"<p>Pr\u00e9sentoir fiable pour aliments chauds avec portes coulissantes \u00e0 l&rsquo;avant et \u00e0 l&rsquo;arri\u00e8re pour les zones de libre-service ou de service assist\u00e9. Commandes de temp\u00e9rature \u00e0 cadran faciles \u00e0 utiliser et \u00e9tag\u00e8res r\u00e9glables polyvalentes.<\/p>\n<p>\u2022 Visibilit\u00e9 totale du contenu<br \/>\u2022 Contr\u00f4le de temp\u00e9rature r\u00e9glable 30-90\u00b0C<br \/>\u2022 \u00c9tag\u00e8res r\u00e9glables en chrome<br \/>\u2022 Portes coulissantes avant et arri\u00e8re pour un acc\u00e8s facile<br \/>\u2022 \u00c9clairage int\u00e9rieur attrayant mettant en valeur le contenu<\/p>\n<p><b><u>Caract\u00e9ristiques du produit :<\/u><\/b><br \/>\u2022 Dim. : 662,5(H) x 574,5(L) x 484(P) mm<br \/>\u2022 Voltage : 220-240V<br \/>\u2022 Poids : 33,5 kg<br \/>\u2022 Couleur : Gris.<\/p>\n","protected":false},"excerpt":{"rendered":"<p>1kW. Largeur : 574mm. Portes coulissantes<\/p>\n","protected":false},"featured_media":106285,"comment_status":"open","ping_status":"closed","template":"","meta":[],"product_brand":[],"product_cat":[1199,1160,1297,1197],"product_tag":[],"class_list":{"0":"post-111468","1":"product","2":"type-product","3":"status-publish","4":"has-post-thumbnail","6":"product_cat-buffet-chaud","7":"product_cat-materiel-electrique-et-de-cuisson","8":"product_cat-non-palettisable","9":"product_cat-service-presentation","10":"product_shipping_class-free-shipping","12":"first","13":"instock","14":"featured","15":"taxable","16":"shipping-taxable","17":"purchasable","18":"product-type-simple"},"_links":{"self":[{"href":"https:\/\/abinox-chr-clim.com\/index.php\/wp-json\/wp\/v2\/product\/111468","targetHints":{"allow":["GET"]}}],"collection":[{"href":"https:\/\/abinox-chr-clim.com\/index.php\/wp-json\/wp\/v2\/product"}],"about":[{"href":"https:\/\/abinox-chr-clim.com\/index.php\/wp-json\/wp\/v2\/types\/product"}],"replies":[{"embeddable":true,"href":"https:\/\/abinox-chr-clim.com\/index.php\/wp-json\/wp\/v2\/comments?post=111468"}],"wp:featuredmedia":[{"embeddable":true,"href":"https:\/\/abinox-chr-clim.com\/index.php\/wp-json\/wp\/v2\/media\/106285"}],"wp:attachment":[{"href":"https:\/\/abinox-chr-clim.com\/index.php\/wp-json\/wp\/v2\/media?parent=111468"}],"wp:term":[{"taxonomy":"product_brand","embeddable":true,"href":"https:\/\/abinox-chr-clim.com\/index.php\/wp-json\/wp\/v2\/product_brand?post=111468"},{"taxonomy":"product_cat","embeddable":true,"href":"https:\/\/abinox-chr-clim.com\/index.php\/wp-json\/wp\/v2\/product_cat?post=111468"},{"taxonomy":"product_tag","embeddable":true,"href":"https:\/\/abinox-chr-clim.com\/index.php\/wp-json\/wp\/v2\/product_tag?post=111468"}],"curies":[{"name":"wp","href":"https:\/\/api.w.org\/{rel}","templated":true}]}}