{"id":111466,"date":"2025-05-29T12:40:56","date_gmt":"2025-05-29T10:40:56","guid":{"rendered":"https:\/\/abinox-chr-clim.com\/index.php\/product\/vitrine-chauffante-inclinee-a-glissiere-buffalo-2-etageres\/"},"modified":"2026-04-15T10:55:27","modified_gmt":"2026-04-15T08:55:27","slug":"vitrine-chauffante-inclinee-a-glissiere-buffalo-2-etageres","status":"publish","type":"product","link":"https:\/\/abinox-chr-clim.com\/index.php\/product\/vitrine-chauffante-inclinee-a-glissiere-buffalo-2-etageres\/","title":{"rendered":"Vitrine chauffante inclin\u00e9e \u00e0 glissi\u00e8re Buffalo 2 \u00e9tag\u00e8res"},"content":{"rendered":"<p>Parfait pour optimiser l&rsquo;efficacit\u00e9 entre les zones de salle et de cuisine. Ouvertures avant et arri\u00e8re pour faciliter l&rsquo;acc\u00e8s, avec des commandes ind\u00e9pendantes pour l&rsquo;\u00e9clairage et le chauffage de chaque \u00e9tag\u00e8re. Id\u00e9al pour les plats \u00e0 emporter.<\/p>\n<p>\u2022 C\u00f4t\u00e9s en verre tremp\u00e9 r\u00e9sistant<br \/>\u2022 Contr\u00f4les de chaleur et de lumi\u00e8re ind\u00e9pendants pour chaque \u00e9tag\u00e8re<br \/>\u2022 Contr\u00f4leur de temp\u00e9rature r\u00e9glable 30-90\u00b0C par \u00e9tag\u00e8re<br \/>\u2022 Tiges de s\u00e9paration r\u00e9glables pour une organisation facile des aliments<br \/>\u2022 Pieds en caoutchouc antid\u00e9rapants assurant la stabilit\u00e9<br \/>\u2022 \u00c9clairage int\u00e9rieur attrayant mettant en valeur le contenu<br \/>\u2022 Finition noire attrayante<\/p>\n<p><b><u>Caract\u00e9ristiques du produit :<\/u><\/b><br \/>\u2022 Dim. : 687(H) x 600(L) x 707(P) mm<br \/>\u2022 Voltage : 220-240V<br \/>\u2022 Poids : 40 kg<br \/>\u2022 Couleur : Noir.<\/p>\n","protected":false},"excerpt":{"rendered":"<p>980W. 2 \u00e9tag\u00e8res. Largeur: 600mm<\/p>\n","protected":false},"featured_media":109092,"comment_status":"open","ping_status":"closed","template":"","meta":[],"product_brand":[],"product_cat":[1199,1160,1297,1197],"product_tag":[],"class_list":{"0":"post-111466","1":"product","2":"type-product","3":"status-publish","4":"has-post-thumbnail","6":"product_cat-buffet-chaud","7":"product_cat-materiel-electrique-et-de-cuisson","8":"product_cat-non-palettisable","9":"product_cat-service-presentation","10":"product_shipping_class-free-shipping","12":"first","13":"instock","14":"featured","15":"taxable","16":"shipping-taxable","17":"purchasable","18":"product-type-simple"},"_links":{"self":[{"href":"https:\/\/abinox-chr-clim.com\/index.php\/wp-json\/wp\/v2\/product\/111466","targetHints":{"allow":["GET"]}}],"collection":[{"href":"https:\/\/abinox-chr-clim.com\/index.php\/wp-json\/wp\/v2\/product"}],"about":[{"href":"https:\/\/abinox-chr-clim.com\/index.php\/wp-json\/wp\/v2\/types\/product"}],"replies":[{"embeddable":true,"href":"https:\/\/abinox-chr-clim.com\/index.php\/wp-json\/wp\/v2\/comments?post=111466"}],"wp:featuredmedia":[{"embeddable":true,"href":"https:\/\/abinox-chr-clim.com\/index.php\/wp-json\/wp\/v2\/media\/109092"}],"wp:attachment":[{"href":"https:\/\/abinox-chr-clim.com\/index.php\/wp-json\/wp\/v2\/media?parent=111466"}],"wp:term":[{"taxonomy":"product_brand","embeddable":true,"href":"https:\/\/abinox-chr-clim.com\/index.php\/wp-json\/wp\/v2\/product_brand?post=111466"},{"taxonomy":"product_cat","embeddable":true,"href":"https:\/\/abinox-chr-clim.com\/index.php\/wp-json\/wp\/v2\/product_cat?post=111466"},{"taxonomy":"product_tag","embeddable":true,"href":"https:\/\/abinox-chr-clim.com\/index.php\/wp-json\/wp\/v2\/product_tag?post=111466"}],"curies":[{"name":"wp","href":"https:\/\/api.w.org\/{rel}","templated":true}]}}