{"id":111464,"date":"2025-05-29T12:40:52","date_gmt":"2025-05-29T10:40:52","guid":{"rendered":"https:\/\/abinox-chr-clim.com\/index.php\/product\/vitrine-chauffante-de-comptoir-carree-buffalo-120l\/"},"modified":"2026-04-15T10:55:09","modified_gmt":"2026-04-15T08:55:09","slug":"vitrine-chauffante-de-comptoir-carree-buffalo-120l","status":"publish","type":"product","link":"https:\/\/abinox-chr-clim.com\/index.php\/product\/vitrine-chauffante-de-comptoir-carree-buffalo-120l\/","title":{"rendered":"Vitrine chauffante de comptoir carr\u00e9e Buffalo 120L"},"content":{"rendered":"<p>Vitrine chauffante de comptoir conviviale pour la pr\u00e9sentation d&rsquo;aliments chauds, avec \u00e9tag\u00e8res r\u00e9glables, r\u00e9glage de la temp\u00e9rature par cadran et visibilit\u00e9 des produits sur tout le pourtour.<\/p>\n<p>\u2022 \u00c9clairage int\u00e9rieur LED \u00e9conome en \u00e9nergie<br \/>\u2022 Contr\u00f4le de temp\u00e9rature r\u00e9glable : 30-90\u00b0C<br \/>\u2022 \u00c9tag\u00e8res r\u00e9glables chrom\u00e9es<br \/>\u2022 Design \u00e9l\u00e9gant avec fa\u00e7ade avant plate en verre<br \/>\u2022 Portes arri\u00e8re coulissantes \u00e0 acc\u00e8s facile<br \/>\u2022 Bac \u00e0 eau amovible &#8211; aide \u00e0 pr\u00e9venir le dess\u00e8chement des aliments<\/p>\n<p><b><u>Caract\u00e9ristiques du produit :<\/u><\/b><br \/>\u2022 Dim. : 686(H) x 678(L) x 568(P) mm<br \/>\u2022 Mati\u00e8re : Inox et verre<br \/>\u2022 Voltage : 220-240V<br \/>\u2022 Poids : 39 kg<br \/>\u2022 Couleur : Noir.<\/p>\n","protected":false},"excerpt":{"rendered":"<p>1,1kW. Largeur : 678mm. 3 \u00e9tag\u00e8res<\/p>\n","protected":false},"featured_media":109091,"comment_status":"open","ping_status":"closed","template":"","meta":[],"product_brand":[],"product_cat":[1199,1160,1297,1197],"product_tag":[],"class_list":{"0":"post-111464","1":"product","2":"type-product","3":"status-publish","4":"has-post-thumbnail","6":"product_cat-buffet-chaud","7":"product_cat-materiel-electrique-et-de-cuisson","8":"product_cat-non-palettisable","9":"product_cat-service-presentation","10":"product_shipping_class-free-shipping","12":"first","13":"instock","14":"featured","15":"taxable","16":"shipping-taxable","17":"purchasable","18":"product-type-simple"},"_links":{"self":[{"href":"https:\/\/abinox-chr-clim.com\/index.php\/wp-json\/wp\/v2\/product\/111464","targetHints":{"allow":["GET"]}}],"collection":[{"href":"https:\/\/abinox-chr-clim.com\/index.php\/wp-json\/wp\/v2\/product"}],"about":[{"href":"https:\/\/abinox-chr-clim.com\/index.php\/wp-json\/wp\/v2\/types\/product"}],"replies":[{"embeddable":true,"href":"https:\/\/abinox-chr-clim.com\/index.php\/wp-json\/wp\/v2\/comments?post=111464"}],"wp:featuredmedia":[{"embeddable":true,"href":"https:\/\/abinox-chr-clim.com\/index.php\/wp-json\/wp\/v2\/media\/109091"}],"wp:attachment":[{"href":"https:\/\/abinox-chr-clim.com\/index.php\/wp-json\/wp\/v2\/media?parent=111464"}],"wp:term":[{"taxonomy":"product_brand","embeddable":true,"href":"https:\/\/abinox-chr-clim.com\/index.php\/wp-json\/wp\/v2\/product_brand?post=111464"},{"taxonomy":"product_cat","embeddable":true,"href":"https:\/\/abinox-chr-clim.com\/index.php\/wp-json\/wp\/v2\/product_cat?post=111464"},{"taxonomy":"product_tag","embeddable":true,"href":"https:\/\/abinox-chr-clim.com\/index.php\/wp-json\/wp\/v2\/product_tag?post=111464"}],"curies":[{"name":"wp","href":"https:\/\/api.w.org\/{rel}","templated":true}]}}