{"id":111462,"date":"2025-05-29T12:40:48","date_gmt":"2025-05-29T10:40:48","guid":{"rendered":"https:\/\/abinox-chr-clim.com\/index.php\/product\/presentoir-chauffant-libre-service-buffalo-avec-portes-a-charnieres\/"},"modified":"2026-04-15T10:55:07","modified_gmt":"2026-04-15T08:55:07","slug":"presentoir-chauffant-libre-service-buffalo-avec-portes-a-charnieres","status":"publish","type":"product","link":"https:\/\/abinox-chr-clim.com\/index.php\/product\/presentoir-chauffant-libre-service-buffalo-avec-portes-a-charnieres\/","title":{"rendered":"Pr\u00e9sentoir chauffant libre-service Buffalo avec portes \u00e0 charni\u00e8res"},"content":{"rendered":"<p>Pr\u00e9sentoir de comptoir pour aliments chauds en verre incurv\u00e9, id\u00e9al pour les zones de libre-service. Le mod\u00e8le HW921 est \u00e9quip\u00e9 de portes avant \u00e0 charni\u00e8res pour am\u00e9liorer l&rsquo;efficacit\u00e9 \u00e9nerg\u00e9tique et l&rsquo;hygi\u00e8ne alimentaire. Le mod\u00e8le HW920 est sans portes. Adapt\u00e9 pour 4 bacs GN 1\/2.<\/p>\n<p>\u2022 \u00c9clairage int\u00e9rieur attrayant et pourtour en verre pour maximiser la visibilit\u00e9 des produits<br \/>\u2022 Contr\u00f4leur de temp\u00e9rature r\u00e9glable 30-90\u00b0C par \u00e9tag\u00e8re<br \/>\u2022 Pieds en caoutchouc fixes pour une stabilit\u00e9 accrue<br \/>\u2022 Portes avant \u00e0 charni\u00e8res minimisent la perte de chaleur et r\u00e9duisent les co\u00fbts de fonctionnement<br \/>\u2022 Capacit\u00e9 4 x GN 1\/2 (non fournis)<br \/>\u2022 Finition en m\u00e9tal noir attrayante<br \/>\u2022 Finition en m\u00e9tal peint noir attrayante<\/p>\n<p><b><u>Caract\u00e9ristiques du produit :<\/u><\/b><br \/>\u2022 Dim. : 630(H) x 650(L) x 467(P) mm<br \/>\u2022 Voltage : 220-240V<br \/>\u2022 Poids : 29 kg<br \/>\u2022 Couleur : Noir.<\/p>\n","protected":false},"excerpt":{"rendered":"<p>560W. Largeur: 655mm<\/p>\n","protected":false},"featured_media":106437,"comment_status":"open","ping_status":"closed","template":"","meta":[],"product_brand":[],"product_cat":[1199,1160,1297,1197],"product_tag":[],"class_list":{"0":"post-111462","1":"product","2":"type-product","3":"status-publish","4":"has-post-thumbnail","6":"product_cat-buffet-chaud","7":"product_cat-materiel-electrique-et-de-cuisson","8":"product_cat-non-palettisable","9":"product_cat-service-presentation","10":"product_shipping_class-free-shipping","12":"first","13":"instock","14":"featured","15":"taxable","16":"shipping-taxable","17":"purchasable","18":"product-type-simple"},"_links":{"self":[{"href":"https:\/\/abinox-chr-clim.com\/index.php\/wp-json\/wp\/v2\/product\/111462","targetHints":{"allow":["GET"]}}],"collection":[{"href":"https:\/\/abinox-chr-clim.com\/index.php\/wp-json\/wp\/v2\/product"}],"about":[{"href":"https:\/\/abinox-chr-clim.com\/index.php\/wp-json\/wp\/v2\/types\/product"}],"replies":[{"embeddable":true,"href":"https:\/\/abinox-chr-clim.com\/index.php\/wp-json\/wp\/v2\/comments?post=111462"}],"wp:featuredmedia":[{"embeddable":true,"href":"https:\/\/abinox-chr-clim.com\/index.php\/wp-json\/wp\/v2\/media\/106437"}],"wp:attachment":[{"href":"https:\/\/abinox-chr-clim.com\/index.php\/wp-json\/wp\/v2\/media?parent=111462"}],"wp:term":[{"taxonomy":"product_brand","embeddable":true,"href":"https:\/\/abinox-chr-clim.com\/index.php\/wp-json\/wp\/v2\/product_brand?post=111462"},{"taxonomy":"product_cat","embeddable":true,"href":"https:\/\/abinox-chr-clim.com\/index.php\/wp-json\/wp\/v2\/product_cat?post=111462"},{"taxonomy":"product_tag","embeddable":true,"href":"https:\/\/abinox-chr-clim.com\/index.php\/wp-json\/wp\/v2\/product_tag?post=111462"}],"curies":[{"name":"wp","href":"https:\/\/api.w.org\/{rel}","templated":true}]}}