{"id":111460,"date":"2025-05-29T12:40:44","date_gmt":"2025-05-29T10:40:44","guid":{"rendered":"https:\/\/abinox-chr-clim.com\/index.php\/product\/grille-pain-6-fentes-rowlett-premier-avec-resistances-duraheat-supplementaires\/"},"modified":"2026-04-02T10:41:58","modified_gmt":"2026-04-02T08:41:58","slug":"grille-pain-6-fentes-rowlett-premier-avec-resistances-duraheat-supplementaires","status":"publish","type":"product","link":"https:\/\/abinox-chr-clim.com\/index.php\/product\/grille-pain-6-fentes-rowlett-premier-avec-resistances-duraheat-supplementaires\/","title":{"rendered":"Grille-pain 6 fentes Rowlett Premier avec r\u00e9sistances DuraHeat suppl\u00e9mentaires"},"content":{"rendered":"<p>Le grille-pain Rowlett Premier offrent des performances fiables. Con\u00e7u avec des s\u00e9lecteurs de fentes rotatifs pour minimiser la consommation d&rsquo;\u00e9nergie et des pi\u00e8ces durables et rempla\u00e7ables, ce grille-pain garantit une efficacit\u00e9 durable dans toutes les cuisines professionnelles.<\/p>\n<p>\u2022 Interrupteur de s\u00e9lecteur de fentes rotatif &#8211; utilisez uniquement les fentes n\u00e9cessaires pour \u00e9conomiser de l&rsquo;\u00e9nergie<br \/>\u2022 Minuteur variable &#8211; jusqu&rsquo;\u00e0 5 minutes<br \/>\u2022 Con\u00e7u au Royaume-Uni<br \/>\u2022 Plateau ramasse-miettes amovible<br \/>\u2022 Dimensions des fentes : 135(H) x 19,5(P) x 140(L)mm<br \/>\u2022 Livr\u00e9 avec 2 r\u00e9sistances Duraheat suppl\u00e9mentaires pour un remplacement facile<\/p>\n<p><b><u>Caract\u00e9ristiques du produit :<\/u><\/b><br \/>\u2022 Dim. : 212(H) x 497(L) x 237(P) mm<br \/>\u2022 Mati\u00e8re : Inox<br \/>\u2022 Voltage : 220-240V<br \/>\u2022 Poids : 7,64 kg<br \/>\u2022 Couleur : Argent.<\/p>\n","protected":false},"excerpt":{"rendered":"<p>2,6kW. 6 fentes. Couleur: Acier inoxydable<\/p>\n","protected":false},"featured_media":106389,"comment_status":"open","ping_status":"closed","template":"","meta":[],"product_brand":[],"product_cat":[1160,1297,1179,1186],"product_tag":[],"class_list":{"0":"post-111460","1":"product","2":"type-product","3":"status-publish","4":"has-post-thumbnail","6":"product_cat-materiel-electrique-et-de-cuisson","7":"product_cat-non-palettisable","8":"product_cat-petit-materiel","9":"product_cat-toasters-et-grille-pains","10":"product_shipping_class-free-shipping","12":"first","13":"outofstock","14":"featured","15":"taxable","16":"shipping-taxable","17":"purchasable","18":"product-type-simple"},"_links":{"self":[{"href":"https:\/\/abinox-chr-clim.com\/index.php\/wp-json\/wp\/v2\/product\/111460","targetHints":{"allow":["GET"]}}],"collection":[{"href":"https:\/\/abinox-chr-clim.com\/index.php\/wp-json\/wp\/v2\/product"}],"about":[{"href":"https:\/\/abinox-chr-clim.com\/index.php\/wp-json\/wp\/v2\/types\/product"}],"replies":[{"embeddable":true,"href":"https:\/\/abinox-chr-clim.com\/index.php\/wp-json\/wp\/v2\/comments?post=111460"}],"wp:featuredmedia":[{"embeddable":true,"href":"https:\/\/abinox-chr-clim.com\/index.php\/wp-json\/wp\/v2\/media\/106389"}],"wp:attachment":[{"href":"https:\/\/abinox-chr-clim.com\/index.php\/wp-json\/wp\/v2\/media?parent=111460"}],"wp:term":[{"taxonomy":"product_brand","embeddable":true,"href":"https:\/\/abinox-chr-clim.com\/index.php\/wp-json\/wp\/v2\/product_brand?post=111460"},{"taxonomy":"product_cat","embeddable":true,"href":"https:\/\/abinox-chr-clim.com\/index.php\/wp-json\/wp\/v2\/product_cat?post=111460"},{"taxonomy":"product_tag","embeddable":true,"href":"https:\/\/abinox-chr-clim.com\/index.php\/wp-json\/wp\/v2\/product_tag?post=111460"}],"curies":[{"name":"wp","href":"https:\/\/api.w.org\/{rel}","templated":true}]}}