{"id":111458,"date":"2025-05-29T12:40:41","date_gmt":"2025-05-29T10:40:41","guid":{"rendered":"https:\/\/abinox-chr-clim.com\/index.php\/product\/table-ronde-bolero-complete-effet-pierre-noire-600mm\/"},"modified":"2026-02-18T10:47:05","modified_gmt":"2026-02-18T09:47:05","slug":"table-ronde-bolero-complete-effet-pierre-noire-600mm","status":"publish","type":"product","link":"https:\/\/abinox-chr-clim.com\/index.php\/product\/table-ronde-bolero-complete-effet-pierre-noire-600mm\/","title":{"rendered":"Table ronde Bolero Complete effet pierre noire 600mm"},"content":{"rendered":"<p>Am\u00e9liorez votre espace de restauration avec la table ronde Bolero de 600 mm. Con\u00e7ue pour une utilisation commerciale, cette table peut r\u00e9sister aux exigences quotidiennes de l&rsquo;industrie h\u00f4teli\u00e8re. Elle dispose d&rsquo;une base lourde rev\u00eatue de poudre qui r\u00e9siste au renversement et supporte l&rsquo;usure quotidienne. Ce design robuste garantit que la table reste en excellent \u00e9tat au fil de nombreux services.Le plateau de table de 25 mm d&rsquo;\u00e9paisseur est dot\u00e9 d&rsquo;un rev\u00eatement r\u00e9sistant aux rayures et d&rsquo;un bord en PVC, le rendant tr\u00e8s durable contre l&rsquo;usure g\u00e9n\u00e9rale. Il peut r\u00e9sister \u00e0 des temp\u00e9ratures allant jusqu&rsquo;\u00e0 180\u00b0C, ce qui est parfait pour contenir des assiettes chaudes. De plus, la table est livr\u00e9e en un ensemble complet, ce qui rend le montage rapide et facile &#8211; pr\u00eate pour votre prochain service.<\/p>\n<p>\u2022 Le pied lourd emp\u00eache la table de basculer<br \/>\u2022 Conception de pied carr\u00e9e 440mm x 440mm, 73mm en hauteur<br \/>\u2022 Convient pour un usage int\u00e9rieur<br \/>\u2022 Facile \u00e0 nettoyer<br \/>\u2022 Le pied noir poudr\u00e9 garantit une excellente durabilit\u00e9<br \/>\u2022 Le bord de table en PVC prot\u00e8ge contre les dommages d&rsquo;impact<br \/>\u2022 Le plateau de table en m\u00e9lamine est r\u00e9sistant aux rayures pour pr\u00e9venir les dommages des assiettes et couverts<br \/>\u2022 Assemblage partiel requis (visserie fournie)<br \/>\u2022 Le plateau a une \u00e9paisseur de 25mm<br \/>\u2022 Convient pour des assiettes jusqu&rsquo;\u00e0 180\u00b0C<br \/>\u2022 Table de repas parfaite pour 2 personnes ou pour 4 personnes dans un cadre de caf\u00e9 d\u00e9contract\u00e9<\/p>\n<p><b><u>Caract\u00e9ristiques du produit :<\/u><\/b><br \/>\u2022 Dim. : 750(H)x600(\u00d8)mm<br \/>\u2022 Couleur : Noir.<\/p>\n","protected":false},"excerpt":{"rendered":"<p>750(H)x600(\u00d8)mm<\/p>\n","protected":false},"featured_media":107705,"comment_status":"open","ping_status":"closed","template":"","meta":[],"product_brand":[],"product_cat":[1277,1297],"product_tag":[],"class_list":{"0":"post-111458","1":"product","2":"type-product","3":"status-publish","4":"has-post-thumbnail","6":"product_cat-divers-principal","7":"product_cat-non-palettisable","8":"product_shipping_class-free-shipping","10":"first","11":"outofstock","12":"featured","13":"taxable","14":"shipping-taxable","15":"purchasable","16":"product-type-simple"},"_links":{"self":[{"href":"https:\/\/abinox-chr-clim.com\/index.php\/wp-json\/wp\/v2\/product\/111458","targetHints":{"allow":["GET"]}}],"collection":[{"href":"https:\/\/abinox-chr-clim.com\/index.php\/wp-json\/wp\/v2\/product"}],"about":[{"href":"https:\/\/abinox-chr-clim.com\/index.php\/wp-json\/wp\/v2\/types\/product"}],"replies":[{"embeddable":true,"href":"https:\/\/abinox-chr-clim.com\/index.php\/wp-json\/wp\/v2\/comments?post=111458"}],"wp:featuredmedia":[{"embeddable":true,"href":"https:\/\/abinox-chr-clim.com\/index.php\/wp-json\/wp\/v2\/media\/107705"}],"wp:attachment":[{"href":"https:\/\/abinox-chr-clim.com\/index.php\/wp-json\/wp\/v2\/media?parent=111458"}],"wp:term":[{"taxonomy":"product_brand","embeddable":true,"href":"https:\/\/abinox-chr-clim.com\/index.php\/wp-json\/wp\/v2\/product_brand?post=111458"},{"taxonomy":"product_cat","embeddable":true,"href":"https:\/\/abinox-chr-clim.com\/index.php\/wp-json\/wp\/v2\/product_cat?post=111458"},{"taxonomy":"product_tag","embeddable":true,"href":"https:\/\/abinox-chr-clim.com\/index.php\/wp-json\/wp\/v2\/product_tag?post=111458"}],"curies":[{"name":"wp","href":"https:\/\/api.w.org\/{rel}","templated":true}]}}