{"id":111457,"date":"2025-05-29T12:40:39","date_gmt":"2025-05-29T10:40:39","guid":{"rendered":"https:\/\/abinox-chr-clim.com\/index.php\/product\/table-ronde-bolero-complete-effet-bois-fonce-600mm\/"},"modified":"2026-04-14T11:26:19","modified_gmt":"2026-04-14T09:26:19","slug":"table-ronde-bolero-complete-effet-bois-fonce-600mm","status":"publish","type":"product","link":"https:\/\/abinox-chr-clim.com\/index.php\/product\/table-ronde-bolero-complete-effet-bois-fonce-600mm\/","title":{"rendered":"Table ronde Bolero Complete effet bois fonc\u00e9 600mm"},"content":{"rendered":"<p>Am\u00e9liorez votre espace de restauration avec la table ronde Bolero de 600 mm. Con\u00e7ue pour une utilisation commerciale, cette table peut g\u00e9rer les exigences quotidiennes de l&rsquo;industrie h\u00f4teli\u00e8re. Elle dispose d&rsquo;un pied lourd enduit de poudre qui r\u00e9siste au basculement et aux usures quotidiennes. Ce design robuste assure que la table reste en excellent \u00e9tat \u00e0 travers d&rsquo;innombrables services.Le plateau de table de 25 mm d&rsquo;\u00e9paisseur poss\u00e8de un rev\u00eatement r\u00e9sistant aux rayures et un bord en PVC, ce qui le rend tr\u00e8s durable contre l&rsquo;usure g\u00e9n\u00e9rale. Il peut r\u00e9sister \u00e0 des temp\u00e9ratures allant jusqu&rsquo;\u00e0 180\u00b0C, il est donc parfait pour accueillir des assiettes chaudes. De plus, la table est vendue comme un ensemble tout-en-un, ce qui rend l&rsquo;assemblage rapide et facile &#8211; pr\u00eate pour votre prochain service.<\/p>\n<p>\u2022 Le pied lourd emp\u00eache la table de basculer<br \/>\u2022 Conception de pied carr\u00e9e 440mm x 440mm, 73mm en hauteur<br \/>\u2022 Convient pour un usage int\u00e9rieur<br \/>\u2022 Facile \u00e0 nettoyer<br \/>\u2022 Le pied noir poudr\u00e9 garantit une excellente durabilit\u00e9<br \/>\u2022 Le bord de table en PVC prot\u00e8ge contre les dommages d&rsquo;impact<br \/>\u2022 Le plateau de table en m\u00e9lamine est r\u00e9sistant aux rayures pour pr\u00e9venir les dommages des assiettes et couverts<br \/>\u2022 Assemblage partiel requis (visserie fournie)<br \/>\u2022 Le plateau a une \u00e9paisseur de 25mm<br \/>\u2022 Convient pour des assiettes jusqu&rsquo;\u00e0 180\u00b0C<br \/>\u2022 Table de repas parfaite pour 2 personnes ou pour 4 personnes dans un cadre de caf\u00e9 d\u00e9contract\u00e9<\/p>\n<p><b><u>Caract\u00e9ristiques du produit :<\/u><\/b><br \/>\u2022 Dim. : 750(H)x600(\u00d8)mm<br \/>\u2022 Couleur : Marron.<\/p>\n","protected":false},"excerpt":{"rendered":"<p>750(H)x600(\u00d8)mm<\/p>\n","protected":false},"featured_media":106284,"comment_status":"open","ping_status":"closed","template":"","meta":[],"product_brand":[],"product_cat":[1277,1297],"product_tag":[],"class_list":{"0":"post-111457","1":"product","2":"type-product","3":"status-publish","4":"has-post-thumbnail","6":"product_cat-divers-principal","7":"product_cat-non-palettisable","8":"product_shipping_class-free-shipping","10":"first","11":"instock","12":"featured","13":"taxable","14":"shipping-taxable","15":"purchasable","16":"product-type-simple"},"_links":{"self":[{"href":"https:\/\/abinox-chr-clim.com\/index.php\/wp-json\/wp\/v2\/product\/111457","targetHints":{"allow":["GET"]}}],"collection":[{"href":"https:\/\/abinox-chr-clim.com\/index.php\/wp-json\/wp\/v2\/product"}],"about":[{"href":"https:\/\/abinox-chr-clim.com\/index.php\/wp-json\/wp\/v2\/types\/product"}],"replies":[{"embeddable":true,"href":"https:\/\/abinox-chr-clim.com\/index.php\/wp-json\/wp\/v2\/comments?post=111457"}],"wp:featuredmedia":[{"embeddable":true,"href":"https:\/\/abinox-chr-clim.com\/index.php\/wp-json\/wp\/v2\/media\/106284"}],"wp:attachment":[{"href":"https:\/\/abinox-chr-clim.com\/index.php\/wp-json\/wp\/v2\/media?parent=111457"}],"wp:term":[{"taxonomy":"product_brand","embeddable":true,"href":"https:\/\/abinox-chr-clim.com\/index.php\/wp-json\/wp\/v2\/product_brand?post=111457"},{"taxonomy":"product_cat","embeddable":true,"href":"https:\/\/abinox-chr-clim.com\/index.php\/wp-json\/wp\/v2\/product_cat?post=111457"},{"taxonomy":"product_tag","embeddable":true,"href":"https:\/\/abinox-chr-clim.com\/index.php\/wp-json\/wp\/v2\/product_tag?post=111457"}],"curies":[{"name":"wp","href":"https:\/\/api.w.org\/{rel}","templated":true}]}}