{"id":111455,"date":"2025-05-29T12:40:34","date_gmt":"2025-05-29T10:40:34","guid":{"rendered":"https:\/\/abinox-chr-clim.com\/index.php\/product\/table-carree-bolero-complete-effet-bois-fonce-700mm\/"},"modified":"2026-04-14T11:26:17","modified_gmt":"2026-04-14T09:26:17","slug":"table-carree-bolero-complete-effet-bois-fonce-700mm","status":"publish","type":"product","link":"https:\/\/abinox-chr-clim.com\/index.php\/product\/table-carree-bolero-complete-effet-bois-fonce-700mm\/","title":{"rendered":"Table carr\u00e9e Bolero Complete effet bois fonc\u00e9 700mm"},"content":{"rendered":"<p>Am\u00e9liorez votre espace de restauration avec la table carr\u00e9e Bolero de 700mm. Con\u00e7ue pour une utilisation commerciale, cette table peut supporter les exigences quotidiennes du secteur de l&rsquo;h\u00f4tellerie. Elle est dot\u00e9e d&rsquo;une base lourde avec un rev\u00eatement en poudre qui r\u00e9siste au basculement et supporte l&rsquo;usure quotidienne. Ce design robuste garantit que la table reste en excellent \u00e9tat \u00e0 travers d&rsquo;innombrables services.Le plateau de table de 25 mm d&rsquo;\u00e9paisseur dispose d&rsquo;un rev\u00eatement r\u00e9sistant aux rayures et d&rsquo;un bord en PVC, le rendant tr\u00e8s durable contre l&rsquo;usure g\u00e9n\u00e9rale. Il peut r\u00e9sister \u00e0 des temp\u00e9ratures allant jusqu&rsquo;\u00e0 180\u00b0C, ce qui est parfait pour supporter des assiettes chaudes. De plus, la table est livr\u00e9e en ensemble complet, ce qui rend l&rsquo;assemblage rapide et facile &#8211; pr\u00eate pour votre prochain service.<\/p>\n<p>\u2022 Le pied lourd emp\u00eache la table de basculer<br \/>\u2022 Conception de pied carr\u00e9e 500mm x 500mm, 73mm de hauteur. Assemblage partiel requis (accessoires fournis)<br \/>\u2022 Uniquement adapt\u00e9 \u00e0 un usage int\u00e9rieur<br \/>\u2022 Facile \u00e0 nettoyer<br \/>\u2022 Le pied noir poudr\u00e9 garantit une excellente durabilit\u00e9<br \/>\u2022 Le bord de table en PVC prot\u00e8ge contre les dommages d&rsquo;impact<br \/>\u2022 Le plateau de table en m\u00e9lamine est r\u00e9sistant aux rayures pour pr\u00e9venir les dommages des assiettes et couverts<br \/>\u2022 Assemblage partiel requis (visserie fournie)<br \/>\u2022 Le plateau a une \u00e9paisseur de 25mm<br \/>\u2022 Convient pour des assiettes jusqu&rsquo;\u00e0 180\u00b0C<br \/>\u2022 Table de repas parfaite pour 2 personnes ou \u00e0 assembler avec d&rsquo;autres pour cr\u00e9er une table de la taille souhait\u00e9e<\/p>\n<p><b><u>Caract\u00e9ristiques du produit :<\/u><\/b><br \/>\u2022 Dim. : 750(H) x 700(L) x 700(P)mm<br \/>\u2022 Couleur : Marron.<\/p>\n","protected":false},"excerpt":{"rendered":"<p>750(H)x700(L)x700(P)mm<\/p>\n","protected":false},"featured_media":107704,"comment_status":"open","ping_status":"closed","template":"","meta":[],"product_brand":[],"product_cat":[1277,1297],"product_tag":[],"class_list":{"0":"post-111455","1":"product","2":"type-product","3":"status-publish","4":"has-post-thumbnail","6":"product_cat-divers-principal","7":"product_cat-non-palettisable","8":"product_shipping_class-free-shipping","10":"first","11":"instock","12":"featured","13":"taxable","14":"shipping-taxable","15":"purchasable","16":"product-type-simple"},"_links":{"self":[{"href":"https:\/\/abinox-chr-clim.com\/index.php\/wp-json\/wp\/v2\/product\/111455","targetHints":{"allow":["GET"]}}],"collection":[{"href":"https:\/\/abinox-chr-clim.com\/index.php\/wp-json\/wp\/v2\/product"}],"about":[{"href":"https:\/\/abinox-chr-clim.com\/index.php\/wp-json\/wp\/v2\/types\/product"}],"replies":[{"embeddable":true,"href":"https:\/\/abinox-chr-clim.com\/index.php\/wp-json\/wp\/v2\/comments?post=111455"}],"wp:featuredmedia":[{"embeddable":true,"href":"https:\/\/abinox-chr-clim.com\/index.php\/wp-json\/wp\/v2\/media\/107704"}],"wp:attachment":[{"href":"https:\/\/abinox-chr-clim.com\/index.php\/wp-json\/wp\/v2\/media?parent=111455"}],"wp:term":[{"taxonomy":"product_brand","embeddable":true,"href":"https:\/\/abinox-chr-clim.com\/index.php\/wp-json\/wp\/v2\/product_brand?post=111455"},{"taxonomy":"product_cat","embeddable":true,"href":"https:\/\/abinox-chr-clim.com\/index.php\/wp-json\/wp\/v2\/product_cat?post=111455"},{"taxonomy":"product_tag","embeddable":true,"href":"https:\/\/abinox-chr-clim.com\/index.php\/wp-json\/wp\/v2\/product_tag?post=111455"}],"curies":[{"name":"wp","href":"https:\/\/api.w.org\/{rel}","templated":true}]}}