{"id":111453,"date":"2025-05-29T12:40:30","date_gmt":"2025-05-29T10:40:30","guid":{"rendered":"https:\/\/abinox-chr-clim.com\/index.php\/product\/cloche-en-verre-olympia-200x170mm\/"},"modified":"2026-04-24T11:12:50","modified_gmt":"2026-04-24T09:12:50","slug":"cloche-en-verre-olympia-200x170mm","status":"publish","type":"product","link":"https:\/\/abinox-chr-clim.com\/index.php\/product\/cloche-en-verre-olympia-200x170mm\/","title":{"rendered":"Cloche en verre Olympia 200x170mm"},"content":{"rendered":"<p>Cloche en verre avec poign\u00e9e pour pr\u00e9senter les gros ou petits g\u00e2teaux faits maison. La grande transparence du verre permet de voir parfaitement les g\u00e2teaux.<\/p>\n<p>\u2022 Compatible avec le plateau de pr\u00e9sentation HX397<br \/>\u2022 La haute transparence permet une vue nette de vos g\u00e2teaux<br \/>\u2022 Sa grande taille rend la cloche id\u00e9ale pour servir des grands g\u00e2teaux faits maison comme des fourn\u00e9es de g\u00e2teaux individuels<br \/>\u2022 Emp\u00eache vos g\u00e2teaux d&rsquo;\u00eatre expos\u00e9s \u00e0 l&rsquo;air, ce qui aide \u00e0 les garder frais plus longtemps<br \/>\u2022 Design facile \u00e0 nettoyer<br \/>\u2022 Design classique ajoutant une touche \u00e9l\u00e9gante \u00e0 vos pr\u00e9sentations de g\u00e2teaux<\/p>\n<p><b><u>Caract\u00e9ristiques du produit :<\/u><\/b><br \/>\u2022 Dim. : 200(\u00d8) x 188(H)mm<br \/>\u2022 Mati\u00e8re : Verre<br \/>\u2022 Poids : 880 g<br \/>\u2022 Couleur : Transparent.<\/p>\n","protected":false},"excerpt":{"rendered":"<p>200(\u00d8)x188(H)mm<\/p>\n","protected":false},"featured_media":105717,"comment_status":"open","ping_status":"closed","template":"","meta":[],"product_brand":[],"product_cat":[1115,1114,1297,1106],"product_tag":[],"class_list":{"0":"post-111453","1":"product","2":"type-product","3":"status-publish","4":"has-post-thumbnail","6":"product_cat-accessoires-buffet","7":"product_cat-buffet","8":"product_cat-non-palettisable","9":"product_cat-restaurant-bar-et-hotel","10":"product_shipping_class-free-shipping","12":"first","13":"instock","14":"featured","15":"taxable","16":"shipping-taxable","17":"purchasable","18":"product-type-simple"},"_links":{"self":[{"href":"https:\/\/abinox-chr-clim.com\/index.php\/wp-json\/wp\/v2\/product\/111453","targetHints":{"allow":["GET"]}}],"collection":[{"href":"https:\/\/abinox-chr-clim.com\/index.php\/wp-json\/wp\/v2\/product"}],"about":[{"href":"https:\/\/abinox-chr-clim.com\/index.php\/wp-json\/wp\/v2\/types\/product"}],"replies":[{"embeddable":true,"href":"https:\/\/abinox-chr-clim.com\/index.php\/wp-json\/wp\/v2\/comments?post=111453"}],"wp:featuredmedia":[{"embeddable":true,"href":"https:\/\/abinox-chr-clim.com\/index.php\/wp-json\/wp\/v2\/media\/105717"}],"wp:attachment":[{"href":"https:\/\/abinox-chr-clim.com\/index.php\/wp-json\/wp\/v2\/media?parent=111453"}],"wp:term":[{"taxonomy":"product_brand","embeddable":true,"href":"https:\/\/abinox-chr-clim.com\/index.php\/wp-json\/wp\/v2\/product_brand?post=111453"},{"taxonomy":"product_cat","embeddable":true,"href":"https:\/\/abinox-chr-clim.com\/index.php\/wp-json\/wp\/v2\/product_cat?post=111453"},{"taxonomy":"product_tag","embeddable":true,"href":"https:\/\/abinox-chr-clim.com\/index.php\/wp-json\/wp\/v2\/product_tag?post=111453"}],"curies":[{"name":"wp","href":"https:\/\/api.w.org\/{rel}","templated":true}]}}