{"id":111444,"date":"2025-05-29T12:40:11","date_gmt":"2025-05-29T10:40:11","guid":{"rendered":"https:\/\/abinox-chr-clim.com\/index.php\/product\/sacs-poubelle-standard-jantex-bleus-80l-lot-de-200\/"},"modified":"2025-08-26T15:03:02","modified_gmt":"2025-08-26T13:03:02","slug":"sacs-poubelle-standard-jantex-bleus-80l-lot-de-200","status":"publish","type":"product","link":"https:\/\/abinox-chr-clim.com\/index.php\/product\/sacs-poubelle-standard-jantex-bleus-80l-lot-de-200\/","title":{"rendered":"Sacs poubelle standard Jantex bleus 80L (lot de 200)"},"content":{"rendered":"<p>D&rsquo;une capacit\u00e9 de 80 litres, les sacs poubelle standard Jantex sont id\u00e9aux pour les lieux publics. Disponibles en diff\u00e9rentes couleurs, ils favorisent le nettoyage par code couleur afin de r\u00e9duire le risque de contamination crois\u00e9e et d&rsquo;am\u00e9liorer l&rsquo;hygi\u00e8ne.<\/p>\n<p>\u2022 Capacit\u00e9 de poids maximale de 10 kg, les rendant id\u00e9aux pour l&rsquo;\u00e9limination des d\u00e9chets de capacit\u00e9 moyenne<br \/>\u2022 Id\u00e9al pour une utilisation commerciale gr\u00e2ce \u00e0 la grande capacit\u00e9 de 80L<br \/>\u2022 La couleur bleue permet le nettoyage cod\u00e9 par couleur, id\u00e9al pour une utilisation dans les zones de restaurant et de bar<br \/>\u2022 Les sacs sont fabriqu\u00e9s \u00e0 partir de plastique recycl\u00e9, ce qui r\u00e9duit consid\u00e9rablement l&rsquo;impact sur l&rsquo;environnement<br \/>\u2022 Design r\u00e9sistant aux d\u00e9chirures et perforations qui emp\u00eache les d\u00e9versements<\/p>\n<p><b><u>Caract\u00e9ristiques du produit :<\/u><\/b><br \/>\u2022 Lot : 200.0<br \/>\u2022 Capacit\u00e9 : 80L<br \/>\u2022 Dim. : 965(L) x 745(P) mm | Largeur ouverte : 1490mm<br \/>\u2022 Mati\u00e8re : Poly\u00e9thyl\u00e8ne recycl\u00e9<br \/>\u2022 Couleur : Bleu.<\/p>\n","protected":false},"excerpt":{"rendered":"<p>Capacit\u00e9 : 80L. Capacit\u00e9 de poids maximale de 10 kg. Lot de 200<\/p>\n","protected":false},"featured_media":107244,"comment_status":"open","ping_status":"closed","template":"","meta":[],"product_brand":[],"product_cat":[1217,1297,1219,1216],"product_tag":[],"class_list":{"0":"post-111444","1":"product","2":"type-product","3":"status-publish","4":"has-post-thumbnail","6":"product_cat-collecte-des-dechets","7":"product_cat-non-palettisable","8":"product_cat-poubelles","9":"product_cat-usage-unique-et-entretien","10":"product_shipping_class-free-shipping","12":"first","13":"outofstock","14":"featured","15":"taxable","16":"shipping-taxable","17":"purchasable","18":"product-type-simple"},"_links":{"self":[{"href":"https:\/\/abinox-chr-clim.com\/index.php\/wp-json\/wp\/v2\/product\/111444","targetHints":{"allow":["GET"]}}],"collection":[{"href":"https:\/\/abinox-chr-clim.com\/index.php\/wp-json\/wp\/v2\/product"}],"about":[{"href":"https:\/\/abinox-chr-clim.com\/index.php\/wp-json\/wp\/v2\/types\/product"}],"replies":[{"embeddable":true,"href":"https:\/\/abinox-chr-clim.com\/index.php\/wp-json\/wp\/v2\/comments?post=111444"}],"wp:featuredmedia":[{"embeddable":true,"href":"https:\/\/abinox-chr-clim.com\/index.php\/wp-json\/wp\/v2\/media\/107244"}],"wp:attachment":[{"href":"https:\/\/abinox-chr-clim.com\/index.php\/wp-json\/wp\/v2\/media?parent=111444"}],"wp:term":[{"taxonomy":"product_brand","embeddable":true,"href":"https:\/\/abinox-chr-clim.com\/index.php\/wp-json\/wp\/v2\/product_brand?post=111444"},{"taxonomy":"product_cat","embeddable":true,"href":"https:\/\/abinox-chr-clim.com\/index.php\/wp-json\/wp\/v2\/product_cat?post=111444"},{"taxonomy":"product_tag","embeddable":true,"href":"https:\/\/abinox-chr-clim.com\/index.php\/wp-json\/wp\/v2\/product_tag?post=111444"}],"curies":[{"name":"wp","href":"https:\/\/api.w.org\/{rel}","templated":true}]}}