{"id":111443,"date":"2025-05-29T12:40:09","date_gmt":"2025-05-29T10:40:09","guid":{"rendered":"https:\/\/abinox-chr-clim.com\/index.php\/product\/sacs-poubelle-standard-jantex-noirs-70l-lot-de-200\/"},"modified":"2026-04-02T10:47:14","modified_gmt":"2026-04-02T08:47:14","slug":"sacs-poubelle-standard-jantex-noirs-70l-lot-de-200","status":"publish","type":"product","link":"https:\/\/abinox-chr-clim.com\/index.php\/product\/sacs-poubelle-standard-jantex-noirs-70l-lot-de-200\/","title":{"rendered":"Sacs poubelle standard Jantex noirs 70L (lot de 200)"},"content":{"rendered":"<p>Fabriqu\u00e9s en poly\u00e9thyl\u00e8ne r\u00e9sistant, les sacs poubelle noirs Jantex permettent au personnel d&rsquo;\u00e9liminer les d\u00e9chets en toute s\u00e9curit\u00e9, en r\u00e9duisant le risque de d\u00e9chirures et de d\u00e9versements. L&rsquo;accr\u00e9ditation CHSA garantit qu&rsquo;ils r\u00e9pondent aux normes de r\u00e9sistance au poids, \u00e0 la perforation et \u00e0 la d\u00e9chirure.<\/p>\n<p>\u2022 La capacit\u00e9 de poids de 10kg permet aux sacs de contenir en toute s\u00e9curit\u00e9 les d\u00e9chets domestiques l\u00e9gers et alimentaires<br \/>\u2022 Le mat\u00e9riau noir cache les d\u00e9chets inesth\u00e9tiques et am\u00e9liore la confidentialit\u00e9<br \/>\u2022 La grande quantit\u00e9 de 200 par lot durera plus longtemps<br \/>\u2022 Les sacs sont fabriqu\u00e9s \u00e0 partir de plastique recycl\u00e9, ce qui r\u00e9duit consid\u00e9rablement l&rsquo;impact sur l&rsquo;environnement.<br \/>\u2022 Le mat\u00e9riau r\u00e9sistant aux d\u00e9chirures et aux perforations aide \u00e0 pr\u00e9venir les d\u00e9versements et les \u00e9clatements<br \/>\u2022 La capacit\u00e9 de 70L permet aux sacs de contenir des volumes moyens de d\u00e9chets avant de devoir \u00eatre vid\u00e9s<\/p>\n<p><b><u>Caract\u00e9ristiques du produit :<\/u><\/b><br \/>\u2022 Lot : 200.0<br \/>\u2022 Capacit\u00e9 : 70 L<br \/>\u2022 Dim. : 960(L) x 755(P) mm<br \/>\u2022 Mati\u00e8re : Poly\u00e9thyl\u00e8ne recycl\u00e9<br \/>\u2022 Couleur : Noir.<\/p>\n","protected":false},"excerpt":{"rendered":"<p>Capacit\u00e9 : 70L | Poids maximum 10kg. Lot de 200<\/p>\n","protected":false},"featured_media":106282,"comment_status":"open","ping_status":"closed","template":"","meta":[],"product_brand":[],"product_cat":[1217,1297,1219,1216],"product_tag":[],"class_list":{"0":"post-111443","1":"product","2":"type-product","3":"status-publish","4":"has-post-thumbnail","6":"product_cat-collecte-des-dechets","7":"product_cat-non-palettisable","8":"product_cat-poubelles","9":"product_cat-usage-unique-et-entretien","10":"product_shipping_class-free-shipping","12":"first","13":"instock","14":"featured","15":"taxable","16":"shipping-taxable","17":"purchasable","18":"product-type-simple"},"_links":{"self":[{"href":"https:\/\/abinox-chr-clim.com\/index.php\/wp-json\/wp\/v2\/product\/111443","targetHints":{"allow":["GET"]}}],"collection":[{"href":"https:\/\/abinox-chr-clim.com\/index.php\/wp-json\/wp\/v2\/product"}],"about":[{"href":"https:\/\/abinox-chr-clim.com\/index.php\/wp-json\/wp\/v2\/types\/product"}],"replies":[{"embeddable":true,"href":"https:\/\/abinox-chr-clim.com\/index.php\/wp-json\/wp\/v2\/comments?post=111443"}],"wp:featuredmedia":[{"embeddable":true,"href":"https:\/\/abinox-chr-clim.com\/index.php\/wp-json\/wp\/v2\/media\/106282"}],"wp:attachment":[{"href":"https:\/\/abinox-chr-clim.com\/index.php\/wp-json\/wp\/v2\/media?parent=111443"}],"wp:term":[{"taxonomy":"product_brand","embeddable":true,"href":"https:\/\/abinox-chr-clim.com\/index.php\/wp-json\/wp\/v2\/product_brand?post=111443"},{"taxonomy":"product_cat","embeddable":true,"href":"https:\/\/abinox-chr-clim.com\/index.php\/wp-json\/wp\/v2\/product_cat?post=111443"},{"taxonomy":"product_tag","embeddable":true,"href":"https:\/\/abinox-chr-clim.com\/index.php\/wp-json\/wp\/v2\/product_tag?post=111443"}],"curies":[{"name":"wp","href":"https:\/\/api.w.org\/{rel}","templated":true}]}}