{"id":111442,"date":"2025-05-29T12:40:07","date_gmt":"2025-05-29T10:40:07","guid":{"rendered":"https:\/\/abinox-chr-clim.com\/index.php\/product\/sacs-poubelle-standard-jantex-blancs-50l-lot-de-200\/"},"modified":"2025-08-26T15:03:00","modified_gmt":"2025-08-26T13:03:00","slug":"sacs-poubelle-standard-jantex-blancs-50l-lot-de-200","status":"publish","type":"product","link":"https:\/\/abinox-chr-clim.com\/index.php\/product\/sacs-poubelle-standard-jantex-blancs-50l-lot-de-200\/","title":{"rendered":"Sacs poubelle standard Jantex blancs 50L (lot de 200)"},"content":{"rendered":"<p>Ces sacs poubelles blancs Jantex permettent d&rsquo;\u00e9liminer efficacement les d\u00e9chets. Fabriqu\u00e9s en poly\u00e9thyl\u00e8ne, ces sacs sont recyclables et contribuent \u00e0 r\u00e9duire la quantit\u00e9 de d\u00e9chets envoy\u00e9s dans les d\u00e9charges. Les sacs sont dot\u00e9s d&rsquo;un lien \u00e0 nouer, ce qui permet de les fermer facilement et en toute s\u00e9curit\u00e9.<\/p>\n<p>\u2022 Capacit\u00e9 de 50 litres id\u00e9ale pour les poubelles petites et moyennes<br \/>\u2022 La charge moyenne peut contenir jusqu&rsquo;\u00e0 10 kg<br \/>\u2022 Les sacs sont fabriqu\u00e9s \u00e0 partir de plastique recycl\u00e9, ce qui r\u00e9duit consid\u00e9rablement l&rsquo;impact sur l&rsquo;environnement.<br \/>\u2022 Lot de 1000 offrant un excellent rapport qualit\u00e9-prix<\/p>\n<p><b><u>Caract\u00e9ristiques du produit :<\/u><\/b><br \/>\u2022 Lot : 200.0<br \/>\u2022 Capacit\u00e9 : 50L<br \/>\u2022 Dim. : 700(L) x 550(P) mm | Largeur ouverte : 1100mm<br \/>\u2022 Couleur : Blanc.<\/p>\n","protected":false},"excerpt":{"rendered":"<p>Capacit\u00e9 : 50 litres. Capacit\u00e9 de poids maximale de 10 kg. Quantit\u00e9 : 200<\/p>\n","protected":false},"featured_media":106281,"comment_status":"open","ping_status":"closed","template":"","meta":[],"product_brand":[],"product_cat":[1217,1297,1219,1216],"product_tag":[],"class_list":{"0":"post-111442","1":"product","2":"type-product","3":"status-publish","4":"has-post-thumbnail","6":"product_cat-collecte-des-dechets","7":"product_cat-non-palettisable","8":"product_cat-poubelles","9":"product_cat-usage-unique-et-entretien","10":"product_shipping_class-free-shipping","12":"first","13":"outofstock","14":"featured","15":"taxable","16":"shipping-taxable","17":"purchasable","18":"product-type-simple"},"_links":{"self":[{"href":"https:\/\/abinox-chr-clim.com\/index.php\/wp-json\/wp\/v2\/product\/111442","targetHints":{"allow":["GET"]}}],"collection":[{"href":"https:\/\/abinox-chr-clim.com\/index.php\/wp-json\/wp\/v2\/product"}],"about":[{"href":"https:\/\/abinox-chr-clim.com\/index.php\/wp-json\/wp\/v2\/types\/product"}],"replies":[{"embeddable":true,"href":"https:\/\/abinox-chr-clim.com\/index.php\/wp-json\/wp\/v2\/comments?post=111442"}],"wp:featuredmedia":[{"embeddable":true,"href":"https:\/\/abinox-chr-clim.com\/index.php\/wp-json\/wp\/v2\/media\/106281"}],"wp:attachment":[{"href":"https:\/\/abinox-chr-clim.com\/index.php\/wp-json\/wp\/v2\/media?parent=111442"}],"wp:term":[{"taxonomy":"product_brand","embeddable":true,"href":"https:\/\/abinox-chr-clim.com\/index.php\/wp-json\/wp\/v2\/product_brand?post=111442"},{"taxonomy":"product_cat","embeddable":true,"href":"https:\/\/abinox-chr-clim.com\/index.php\/wp-json\/wp\/v2\/product_cat?post=111442"},{"taxonomy":"product_tag","embeddable":true,"href":"https:\/\/abinox-chr-clim.com\/index.php\/wp-json\/wp\/v2\/product_tag?post=111442"}],"curies":[{"name":"wp","href":"https:\/\/api.w.org\/{rel}","templated":true}]}}