{"id":111439,"date":"2025-05-29T12:40:00","date_gmt":"2025-05-29T10:40:00","guid":{"rendered":"https:\/\/abinox-chr-clim.com\/index.php\/product\/sacs-poubelle-legers-jantex-transparents-80l-lot-de-200\/"},"modified":"2026-04-02T10:47:12","modified_gmt":"2026-04-02T08:47:12","slug":"sacs-poubelle-legers-jantex-transparents-80l-lot-de-200","status":"publish","type":"product","link":"https:\/\/abinox-chr-clim.com\/index.php\/product\/sacs-poubelle-legers-jantex-transparents-80l-lot-de-200\/","title":{"rendered":"Sacs poubelle l\u00e9gers Jantex transparents 80L (lot de 200)"},"content":{"rendered":"<p>Fabriqu\u00e9s en plastique recycl\u00e9 solide, ces sacs poubelle transparents r\u00e9sistent aux perforations et aux d\u00e9chirures pour assurer la s\u00e9curit\u00e9 des d\u00e9chets. La conception transparente permet de v\u00e9rifier rapidement le contenu pour des raisons de s\u00e9curit\u00e9 ou changer de sac. Parfaits pour les cuisines commerciales et les zones de stockage de d\u00e9chets.<\/p>\n<p>\u2022 La capacit\u00e9 de poids maximale de 5kg les rend id\u00e9aux pour l&rsquo;\u00e9limination des d\u00e9chets l\u00e9gers<br \/>\u2022 Id\u00e9al pour un usage commercial gr\u00e2ce \u00e0 la grande capacit\u00e9 de 80L<br \/>\u2022 Fabriqu\u00e9s \u00e0 partir de plastique recycl\u00e9, r\u00e9duisant consid\u00e9rablement l&rsquo;impact environnemental<br \/>\u2022 Le mat\u00e9riau transparent permet d&rsquo;identifier rapidement le contenu pour la s\u00e9curit\u00e9 ou les changements de sac<\/p>\n<p><b><u>Caract\u00e9ristiques du produit :<\/u><\/b><br \/>\u2022 Lot : 200.0<br \/>\u2022 Capacit\u00e9 : 80L<br \/>\u2022 Dim. : 920(L) x 720(P) mm | Largeur ouverte : 1440mm<br \/>\u2022 Mati\u00e8re : Poly\u00e9thyl\u00e8ne recycl\u00e9<br \/>\u2022 Couleur : Transparent.<\/p>\n","protected":false},"excerpt":{"rendered":"<p>Capacit\u00e9 : 80L | Capacit\u00e9 de poids maximale de 5 kg. Lot de 200<\/p>\n","protected":false},"featured_media":107243,"comment_status":"open","ping_status":"closed","template":"","meta":[],"product_brand":[],"product_cat":[1217,1297,1219,1216],"product_tag":[],"class_list":{"0":"post-111439","1":"product","2":"type-product","3":"status-publish","4":"has-post-thumbnail","6":"product_cat-collecte-des-dechets","7":"product_cat-non-palettisable","8":"product_cat-poubelles","9":"product_cat-usage-unique-et-entretien","10":"product_shipping_class-free-shipping","12":"first","13":"instock","14":"featured","15":"taxable","16":"shipping-taxable","17":"purchasable","18":"product-type-simple"},"_links":{"self":[{"href":"https:\/\/abinox-chr-clim.com\/index.php\/wp-json\/wp\/v2\/product\/111439","targetHints":{"allow":["GET"]}}],"collection":[{"href":"https:\/\/abinox-chr-clim.com\/index.php\/wp-json\/wp\/v2\/product"}],"about":[{"href":"https:\/\/abinox-chr-clim.com\/index.php\/wp-json\/wp\/v2\/types\/product"}],"replies":[{"embeddable":true,"href":"https:\/\/abinox-chr-clim.com\/index.php\/wp-json\/wp\/v2\/comments?post=111439"}],"wp:featuredmedia":[{"embeddable":true,"href":"https:\/\/abinox-chr-clim.com\/index.php\/wp-json\/wp\/v2\/media\/107243"}],"wp:attachment":[{"href":"https:\/\/abinox-chr-clim.com\/index.php\/wp-json\/wp\/v2\/media?parent=111439"}],"wp:term":[{"taxonomy":"product_brand","embeddable":true,"href":"https:\/\/abinox-chr-clim.com\/index.php\/wp-json\/wp\/v2\/product_brand?post=111439"},{"taxonomy":"product_cat","embeddable":true,"href":"https:\/\/abinox-chr-clim.com\/index.php\/wp-json\/wp\/v2\/product_cat?post=111439"},{"taxonomy":"product_tag","embeddable":true,"href":"https:\/\/abinox-chr-clim.com\/index.php\/wp-json\/wp\/v2\/product_tag?post=111439"}],"curies":[{"name":"wp","href":"https:\/\/api.w.org\/{rel}","templated":true}]}}