{"id":111438,"date":"2025-05-29T12:39:58","date_gmt":"2025-05-29T10:39:58","guid":{"rendered":"https:\/\/abinox-chr-clim.com\/index.php\/product\/sacs-poubelle-legers-jantex-noirs-40l-lot-de-500\/"},"modified":"2025-08-26T15:02:56","modified_gmt":"2025-08-26T13:02:56","slug":"sacs-poubelle-legers-jantex-noirs-40l-lot-de-500","status":"publish","type":"product","link":"https:\/\/abinox-chr-clim.com\/index.php\/product\/sacs-poubelle-legers-jantex-noirs-40l-lot-de-500\/","title":{"rendered":"Sacs poubelle l\u00e9gers Jantex noirs 40L (lot de 500)"},"content":{"rendered":"<p>Fabriqu\u00e9s en poly\u00e9thyl\u00e8ne r\u00e9sistant, les sacs poubelle noirs Jantex permettent au personnel d&rsquo;\u00e9liminer les d\u00e9chets en toute s\u00e9curit\u00e9, en r\u00e9duisant le risque de d\u00e9chirures et de d\u00e9versements. L&rsquo;accr\u00e9ditation CHSA garantit qu&rsquo;ils r\u00e9pondent aux normes de r\u00e9sistance au poids, \u00e0 la perforation et \u00e0 la d\u00e9chirure.<\/p>\n<p>\u2022 Id\u00e9al pour une utilisation avec des poubelles plus petites dans les bureaux et les cuisines<br \/>\u2022 Largeur de face : 381 mm<br \/>\u2022 Conception facile \u00e0 fermer par lien, permettant de les sceller facilement et en toute s\u00e9curit\u00e9<br \/>\u2022 Peut contenir jusqu&rsquo;\u00e0 40 litres de d\u00e9chets, du papier aux d\u00e9chets alimentaires<br \/>\u2022 Largeur ouverte : 610 mm<br \/>\u2022 Peuvent \u00eatre recycl\u00e9s ; v\u00e9rifiez d&rsquo;abord aupr\u00e8s de votre service de gestion des d\u00e9chets avant de les envoyer au recyclage<br \/>\u2022 Ces sacs poubelle en poly\u00e9thyl\u00e8ne peuvent \u00eatre recycl\u00e9s<\/p>\n<p><b><u>Caract\u00e9ristiques du produit :<\/u><\/b><br \/>\u2022 Lot : 200.0<br \/>\u2022 Capacit\u00e9 : 40L<br \/>\u2022 Dim. : 610(H) x 381(L) x 610(P) mm<br \/>\u2022 Mati\u00e8re : Poly\u00e9thyl\u00e8ne<br \/>\u2022 Couleur : Noir.<\/p>\n","protected":false},"excerpt":{"rendered":"<p>Capacit\u00e9 : 40L. Lot de 500<\/p>\n","protected":false},"featured_media":107242,"comment_status":"open","ping_status":"closed","template":"","meta":[],"product_brand":[],"product_cat":[1217,1297,1219,1216],"product_tag":[],"class_list":{"0":"post-111438","1":"product","2":"type-product","3":"status-publish","4":"has-post-thumbnail","6":"product_cat-collecte-des-dechets","7":"product_cat-non-palettisable","8":"product_cat-poubelles","9":"product_cat-usage-unique-et-entretien","10":"product_shipping_class-free-shipping","12":"first","13":"outofstock","14":"featured","15":"taxable","16":"shipping-taxable","17":"purchasable","18":"product-type-simple"},"_links":{"self":[{"href":"https:\/\/abinox-chr-clim.com\/index.php\/wp-json\/wp\/v2\/product\/111438","targetHints":{"allow":["GET"]}}],"collection":[{"href":"https:\/\/abinox-chr-clim.com\/index.php\/wp-json\/wp\/v2\/product"}],"about":[{"href":"https:\/\/abinox-chr-clim.com\/index.php\/wp-json\/wp\/v2\/types\/product"}],"replies":[{"embeddable":true,"href":"https:\/\/abinox-chr-clim.com\/index.php\/wp-json\/wp\/v2\/comments?post=111438"}],"wp:featuredmedia":[{"embeddable":true,"href":"https:\/\/abinox-chr-clim.com\/index.php\/wp-json\/wp\/v2\/media\/107242"}],"wp:attachment":[{"href":"https:\/\/abinox-chr-clim.com\/index.php\/wp-json\/wp\/v2\/media?parent=111438"}],"wp:term":[{"taxonomy":"product_brand","embeddable":true,"href":"https:\/\/abinox-chr-clim.com\/index.php\/wp-json\/wp\/v2\/product_brand?post=111438"},{"taxonomy":"product_cat","embeddable":true,"href":"https:\/\/abinox-chr-clim.com\/index.php\/wp-json\/wp\/v2\/product_cat?post=111438"},{"taxonomy":"product_tag","embeddable":true,"href":"https:\/\/abinox-chr-clim.com\/index.php\/wp-json\/wp\/v2\/product_tag?post=111438"}],"curies":[{"name":"wp","href":"https:\/\/api.w.org\/{rel}","templated":true}]}}