{"id":111437,"date":"2025-05-29T12:39:57","date_gmt":"2025-05-29T10:39:57","guid":{"rendered":"https:\/\/abinox-chr-clim.com\/index.php\/product\/sacs-poubelle-resistants-jantex-noirs-70l-lot-de-100\/"},"modified":"2026-04-14T11:41:36","modified_gmt":"2026-04-14T09:41:36","slug":"sacs-poubelle-resistants-jantex-noirs-70l-lot-de-100","status":"publish","type":"product","link":"https:\/\/abinox-chr-clim.com\/index.php\/product\/sacs-poubelle-resistants-jantex-noirs-70l-lot-de-100\/","title":{"rendered":"Sacs poubelle r\u00e9sistants Jantex noirs 70L (lot de 100)"},"content":{"rendered":"<p>Fabriqu\u00e9s en poly\u00e9thyl\u00e8ne r\u00e9sistant, les sacs poubelle noirs Jantex permettent au personnel d&rsquo;\u00e9liminer les d\u00e9chets en toute s\u00e9curit\u00e9, en r\u00e9duisant le risque de d\u00e9chirures et de d\u00e9versements. L&rsquo;accr\u00e9ditation CHSA garantit qu&rsquo;ils r\u00e9pondent aux normes de r\u00e9sistance au poids, \u00e0 la perforation et \u00e0 la d\u00e9chirure.<\/p>\n<p>\u2022 La capacit\u00e9 de 70 litres permet aux sacs de contenir des volumes moyens de d\u00e9chets avant de devoir \u00eatre vid\u00e9s<br \/>\u2022 Capacit\u00e9 de poids de 15kg permettant aux sacs de contenir en toute s\u00e9curit\u00e9 des d\u00e9chets industriels lourds<br \/>\u2022 Les sacs sont fabriqu\u00e9s \u00e0 partir de plastique recycl\u00e9, ce qui r\u00e9duit consid\u00e9rablement l&rsquo;impact sur l&rsquo;environnement.<br \/>\u2022 Mat\u00e9riau noir cachant les d\u00e9chets et am\u00e9liorant la confidentialit\u00e9<br \/>\u2022 Quantit\u00e9 de 100 signifiant que chaque lot durera plus longtemps<\/p>\n<p><b><u>Caract\u00e9ristiques du produit :<\/u><\/b><br \/>\u2022 Lot : 100.0<br \/>\u2022 Capacit\u00e9 : 70L<br \/>\u2022 Dim. : 960(L) x 755(L) mm | Largeur ouverte : 1510mm<br \/>\u2022 Mati\u00e8re : Poly\u00e9thyl\u00e8ne recycl\u00e9<br \/>\u2022 Couleur : Noir.<\/p>\n","protected":false},"excerpt":{"rendered":"<p>Capacit\u00e9 : 70L | Poids maximum 15kg. Lot de 100<\/p>\n","protected":false},"featured_media":109083,"comment_status":"open","ping_status":"closed","template":"","meta":[],"product_brand":[],"product_cat":[1217,1297,1219,1216],"product_tag":[],"class_list":{"0":"post-111437","1":"product","2":"type-product","3":"status-publish","4":"has-post-thumbnail","6":"product_cat-collecte-des-dechets","7":"product_cat-non-palettisable","8":"product_cat-poubelles","9":"product_cat-usage-unique-et-entretien","10":"product_shipping_class-free-shipping","12":"first","13":"instock","14":"featured","15":"taxable","16":"shipping-taxable","17":"purchasable","18":"product-type-simple"},"_links":{"self":[{"href":"https:\/\/abinox-chr-clim.com\/index.php\/wp-json\/wp\/v2\/product\/111437","targetHints":{"allow":["GET"]}}],"collection":[{"href":"https:\/\/abinox-chr-clim.com\/index.php\/wp-json\/wp\/v2\/product"}],"about":[{"href":"https:\/\/abinox-chr-clim.com\/index.php\/wp-json\/wp\/v2\/types\/product"}],"replies":[{"embeddable":true,"href":"https:\/\/abinox-chr-clim.com\/index.php\/wp-json\/wp\/v2\/comments?post=111437"}],"wp:featuredmedia":[{"embeddable":true,"href":"https:\/\/abinox-chr-clim.com\/index.php\/wp-json\/wp\/v2\/media\/109083"}],"wp:attachment":[{"href":"https:\/\/abinox-chr-clim.com\/index.php\/wp-json\/wp\/v2\/media?parent=111437"}],"wp:term":[{"taxonomy":"product_brand","embeddable":true,"href":"https:\/\/abinox-chr-clim.com\/index.php\/wp-json\/wp\/v2\/product_brand?post=111437"},{"taxonomy":"product_cat","embeddable":true,"href":"https:\/\/abinox-chr-clim.com\/index.php\/wp-json\/wp\/v2\/product_cat?post=111437"},{"taxonomy":"product_tag","embeddable":true,"href":"https:\/\/abinox-chr-clim.com\/index.php\/wp-json\/wp\/v2\/product_tag?post=111437"}],"curies":[{"name":"wp","href":"https:\/\/api.w.org\/{rel}","templated":true}]}}