{"id":111433,"date":"2025-05-29T12:39:48","date_gmt":"2025-05-29T10:39:48","guid":{"rendered":"https:\/\/abinox-chr-clim.com\/index.php\/product\/sacs-poubelle-compostables-jantex-10l-lot-de-24\/"},"modified":"2026-04-14T11:41:32","modified_gmt":"2026-04-14T09:41:32","slug":"sacs-poubelle-compostables-jantex-10l-lot-de-24","status":"publish","type":"product","link":"https:\/\/abinox-chr-clim.com\/index.php\/product\/sacs-poubelle-compostables-jantex-10l-lot-de-24\/","title":{"rendered":"Sacs poubelle compostables Jantex 10L (lot de 24)"},"content":{"rendered":"<p>\u00c9liminez vos d\u00e9chets alimentaires et organiques avec les sacs poubelles compostables Jantex Green. Comme ces sacs sont fabriqu\u00e9s \u00e0 partir de PLA \u00e0 base de plantes, ils peuvent \u00eatre enti\u00e8rement compost\u00e9s avec les d\u00e9chets alimentaires lorsqu&rsquo;ils sont envoy\u00e9s dans une installation de compostage industriel.<\/p>\n<p>\u2022 Contient jusqu&rsquo;\u00e0 10 litres de d\u00e9chets, id\u00e9al pour les caddies de table et les petites poubelles alimentaires<br \/>\u2022 Se compostent enti\u00e8rement en 3 \u00e0 4 semaines<br \/>\u2022 Pour une \u00e9limination via un flux de d\u00e9chets compostables<br \/>\u2022 Fabriqu\u00e9s \u00e0 partir de mat\u00e9riaux d&rsquo;origine v\u00e9g\u00e9tale renouvelables<br \/>\u2022 Uniquement adapt\u00e9s aux d\u00e9chets alimentaires et organiques<\/p>\n<p><b><u>Caract\u00e9ristiques du produit :<\/u><\/b><br \/>\u2022 Lot : 24.0<br \/>\u2022 Capacit\u00e9 : 10L<br \/>\u2022 Dim. : 445(L) x 390(P) mm | Largeur ouverte : 780mm<br \/>\u2022 Mati\u00e8re : PLA<br \/>\u2022 Couleur : Vert.<\/p>\n","protected":false},"excerpt":{"rendered":"<p>Capacit\u00e9 : 10 litres. Id\u00e9al pour les distributeurs de table et les petites poubelles alimentaires. Lot de 24<\/p>\n","protected":false},"featured_media":105899,"comment_status":"open","ping_status":"closed","template":"","meta":[],"product_brand":[],"product_cat":[1217,1297,1219,1216],"product_tag":[],"class_list":{"0":"post-111433","1":"product","2":"type-product","3":"status-publish","4":"has-post-thumbnail","6":"product_cat-collecte-des-dechets","7":"product_cat-non-palettisable","8":"product_cat-poubelles","9":"product_cat-usage-unique-et-entretien","10":"product_shipping_class-free-shipping","12":"first","13":"instock","14":"featured","15":"taxable","16":"shipping-taxable","17":"purchasable","18":"product-type-simple"},"_links":{"self":[{"href":"https:\/\/abinox-chr-clim.com\/index.php\/wp-json\/wp\/v2\/product\/111433","targetHints":{"allow":["GET"]}}],"collection":[{"href":"https:\/\/abinox-chr-clim.com\/index.php\/wp-json\/wp\/v2\/product"}],"about":[{"href":"https:\/\/abinox-chr-clim.com\/index.php\/wp-json\/wp\/v2\/types\/product"}],"replies":[{"embeddable":true,"href":"https:\/\/abinox-chr-clim.com\/index.php\/wp-json\/wp\/v2\/comments?post=111433"}],"wp:featuredmedia":[{"embeddable":true,"href":"https:\/\/abinox-chr-clim.com\/index.php\/wp-json\/wp\/v2\/media\/105899"}],"wp:attachment":[{"href":"https:\/\/abinox-chr-clim.com\/index.php\/wp-json\/wp\/v2\/media?parent=111433"}],"wp:term":[{"taxonomy":"product_brand","embeddable":true,"href":"https:\/\/abinox-chr-clim.com\/index.php\/wp-json\/wp\/v2\/product_brand?post=111433"},{"taxonomy":"product_cat","embeddable":true,"href":"https:\/\/abinox-chr-clim.com\/index.php\/wp-json\/wp\/v2\/product_cat?post=111433"},{"taxonomy":"product_tag","embeddable":true,"href":"https:\/\/abinox-chr-clim.com\/index.php\/wp-json\/wp\/v2\/product_tag?post=111433"}],"curies":[{"name":"wp","href":"https:\/\/api.w.org\/{rel}","templated":true}]}}