{"id":111432,"date":"2025-05-29T12:39:46","date_gmt":"2025-05-29T10:39:46","guid":{"rendered":"https:\/\/abinox-chr-clim.com\/index.php\/product\/verres-a-whisky-en-cristal-olympia-arno-285ml-lot-de-6\/"},"modified":"2026-04-24T11:16:16","modified_gmt":"2026-04-24T09:16:16","slug":"verres-a-whisky-en-cristal-olympia-arno-285ml-lot-de-6","status":"publish","type":"product","link":"https:\/\/abinox-chr-clim.com\/index.php\/product\/verres-a-whisky-en-cristal-olympia-arno-285ml-lot-de-6\/","title":{"rendered":"Verres \u00e0 whisky en cristal Olympia Arno 285ml (lot de 6)"},"content":{"rendered":"<p>Renouvelez votre verrerie avec les verres Arno Olympia. Fabriqu\u00e9s en cristal pour plus de durabilit\u00e9 et de transparence, ces verres offrent une esth\u00e9tique moderne et une utilisation durable, ce qui les rend parfaits pour les environnements d\u00e9contract\u00e9s et formels.<\/p>\n<p>\u2022 Le cristal de haute qualit\u00e9 offre une excellente transparence<br \/>\u2022 Le design compact rend les verres id\u00e9aux pour servir des alcools ou liqueurs sur glace<br \/>\u2022 La base \u00e9paisse am\u00e9liore la stabilit\u00e9 pour r\u00e9duire le risque de renversements<br \/>\u2022 Nettoyage rapide et facile au lave-vaisselle<br \/>\u2022 Les verres ne portent pas le marquage CE<\/p>\n<p><b><u>Caract\u00e9ristiques du produit :<\/u><\/b><br \/>\u2022 Lot : 6.0<br \/>\u2022 Capacit\u00e9 : 285ml<br \/>\u2022 Dim. : 79(H) x 79(\u00d8) mm<br \/>\u2022 Mati\u00e8re : Verre en cristal<br \/>\u2022 Poids : 192 g.<\/p>\n","protected":false},"excerpt":{"rendered":"<p>285ml. Lot de 6<\/p>\n","protected":false},"featured_media":105714,"comment_status":"open","ping_status":"closed","template":"","meta":[],"product_brand":[],"product_cat":[1023,1055,1297,1051],"product_tag":[],"class_list":{"0":"post-111432","1":"product","2":"type-product","3":"status-publish","4":"has-post-thumbnail","6":"product_cat-art-de-la-table","7":"product_cat-chopes-et-gobelets","8":"product_cat-non-palettisable","9":"product_cat-verrerie","10":"product_shipping_class-free-shipping","12":"first","13":"instock","14":"featured","15":"taxable","16":"shipping-taxable","17":"purchasable","18":"product-type-simple"},"_links":{"self":[{"href":"https:\/\/abinox-chr-clim.com\/index.php\/wp-json\/wp\/v2\/product\/111432","targetHints":{"allow":["GET"]}}],"collection":[{"href":"https:\/\/abinox-chr-clim.com\/index.php\/wp-json\/wp\/v2\/product"}],"about":[{"href":"https:\/\/abinox-chr-clim.com\/index.php\/wp-json\/wp\/v2\/types\/product"}],"replies":[{"embeddable":true,"href":"https:\/\/abinox-chr-clim.com\/index.php\/wp-json\/wp\/v2\/comments?post=111432"}],"wp:featuredmedia":[{"embeddable":true,"href":"https:\/\/abinox-chr-clim.com\/index.php\/wp-json\/wp\/v2\/media\/105714"}],"wp:attachment":[{"href":"https:\/\/abinox-chr-clim.com\/index.php\/wp-json\/wp\/v2\/media?parent=111432"}],"wp:term":[{"taxonomy":"product_brand","embeddable":true,"href":"https:\/\/abinox-chr-clim.com\/index.php\/wp-json\/wp\/v2\/product_brand?post=111432"},{"taxonomy":"product_cat","embeddable":true,"href":"https:\/\/abinox-chr-clim.com\/index.php\/wp-json\/wp\/v2\/product_cat?post=111432"},{"taxonomy":"product_tag","embeddable":true,"href":"https:\/\/abinox-chr-clim.com\/index.php\/wp-json\/wp\/v2\/product_tag?post=111432"}],"curies":[{"name":"wp","href":"https:\/\/api.w.org\/{rel}","templated":true}]}}