{"id":111426,"date":"2025-05-29T12:39:33","date_gmt":"2025-05-29T10:39:33","guid":{"rendered":"https:\/\/abinox-chr-clim.com\/index.php\/product\/verres-a-vin-rouge-en-cristal-olympia-cantina-475ml-lot-de-6\/"},"modified":"2026-04-21T11:28:11","modified_gmt":"2026-04-21T09:28:11","slug":"verres-a-vin-rouge-en-cristal-olympia-cantina-475ml-lot-de-6","status":"publish","type":"product","link":"https:\/\/abinox-chr-clim.com\/index.php\/product\/verres-a-vin-rouge-en-cristal-olympia-cantina-475ml-lot-de-6\/","title":{"rendered":"Verres \u00e0 vin rouge en cristal Olympia Cantina 475ml (lot de 6)"},"content":{"rendered":"<p>Servez le vin avec style gr\u00e2ce aux verres Cantina. Fabriqu\u00e9s en cristal de haute qualit\u00e9, ces verres pr\u00e9sentent un design intemporel et une transparence exceptionnelle qui rehaussent l&rsquo;attrait visuel de chaque verre. Les formes et tailles sp\u00e9cialis\u00e9es vous permettent de tirer le meilleur parti de chaque bouteille que vous ouvrez.<\/p>\n<p>\u2022 Compatibles avec le lave-vaisselle pour un nettoyage facile<br \/>\u2022 Ce produit n&rsquo;est pas marqu\u00e9 CE<br \/>\u2022 Le cristal de haute qualit\u00e9 offre une excellente transparence<br \/>\u2022 La tige incurv\u00e9e se fond dans le bol pour un look \u00e9l\u00e9gant<br \/>\u2022 La longue tige \u00e9l\u00e9gante \u00e9loigne la main du bol<\/p>\n<p><b><u>Caract\u00e9ristiques du produit :<\/u><\/b><br \/>\u2022 Lot : 6.0<br \/>\u2022 Capacit\u00e9 : 47,5 cl<br \/>\u2022 Dim. : 216(H) x 86(\u00d8) mm<br \/>\u2022 Mati\u00e8re : Verre en cristal<br \/>\u2022 Poids : 162 g.<\/p>\n","protected":false},"excerpt":{"rendered":"<p>475ml. Lot de 6<\/p>\n","protected":false},"featured_media":106808,"comment_status":"open","ping_status":"closed","template":"","meta":[],"product_brand":[],"product_cat":[1023,1297,1051,1063],"product_tag":[],"class_list":{"0":"post-111426","1":"product","2":"type-product","3":"status-publish","4":"has-post-thumbnail","6":"product_cat-art-de-la-table","7":"product_cat-non-palettisable","8":"product_cat-verrerie","9":"product_cat-vin","10":"product_shipping_class-free-shipping","12":"first","13":"instock","14":"featured","15":"taxable","16":"shipping-taxable","17":"purchasable","18":"product-type-simple"},"_links":{"self":[{"href":"https:\/\/abinox-chr-clim.com\/index.php\/wp-json\/wp\/v2\/product\/111426","targetHints":{"allow":["GET"]}}],"collection":[{"href":"https:\/\/abinox-chr-clim.com\/index.php\/wp-json\/wp\/v2\/product"}],"about":[{"href":"https:\/\/abinox-chr-clim.com\/index.php\/wp-json\/wp\/v2\/types\/product"}],"replies":[{"embeddable":true,"href":"https:\/\/abinox-chr-clim.com\/index.php\/wp-json\/wp\/v2\/comments?post=111426"}],"wp:featuredmedia":[{"embeddable":true,"href":"https:\/\/abinox-chr-clim.com\/index.php\/wp-json\/wp\/v2\/media\/106808"}],"wp:attachment":[{"href":"https:\/\/abinox-chr-clim.com\/index.php\/wp-json\/wp\/v2\/media?parent=111426"}],"wp:term":[{"taxonomy":"product_brand","embeddable":true,"href":"https:\/\/abinox-chr-clim.com\/index.php\/wp-json\/wp\/v2\/product_brand?post=111426"},{"taxonomy":"product_cat","embeddable":true,"href":"https:\/\/abinox-chr-clim.com\/index.php\/wp-json\/wp\/v2\/product_cat?post=111426"},{"taxonomy":"product_tag","embeddable":true,"href":"https:\/\/abinox-chr-clim.com\/index.php\/wp-json\/wp\/v2\/product_tag?post=111426"}],"curies":[{"name":"wp","href":"https:\/\/api.w.org\/{rel}","templated":true}]}}