{"id":111423,"date":"2025-05-29T12:39:27","date_gmt":"2025-05-29T10:39:27","guid":{"rendered":"https:\/\/abinox-chr-clim.com\/index.php\/product\/verres-a-vin-rouge-en-cristal-olympia-novello-470ml-lot-de-6\/"},"modified":"2026-04-21T11:28:08","modified_gmt":"2026-04-21T09:28:08","slug":"verres-a-vin-rouge-en-cristal-olympia-novello-470ml-lot-de-6","status":"publish","type":"product","link":"https:\/\/abinox-chr-clim.com\/index.php\/product\/verres-a-vin-rouge-en-cristal-olympia-novello-470ml-lot-de-6\/","title":{"rendered":"Verres \u00e0 vin rouge en cristal Olympia Novello 470ml (lot de 6)"},"content":{"rendered":"<p>Mettez en valeur votre bar et vos tables avec la gamme Novello Olympia. Choisissez parmi les verres \u00e0 vin, \u00e0 eau et \u00e0 champagne en cristal de haute qualit\u00e9 pour une clart\u00e9 et une long\u00e9vit\u00e9 optimales.<\/p>\n<p>\u2022 En cristal de haute qualit\u00e9 pour la transparence et la long\u00e9vit\u00e9<br \/>\u2022 Le design \u00e9l\u00e9gant compl\u00e8te tout bar ou table<br \/>\u2022 Adapt\u00e9 au lave-vaisselle pour un nettoyage rapide et efficace<\/p>\n<p><b><u>Caract\u00e9ristiques du produit :<\/u><\/b><br \/>\u2022 Lot : 6.0<br \/>\u2022 Capacit\u00e9 : 470ml<br \/>\u2022 Dim. : 223(H) x 84(\u00d8) mm<br \/>\u2022 Mati\u00e8re : Verre en cristal<br \/>\u2022 Poids : 176 g.<\/p>\n","protected":false},"excerpt":{"rendered":"<p>470ml. Lot de 6<\/p>\n","protected":false},"featured_media":109078,"comment_status":"open","ping_status":"closed","template":"","meta":[],"product_brand":[],"product_cat":[1023,1297,1051,1063],"product_tag":[],"class_list":{"0":"post-111423","1":"product","2":"type-product","3":"status-publish","4":"has-post-thumbnail","6":"product_cat-art-de-la-table","7":"product_cat-non-palettisable","8":"product_cat-verrerie","9":"product_cat-vin","10":"product_shipping_class-free-shipping","12":"first","13":"instock","14":"featured","15":"taxable","16":"shipping-taxable","17":"purchasable","18":"product-type-simple"},"_links":{"self":[{"href":"https:\/\/abinox-chr-clim.com\/index.php\/wp-json\/wp\/v2\/product\/111423","targetHints":{"allow":["GET"]}}],"collection":[{"href":"https:\/\/abinox-chr-clim.com\/index.php\/wp-json\/wp\/v2\/product"}],"about":[{"href":"https:\/\/abinox-chr-clim.com\/index.php\/wp-json\/wp\/v2\/types\/product"}],"replies":[{"embeddable":true,"href":"https:\/\/abinox-chr-clim.com\/index.php\/wp-json\/wp\/v2\/comments?post=111423"}],"wp:featuredmedia":[{"embeddable":true,"href":"https:\/\/abinox-chr-clim.com\/index.php\/wp-json\/wp\/v2\/media\/109078"}],"wp:attachment":[{"href":"https:\/\/abinox-chr-clim.com\/index.php\/wp-json\/wp\/v2\/media?parent=111423"}],"wp:term":[{"taxonomy":"product_brand","embeddable":true,"href":"https:\/\/abinox-chr-clim.com\/index.php\/wp-json\/wp\/v2\/product_brand?post=111423"},{"taxonomy":"product_cat","embeddable":true,"href":"https:\/\/abinox-chr-clim.com\/index.php\/wp-json\/wp\/v2\/product_cat?post=111423"},{"taxonomy":"product_tag","embeddable":true,"href":"https:\/\/abinox-chr-clim.com\/index.php\/wp-json\/wp\/v2\/product_tag?post=111423"}],"curies":[{"name":"wp","href":"https:\/\/api.w.org\/{rel}","templated":true}]}}