{"id":111420,"date":"2025-05-29T12:39:22","date_gmt":"2025-05-29T10:39:22","guid":{"rendered":"https:\/\/abinox-chr-clim.com\/index.php\/product\/seau-essoreur-haut-20-litres-jantex-marquage-vert\/"},"modified":"2026-04-14T11:28:30","modified_gmt":"2026-04-14T09:28:30","slug":"seau-essoreur-haut-20-litres-jantex-marquage-vert","status":"publish","type":"product","link":"https:\/\/abinox-chr-clim.com\/index.php\/product\/seau-essoreur-haut-20-litres-jantex-marquage-vert\/","title":{"rendered":"Seau essoreur haut 20 litres Jantex marquage vert"},"content":{"rendered":"<p>Le seau \u00e0 mop Jantex avec essoreuse offre une solution efficace et ergonomique pour le nettoyage des sols. Sa poign\u00e9e haute de 930 mm permet une manipulation facile, r\u00e9duisant la fatigue dorsale. Id\u00e9al pour une utilisation dans un syst\u00e8me de nettoyage cod\u00e9 par couleur pour minimiser la contamination crois\u00e9e.<\/p>\n<p>\u2022 Poign\u00e9e haute de 930 mm permettant un mouvement facile sans se pencher, r\u00e9duisant la fatigue du dos<br \/>\u2022 Roues d\u00e9cal\u00e9es pour un mouvement plus stable et solide<br \/>\u2022 Presse vers le bas qui enl\u00e8ve l&rsquo;exc\u00e8s d&rsquo;eau, r\u00e9duisant le risque de glissades et le gaspillage d&rsquo;eau<br \/>\u2022 Ce produit poss\u00e8de une impression verte pour une utilisation dans les espaces publics dans un syst\u00e8me de nettoyage codifi\u00e9 par couleur<br \/>\u2022 D&rsquo;autres couleurs pour diff\u00e9rentes zones sont disponibles : rouge (salles de bains) voir le code HW636, jaune (cuisine) voir le code HW638 et bleu (accueil\/bar) voir le code HW639<\/p>\n<p><b><u>Caract\u00e9ristiques du produit :<\/u><\/b><br \/>\u2022 Dim. : 930(H) x 370(L) x 550(P) mm<br \/>\u2022 Poids : 4,5 kg<br \/>\u2022 Couleur : Vert.<\/p>\n","protected":false},"excerpt":{"rendered":"<p>Capacit\u00e9 : 20L. 930(H)x370(L)x550(P)mm<\/p>\n","protected":false},"featured_media":107702,"comment_status":"open","ping_status":"closed","template":"","meta":[],"product_brand":[],"product_cat":[1277,1297],"product_tag":[],"class_list":{"0":"post-111420","1":"product","2":"type-product","3":"status-publish","4":"has-post-thumbnail","6":"product_cat-divers-principal","7":"product_cat-non-palettisable","8":"product_shipping_class-free-shipping","10":"first","11":"instock","12":"featured","13":"taxable","14":"shipping-taxable","15":"purchasable","16":"product-type-simple"},"_links":{"self":[{"href":"https:\/\/abinox-chr-clim.com\/index.php\/wp-json\/wp\/v2\/product\/111420","targetHints":{"allow":["GET"]}}],"collection":[{"href":"https:\/\/abinox-chr-clim.com\/index.php\/wp-json\/wp\/v2\/product"}],"about":[{"href":"https:\/\/abinox-chr-clim.com\/index.php\/wp-json\/wp\/v2\/types\/product"}],"replies":[{"embeddable":true,"href":"https:\/\/abinox-chr-clim.com\/index.php\/wp-json\/wp\/v2\/comments?post=111420"}],"wp:featuredmedia":[{"embeddable":true,"href":"https:\/\/abinox-chr-clim.com\/index.php\/wp-json\/wp\/v2\/media\/107702"}],"wp:attachment":[{"href":"https:\/\/abinox-chr-clim.com\/index.php\/wp-json\/wp\/v2\/media?parent=111420"}],"wp:term":[{"taxonomy":"product_brand","embeddable":true,"href":"https:\/\/abinox-chr-clim.com\/index.php\/wp-json\/wp\/v2\/product_brand?post=111420"},{"taxonomy":"product_cat","embeddable":true,"href":"https:\/\/abinox-chr-clim.com\/index.php\/wp-json\/wp\/v2\/product_cat?post=111420"},{"taxonomy":"product_tag","embeddable":true,"href":"https:\/\/abinox-chr-clim.com\/index.php\/wp-json\/wp\/v2\/product_tag?post=111420"}],"curies":[{"name":"wp","href":"https:\/\/api.w.org\/{rel}","templated":true}]}}