{"id":111418,"date":"2025-05-29T12:39:18","date_gmt":"2025-05-29T10:39:18","guid":{"rendered":"https:\/\/abinox-chr-clim.com\/index.php\/product\/pots-a-glace-fiesta-recyclable-240ml-lot-de-1000\/"},"modified":"2026-04-14T11:26:08","modified_gmt":"2026-04-14T09:26:08","slug":"pots-a-glace-fiesta-recyclable-240ml-lot-de-1000","status":"publish","type":"product","link":"https:\/\/abinox-chr-clim.com\/index.php\/product\/pots-a-glace-fiesta-recyclable-240ml-lot-de-1000\/","title":{"rendered":"Pots \u00e0 glace Fiesta Recyclable 240ml (lot de 1000)"},"content":{"rendered":"<p>Aidez \u00e0 pr\u00e9server les mat\u00e9riaux naturels et \u00e0 r\u00e9duire la quantit\u00e9 de d\u00e9chets dans les sites d&rsquo;enfouissement avec cette gamme recyclable Fiesta.<\/p>\n<p>\u2022 La taille de 340ml est id\u00e9ale pour trois boules de glace<br \/>\u2022 Convient \u00e9galement pour servir du sorbet, du yaourt glac\u00e9 et des fruits frais<br \/>\u2022 Fabriqu\u00e9 en carton recyclable pour aider \u00e0 r\u00e9duire les d\u00e9chets de d\u00e9charge<br \/>\u2022 La construction durable maintient la forme et minimise les d\u00e9versements<br \/>\u2022 Tailles suppl\u00e9mentaires disponibles : HW631 (85ml pour une boule) et HW632 (227ml pour deux boules)<\/p>\n<p><b><u>Caract\u00e9ristiques du produit :<\/u><\/b><br \/>\u2022 Lot : 1000.0<br \/>\u2022 Capacit\u00e9 : 35,5 cl<br \/>\u2022 Dim. : 65(H) mm<br \/>\u2022 Mati\u00e8re : Carton<br \/>\u2022 Couleur : Blanc.<\/p>\n","protected":false},"excerpt":{"rendered":"<p>Lot de 1000<\/p>\n","protected":false},"featured_media":105926,"comment_status":"open","ping_status":"closed","template":"","meta":[],"product_brand":[],"product_cat":[1277,1297],"product_tag":[],"class_list":{"0":"post-111418","1":"product","2":"type-product","3":"status-publish","4":"has-post-thumbnail","6":"product_cat-divers-principal","7":"product_cat-non-palettisable","8":"product_shipping_class-free-shipping","10":"first","11":"instock","12":"featured","13":"taxable","14":"shipping-taxable","15":"purchasable","16":"product-type-simple"},"_links":{"self":[{"href":"https:\/\/abinox-chr-clim.com\/index.php\/wp-json\/wp\/v2\/product\/111418","targetHints":{"allow":["GET"]}}],"collection":[{"href":"https:\/\/abinox-chr-clim.com\/index.php\/wp-json\/wp\/v2\/product"}],"about":[{"href":"https:\/\/abinox-chr-clim.com\/index.php\/wp-json\/wp\/v2\/types\/product"}],"replies":[{"embeddable":true,"href":"https:\/\/abinox-chr-clim.com\/index.php\/wp-json\/wp\/v2\/comments?post=111418"}],"wp:featuredmedia":[{"embeddable":true,"href":"https:\/\/abinox-chr-clim.com\/index.php\/wp-json\/wp\/v2\/media\/105926"}],"wp:attachment":[{"href":"https:\/\/abinox-chr-clim.com\/index.php\/wp-json\/wp\/v2\/media?parent=111418"}],"wp:term":[{"taxonomy":"product_brand","embeddable":true,"href":"https:\/\/abinox-chr-clim.com\/index.php\/wp-json\/wp\/v2\/product_brand?post=111418"},{"taxonomy":"product_cat","embeddable":true,"href":"https:\/\/abinox-chr-clim.com\/index.php\/wp-json\/wp\/v2\/product_cat?post=111418"},{"taxonomy":"product_tag","embeddable":true,"href":"https:\/\/abinox-chr-clim.com\/index.php\/wp-json\/wp\/v2\/product_tag?post=111418"}],"curies":[{"name":"wp","href":"https:\/\/api.w.org\/{rel}","templated":true}]}}