{"id":111413,"date":"2025-05-29T12:39:07","date_gmt":"2025-05-29T10:39:07","guid":{"rendered":"https:\/\/abinox-chr-clim.com\/index.php\/product\/barquettes-ovales-en-bagasse-fiesta-compostable-850ml-lot-de-100\/"},"modified":"2026-04-24T11:03:54","modified_gmt":"2026-04-24T09:03:54","slug":"barquettes-ovales-en-bagasse-fiesta-compostable-850ml-lot-de-100","status":"publish","type":"product","link":"https:\/\/abinox-chr-clim.com\/index.php\/product\/barquettes-ovales-en-bagasse-fiesta-compostable-850ml-lot-de-100\/","title":{"rendered":"Barquettes ovales en bagasse Fiesta Compostable 850ml (lot de 100)"},"content":{"rendered":"<p>Les bases des conteneurs alimentaires Fiesta en bagasse sont parfaites pour les services de plats \u00e0 emporter et de livraison. Ces bases ovales de 850 ml sont fabriqu\u00e9es \u00e0 partir de d\u00e9chets de canne \u00e0 sucre, elles peuvent donc \u00eatre compost\u00e9es commercialement apr\u00e8s utilisation. Cela signifie que vous et vos clients pouvez d\u00e9tourner les d\u00e9chets de la mise en d\u00e9charge, transformant ainsi vos emballages usag\u00e9s en compost utilis\u00e9 pour faire pousser des plantes.\u00c9tant donn\u00e9 que la bagasse est tr\u00e8s perm\u00e9able \u00e0 l&rsquo;air, les bases des conteneurs Fiesta ne retiendront pas la condensation. Cela emp\u00eachera vos aliments de devenir d\u00e9tremp\u00e9s lorsqu&rsquo;ils sont servis ou livr\u00e9s aux clients. Le mat\u00e9riau r\u00e9sistant \u00e0 la chaleur et \u00e0 l&rsquo;eau vous permet m\u00eame d&rsquo;utiliser les bases dans les micro-ondes, les fours et les cong\u00e9lateurs. Ainsi, vous avez le choix lors de la pr\u00e9paration, de la conservation et du r\u00e9chauffement de vos plats \u00e0 emporter.Compatibles avec nos couvercles Fiesta Recyclables en PET (Code HW630) \u00e0 ajustement serr\u00e9, ces bases ovales offrent une option d&#8217;emballage parfaite pour les plats \u00e0 emporter\/livraison pour vous et vos clients.\u00c9galement disponible en option 2 compartiments 900 ml (HW628).<\/p>\n<p>\u2022 Bagasse commercialement compostable certifi\u00e9e EN13432<br \/>\u2022 Fabriqu\u00e9 \u00e0 partir de r\u00e9sidus de canne \u00e0 sucre<br \/>\u2022 Mat\u00e9riau tr\u00e8s respirant et excellente alternative aux produits en polystyr\u00e8ne interdits<br \/>\u2022 Ne permet pas aux aliments de se d\u00e9tremper lorsqu&rsquo;ils sont chauds, ce qui est parfait pour les services de livraison et de vente \u00e0 emporter.<br \/>\u2022 Les couvercles sont vendus s\u00e9par\u00e9ment voir &#8211; Couvercles Fiesta en PET recyclable (HW630)<br \/>\u2022 Egalement disponible en mod\u00e8le de 900ml avec 2 compartiments (HW628)<\/p>\n<p><b><u>Caract\u00e9ristiques du produit :<\/u><\/b><br \/>\u2022 Lot : 100.0<br \/>\u2022 Dim. : 61(H) x 243(L)mm<br \/>\u2022 Couleur : Blanc.<\/p>\n","protected":false},"excerpt":{"rendered":"<p>Capacit\u00e9 : 850ml. Lot de 100<\/p>\n","protected":false},"featured_media":109073,"comment_status":"open","ping_status":"closed","template":"","meta":[],"product_brand":[],"product_cat":[1241,1297,1238,1216],"product_tag":[],"class_list":{"0":"post-111413","1":"product","2":"type-product","3":"status-publish","4":"has-post-thumbnail","6":"product_cat-emballages-vente-a-emporter","7":"product_cat-non-palettisable","8":"product_cat-produits-a-usage-unique","9":"product_cat-usage-unique-et-entretien","10":"product_shipping_class-free-shipping","12":"first","13":"outofstock","14":"featured","15":"taxable","16":"shipping-taxable","17":"purchasable","18":"product-type-simple"},"_links":{"self":[{"href":"https:\/\/abinox-chr-clim.com\/index.php\/wp-json\/wp\/v2\/product\/111413","targetHints":{"allow":["GET"]}}],"collection":[{"href":"https:\/\/abinox-chr-clim.com\/index.php\/wp-json\/wp\/v2\/product"}],"about":[{"href":"https:\/\/abinox-chr-clim.com\/index.php\/wp-json\/wp\/v2\/types\/product"}],"replies":[{"embeddable":true,"href":"https:\/\/abinox-chr-clim.com\/index.php\/wp-json\/wp\/v2\/comments?post=111413"}],"wp:featuredmedia":[{"embeddable":true,"href":"https:\/\/abinox-chr-clim.com\/index.php\/wp-json\/wp\/v2\/media\/109073"}],"wp:attachment":[{"href":"https:\/\/abinox-chr-clim.com\/index.php\/wp-json\/wp\/v2\/media?parent=111413"}],"wp:term":[{"taxonomy":"product_brand","embeddable":true,"href":"https:\/\/abinox-chr-clim.com\/index.php\/wp-json\/wp\/v2\/product_brand?post=111413"},{"taxonomy":"product_cat","embeddable":true,"href":"https:\/\/abinox-chr-clim.com\/index.php\/wp-json\/wp\/v2\/product_cat?post=111413"},{"taxonomy":"product_tag","embeddable":true,"href":"https:\/\/abinox-chr-clim.com\/index.php\/wp-json\/wp\/v2\/product_tag?post=111413"}],"curies":[{"name":"wp","href":"https:\/\/api.w.org\/{rel}","templated":true}]}}