{"id":111412,"date":"2025-05-29T12:39:05","date_gmt":"2025-05-29T10:39:05","guid":{"rendered":"https:\/\/abinox-chr-clim.com\/index.php\/product\/couvercles-en-pet-fiesta-recyclable-pour-barquettes-rectangulaires-lot-de-300\/"},"modified":"2026-04-24T11:14:49","modified_gmt":"2026-04-24T09:14:49","slug":"couvercles-en-pet-fiesta-recyclable-pour-barquettes-rectangulaires-lot-de-300","status":"publish","type":"product","link":"https:\/\/abinox-chr-clim.com\/index.php\/product\/couvercles-en-pet-fiesta-recyclable-pour-barquettes-rectangulaires-lot-de-300\/","title":{"rendered":"Couvercles en PET Fiesta Recyclable pour barquettes rectangulaires (Lot de 300)"},"content":{"rendered":"<p>Rangez et transportez les aliments efficacement avec les contenants alimentaires recyclables Fiesta et les couvercles. Disponibles dans une gamme de tailles, ils offrent un stockage fiable et s\u00e9curis\u00e9. Les couvercles ajust\u00e9s aident \u00e0 minimiser les d\u00e9versements et \u00e0 maintenir les aliments \u00e0 la temp\u00e9rature requise.<\/p>\n<p>\u2022 Scelle herm\u00e9tiquement pour garder les aliments frais<br \/>\u2022 Design \u00e0 dessus plat pour un empilage et un rangement faciles<br \/>\u2022 Le PET est largement recyclable<br \/>\u2022 Convient \u00e0 toutes les barquettes alimentaires rectangulaires en papier Fiesta 500 ml HW620, 650 ml HW621, 750 ml HW622 et 1000 ml HW623<br \/>\u2022 Couvercles en papier (voir code HW624) et couvercles en PP (voir code HW625) \u00e9galement disponibles<\/p>\n<p><b><u>Caract\u00e9ristiques du produit :<\/u><\/b><br \/>\u2022 Lot : 300.0<br \/>\u2022 Dim. : 10(H) x 173(L) x 123(P) mm.<\/p>\n","protected":false},"excerpt":{"rendered":"<p>173(L)x123(P)x16(H)mm. Quantit\u00e9 du lot : 300<\/p>\n","protected":false},"featured_media":105925,"comment_status":"open","ping_status":"closed","template":"","meta":[],"product_brand":[],"product_cat":[1241,1297,1238,1216],"product_tag":[],"class_list":{"0":"post-111412","1":"product","2":"type-product","3":"status-publish","4":"has-post-thumbnail","6":"product_cat-emballages-vente-a-emporter","7":"product_cat-non-palettisable","8":"product_cat-produits-a-usage-unique","9":"product_cat-usage-unique-et-entretien","10":"product_shipping_class-free-shipping","12":"first","13":"instock","14":"featured","15":"taxable","16":"shipping-taxable","17":"purchasable","18":"product-type-simple"},"_links":{"self":[{"href":"https:\/\/abinox-chr-clim.com\/index.php\/wp-json\/wp\/v2\/product\/111412","targetHints":{"allow":["GET"]}}],"collection":[{"href":"https:\/\/abinox-chr-clim.com\/index.php\/wp-json\/wp\/v2\/product"}],"about":[{"href":"https:\/\/abinox-chr-clim.com\/index.php\/wp-json\/wp\/v2\/types\/product"}],"replies":[{"embeddable":true,"href":"https:\/\/abinox-chr-clim.com\/index.php\/wp-json\/wp\/v2\/comments?post=111412"}],"wp:featuredmedia":[{"embeddable":true,"href":"https:\/\/abinox-chr-clim.com\/index.php\/wp-json\/wp\/v2\/media\/105925"}],"wp:attachment":[{"href":"https:\/\/abinox-chr-clim.com\/index.php\/wp-json\/wp\/v2\/media?parent=111412"}],"wp:term":[{"taxonomy":"product_brand","embeddable":true,"href":"https:\/\/abinox-chr-clim.com\/index.php\/wp-json\/wp\/v2\/product_brand?post=111412"},{"taxonomy":"product_cat","embeddable":true,"href":"https:\/\/abinox-chr-clim.com\/index.php\/wp-json\/wp\/v2\/product_cat?post=111412"},{"taxonomy":"product_tag","embeddable":true,"href":"https:\/\/abinox-chr-clim.com\/index.php\/wp-json\/wp\/v2\/product_tag?post=111412"}],"curies":[{"name":"wp","href":"https:\/\/api.w.org\/{rel}","templated":true}]}}