{"id":111409,"date":"2025-05-29T12:38:59","date_gmt":"2025-05-29T10:38:59","guid":{"rendered":"https:\/\/abinox-chr-clim.com\/index.php\/product\/barquettes-alimentaires-rectangulaires-fiesta-recyclable-1000ml-lot-de-300\/"},"modified":"2026-02-18T10:49:26","modified_gmt":"2026-02-18T09:49:26","slug":"barquettes-alimentaires-rectangulaires-fiesta-recyclable-1000ml-lot-de-300","status":"publish","type":"product","link":"https:\/\/abinox-chr-clim.com\/index.php\/product\/barquettes-alimentaires-rectangulaires-fiesta-recyclable-1000ml-lot-de-300\/","title":{"rendered":"Barquettes alimentaires rectangulaires Fiesta Recyclable 1000ml (lot de 300)"},"content":{"rendered":"<p>Stockez et transportez les aliments efficacement avec les contenants alimentaires recyclables Fiesta et leurs couvercles. Disponibles en plusieurs tailles, ils offrent un stockage fiable et s\u00e9curis\u00e9. Les couvercles herm\u00e9tiques aident \u00e0 minimiser les d\u00e9versements et \u00e0 maintenir les aliments \u00e0 la temp\u00e9rature requise.<\/p>\n<p>\u2022 Doublure en PP r\u00e9sistant \u00e0 une chaleur plus \u00e9lev\u00e9e &#8211; compatible pour armoires chauffantes, micro-ondes et fours<br \/>\u2022 Forme rectangulaire unique qui am\u00e9liore la pr\u00e9sentation<br \/>\u2022 Conception empilable avec couvercles compatibles (vendus s\u00e9par\u00e9ment) pour un stockage facile<br \/>\u2022 \u00c9tanche pour le service imm\u00e9diat et la livraison<br \/>\u2022 Recyclable via des programmes de collecte sp\u00e9cifiques; v\u00e9rifiez aupr\u00e8s de votre organisme<br \/>\u2022 Autres tailles disponibles dans la gamme : 500ml (HW620), 650ml (HW621) et 750ml (HW622)<br \/>\u2022 Couvercle en papier disponible (voir code HW624), Couvercle en PP disponible (voir code HW625) et Couvercle en PET disponible (voir code HW626)<\/p>\n<p><b><u>Caract\u00e9ristiques du produit :<\/u><\/b><br \/>\u2022 Lot : 300.0<br \/>\u2022 Dim. : 75(H) x 172(L) x 122(P) mm.<\/p>\n","protected":false},"excerpt":{"rendered":"<p>75(H)x172(L)x122(P)mm. Quantit\u00e9 par paquet : 300<\/p>\n","protected":false},"featured_media":106277,"comment_status":"open","ping_status":"closed","template":"","meta":[],"product_brand":[],"product_cat":[1241,1297,1238,1216],"product_tag":[],"class_list":{"0":"post-111409","1":"product","2":"type-product","3":"status-publish","4":"has-post-thumbnail","6":"product_cat-emballages-vente-a-emporter","7":"product_cat-non-palettisable","8":"product_cat-produits-a-usage-unique","9":"product_cat-usage-unique-et-entretien","10":"product_shipping_class-free-shipping","12":"first","13":"outofstock","14":"featured","15":"taxable","16":"shipping-taxable","17":"purchasable","18":"product-type-simple"},"_links":{"self":[{"href":"https:\/\/abinox-chr-clim.com\/index.php\/wp-json\/wp\/v2\/product\/111409","targetHints":{"allow":["GET"]}}],"collection":[{"href":"https:\/\/abinox-chr-clim.com\/index.php\/wp-json\/wp\/v2\/product"}],"about":[{"href":"https:\/\/abinox-chr-clim.com\/index.php\/wp-json\/wp\/v2\/types\/product"}],"replies":[{"embeddable":true,"href":"https:\/\/abinox-chr-clim.com\/index.php\/wp-json\/wp\/v2\/comments?post=111409"}],"wp:featuredmedia":[{"embeddable":true,"href":"https:\/\/abinox-chr-clim.com\/index.php\/wp-json\/wp\/v2\/media\/106277"}],"wp:attachment":[{"href":"https:\/\/abinox-chr-clim.com\/index.php\/wp-json\/wp\/v2\/media?parent=111409"}],"wp:term":[{"taxonomy":"product_brand","embeddable":true,"href":"https:\/\/abinox-chr-clim.com\/index.php\/wp-json\/wp\/v2\/product_brand?post=111409"},{"taxonomy":"product_cat","embeddable":true,"href":"https:\/\/abinox-chr-clim.com\/index.php\/wp-json\/wp\/v2\/product_cat?post=111409"},{"taxonomy":"product_tag","embeddable":true,"href":"https:\/\/abinox-chr-clim.com\/index.php\/wp-json\/wp\/v2\/product_tag?post=111409"}],"curies":[{"name":"wp","href":"https:\/\/api.w.org\/{rel}","templated":true}]}}