{"id":111404,"date":"2025-05-29T12:38:49","date_gmt":"2025-05-29T10:38:49","guid":{"rendered":"https:\/\/abinox-chr-clim.com\/index.php\/product\/chaises-bistrot-parisien-en-rotin-pe-bolero-motif-noir-lot-de-2\/"},"modified":"2026-01-12T09:35:59","modified_gmt":"2026-01-12T08:35:59","slug":"chaises-bistrot-parisien-en-rotin-pe-bolero-motif-noir-lot-de-2","status":"publish","type":"product","link":"https:\/\/abinox-chr-clim.com\/index.php\/product\/chaises-bistrot-parisien-en-rotin-pe-bolero-motif-noir-lot-de-2\/","title":{"rendered":"Chaises bistrot parisien en rotin PE Bolero motif noir (Lot de 2)"},"content":{"rendered":"<p>D&rsquo;une conception solide et robuste, ces chaises bistrot parisien en rotin PE Bolero conviennent \u00e0 un usage quotidien dans des \u00e9tablissements de restauration tr\u00e8s fr\u00e9quent\u00e9s. Les chaises poss\u00e8dent un cadre en aluminium et sont recouvertes d&rsquo;un imprim\u00e9 traditionnel.<\/p>\n<p>\u2022 Convient pour une utilisation en int\u00e9rieur et en ext\u00e9rieur<br \/>\u2022 Livr\u00e9es enti\u00e8rement assembl\u00e9es<br \/>\u2022 Les chaises sont conformes \u00e0 la norme BS EN16139. Cette norme sp\u00e9cifie les exigences de s\u00e9curit\u00e9, de r\u00e9sistance et de durabilit\u00e9 de tous les types de si\u00e8ges non domestiques<br \/>\u2022 Cadre en tubes d&rsquo;aluminium, peint au pinceau avec finition grain de bois, assise en rotin artificiel<br \/>\u2022 Design solide et robuste, adapt\u00e9 \u00e0 une utilisation quotidienne dans un environnement fr\u00e9quent\u00e9<br \/>\u2022 Design classique motif \u00e0 pois noir et blanc<br \/>\u2022 L\u00e9ger et facile \u00e0 d\u00e9placer entre les services<br \/>\u2022 Design empilable<br \/>\u2022 Peut \u00eatre nettoy\u00e9 avec un chiffon, utilisation recommand\u00e9e du nettoyeur haute pression pour nettoyer entre les tressages de rotin si n\u00e9cessaire<br \/>\u2022 Fournies par lot de 2<\/p>\n<p><b><u>Caract\u00e9ristiques du produit :<\/u><\/b><br \/>\u2022 Lot : 2.0<br \/>\u2022 Dim. : 890(H) x 564(L) mm<br \/>\u2022 Mati\u00e8re : Aluminium et polyrotin<br \/>\u2022 Poids : 3,6 kg<br \/>\u2022 Couleur : Noir.<\/p>\n","protected":false},"excerpt":{"rendered":"<p>Lot de 2<\/p>\n","protected":false},"featured_media":109070,"comment_status":"open","ping_status":"closed","template":"","meta":[],"product_brand":[],"product_cat":[1209,1208,1201,1296],"product_tag":[],"class_list":{"0":"post-111404","1":"product","2":"type-product","3":"status-publish","4":"has-post-thumbnail","6":"product_cat-chaises-interieur","7":"product_cat-interieur","8":"product_cat-mobilier","9":"product_cat-palettisable","10":"product_shipping_class-free-shipping","12":"first","13":"outofstock","14":"featured","15":"taxable","16":"shipping-taxable","17":"purchasable","18":"product-type-simple"},"_links":{"self":[{"href":"https:\/\/abinox-chr-clim.com\/index.php\/wp-json\/wp\/v2\/product\/111404","targetHints":{"allow":["GET"]}}],"collection":[{"href":"https:\/\/abinox-chr-clim.com\/index.php\/wp-json\/wp\/v2\/product"}],"about":[{"href":"https:\/\/abinox-chr-clim.com\/index.php\/wp-json\/wp\/v2\/types\/product"}],"replies":[{"embeddable":true,"href":"https:\/\/abinox-chr-clim.com\/index.php\/wp-json\/wp\/v2\/comments?post=111404"}],"wp:featuredmedia":[{"embeddable":true,"href":"https:\/\/abinox-chr-clim.com\/index.php\/wp-json\/wp\/v2\/media\/109070"}],"wp:attachment":[{"href":"https:\/\/abinox-chr-clim.com\/index.php\/wp-json\/wp\/v2\/media?parent=111404"}],"wp:term":[{"taxonomy":"product_brand","embeddable":true,"href":"https:\/\/abinox-chr-clim.com\/index.php\/wp-json\/wp\/v2\/product_brand?post=111404"},{"taxonomy":"product_cat","embeddable":true,"href":"https:\/\/abinox-chr-clim.com\/index.php\/wp-json\/wp\/v2\/product_cat?post=111404"},{"taxonomy":"product_tag","embeddable":true,"href":"https:\/\/abinox-chr-clim.com\/index.php\/wp-json\/wp\/v2\/product_tag?post=111404"}],"curies":[{"name":"wp","href":"https:\/\/api.w.org\/{rel}","templated":true}]}}