{"id":111401,"date":"2025-05-29T12:38:44","date_gmt":"2025-05-29T10:38:44","guid":{"rendered":"https:\/\/abinox-chr-clim.com\/index.php\/product\/coffre-fort-dhotel-pour-ordinateur-portable-bolero-2\/"},"modified":"2026-04-24T11:12:41","modified_gmt":"2026-04-24T09:12:41","slug":"coffre-fort-dhotel-pour-ordinateur-portable-bolero-2","status":"publish","type":"product","link":"https:\/\/abinox-chr-clim.com\/index.php\/product\/coffre-fort-dhotel-pour-ordinateur-portable-bolero-2\/","title":{"rendered":"Coffre-fort d&rsquo;h\u00f4tel pour ordinateur portable Bolero"},"content":{"rendered":"<p>Le coffre-fort de chambre d&rsquo;h\u00f4tel Bolero offre aux clients un endroit s\u00fbr pour ranger leurs effets personnels. Le clavier frontal facile \u00e0 utiliser permet aux utilisateurs de d\u00e9finir un code personnalis\u00e9 de 3 \u00e0 6 chiffres, tandis que le rev\u00eatement en moquette douce prot\u00e8ge les objets de valeur. Peut \u00eatre fix\u00e9 au mur ou au sol (fixations fournies).<\/p>\n<p>\u2022 Compatible avec les ordinateurs portables jusqu&rsquo;\u00e0 355mm<br \/>\u2022 Syst\u00e8me de gel de 5 minutes lorsque le code erron\u00e9 est saisi plus de 4 fois<br \/>\u2022 La porte s&rsquo;ouvre de gauche \u00e0 droite<br \/>\u2022 Port USB pour alimentation externe lorsque les batteries internes sont d\u00e9charg\u00e9es (c\u00e2ble USB non inclus)<br \/>\u2022 N\u00e9cessite 4 piles AA 1,5V (non incluses) &#8211; rendant le coffre flexible en termes de positionnement<br \/>\u2022 \u00c9cran d&rsquo;affichage LED clair<br \/>\u2022 Clavier r\u00e9tro\u00e9clair\u00e9 avec boutons en silicone<br \/>\u2022 Tapis int\u00e9rieur<br \/>\u2022 Avertissement de batterie faible<br \/>\u2022 Configuration reprogrammable avec code invit\u00e9 de 3 \u00e0 6 chiffres et code ma\u00eetre \u00e0 6 chiffres<br \/>\u2022 Trous de montage pr\u00e9-perc\u00e9s \u00e0 l&rsquo;arri\u00e8re et en bas du coffre<\/p>\n<p><b><u>Caract\u00e9ristiques du produit :<\/u><\/b><br \/>\u2022 Mati\u00e8re : Acier au carbone<br \/>\u2022 Poids : 10 kg<br \/>\u2022 Couleur : Noir.<\/p>\n","protected":false},"excerpt":{"rendered":"<p>202(H)x382(L)x420(P)mm. Compatible avec les ordinateurs portables jusqu&rsquo;\u00e0 35,5cm<\/p>\n","protected":false},"featured_media":106805,"comment_status":"open","ping_status":"closed","template":"","meta":[],"product_brand":[],"product_cat":[1136,1297,1134,1106],"product_tag":[],"class_list":{"0":"post-111401","1":"product","2":"type-product","3":"status-publish","4":"has-post-thumbnail","6":"product_cat-chambre-dhotel","7":"product_cat-non-palettisable","8":"product_cat-reception-hotellerie","9":"product_cat-restaurant-bar-et-hotel","10":"product_shipping_class-free-shipping","12":"first","13":"instock","14":"featured","15":"taxable","16":"shipping-taxable","17":"purchasable","18":"product-type-simple"},"_links":{"self":[{"href":"https:\/\/abinox-chr-clim.com\/index.php\/wp-json\/wp\/v2\/product\/111401","targetHints":{"allow":["GET"]}}],"collection":[{"href":"https:\/\/abinox-chr-clim.com\/index.php\/wp-json\/wp\/v2\/product"}],"about":[{"href":"https:\/\/abinox-chr-clim.com\/index.php\/wp-json\/wp\/v2\/types\/product"}],"replies":[{"embeddable":true,"href":"https:\/\/abinox-chr-clim.com\/index.php\/wp-json\/wp\/v2\/comments?post=111401"}],"wp:featuredmedia":[{"embeddable":true,"href":"https:\/\/abinox-chr-clim.com\/index.php\/wp-json\/wp\/v2\/media\/106805"}],"wp:attachment":[{"href":"https:\/\/abinox-chr-clim.com\/index.php\/wp-json\/wp\/v2\/media?parent=111401"}],"wp:term":[{"taxonomy":"product_brand","embeddable":true,"href":"https:\/\/abinox-chr-clim.com\/index.php\/wp-json\/wp\/v2\/product_brand?post=111401"},{"taxonomy":"product_cat","embeddable":true,"href":"https:\/\/abinox-chr-clim.com\/index.php\/wp-json\/wp\/v2\/product_cat?post=111401"},{"taxonomy":"product_tag","embeddable":true,"href":"https:\/\/abinox-chr-clim.com\/index.php\/wp-json\/wp\/v2\/product_tag?post=111401"}],"curies":[{"name":"wp","href":"https:\/\/api.w.org\/{rel}","templated":true}]}}