{"id":111400,"date":"2025-05-29T12:38:42","date_gmt":"2025-05-29T10:38:42","guid":{"rendered":"https:\/\/abinox-chr-clim.com\/index.php\/product\/tabouret-de-bar-en-pu-bolero-brooklyn-mocha\/"},"modified":"2026-04-14T11:18:38","modified_gmt":"2026-04-14T09:18:38","slug":"tabouret-de-bar-en-pu-bolero-brooklyn-mocha","status":"publish","type":"product","link":"https:\/\/abinox-chr-clim.com\/index.php\/product\/tabouret-de-bar-en-pu-bolero-brooklyn-mocha\/","title":{"rendered":"Tabouret de bar en PU Bolero Brooklyn mocha"},"content":{"rendered":"<p>Tabouret de bar haut r\u00e9glable avec structure poudr\u00e9e et si\u00e8ge rembourr\u00e9 en simili cuir mocha. Les surpiq\u00fbres d\u00e9taill\u00e9es sur l&rsquo;assise assurent une finition de haute qualit\u00e9. Livr\u00e9 \u00e0 monter.<\/p>\n<p>\u2022 Assise rembourr\u00e9e rev\u00eatement PU qui a l&rsquo;avantage de pouvoir \u00eatre essuy\u00e9, d&rsquo;\u00eatre durable et de r\u00e9sister aux taches<br \/>\u2022 Convient uniquement \u00e0 un usage int\u00e9rieur<br \/>\u2022 Conforme \u00e0 la norme EN16139 niveau 1 pour la s\u00e9curit\u00e9, la r\u00e9sistance et la durabilit\u00e9 de tous les types de si\u00e8ges non domestiques et \u00e0 la norme BS7176 relative \u00e0 la r\u00e9sistance \u00e0 l&rsquo;inflammation des meubles rembourr\u00e9s.<br \/>\u2022 Les coutures d\u00e9taill\u00e9es autour de l&rsquo;assise garantissent une finition de haute qualit\u00e9<br \/>\u2022 Ch\u00e2ssis en m\u00e9tal poudr\u00e9 noir, robuste et solide<br \/>\u2022 L&rsquo;assise est r\u00e9glable pour des hauteurs allant de 671 mm \u00e0 795 mm<br \/>\u2022 Le coussin d&rsquo;assise rembourr\u00e9 offre un excellent confort<br \/>\u2022 Livr\u00e9 \u00e0 monter avec des instructions faciles \u00e0 suivre<\/p>\n<p><b><u>Caract\u00e9ristiques du produit :<\/u><\/b><br \/>\u2022 Dim. : 795(H) x 367(L) mm<br \/>\u2022 Poids : 4,5 kg<br \/>\u2022 Couleur : Marron.<\/p>\n","protected":false},"excerpt":{"rendered":"<p>367(L)x367(P)x761-795(H)mm<\/p>\n","protected":false},"featured_media":109069,"comment_status":"open","ping_status":"closed","template":"","meta":[],"product_brand":[],"product_cat":[1208,1201,1296,1212],"product_tag":[],"class_list":{"0":"post-111400","1":"product","2":"type-product","3":"status-publish","4":"has-post-thumbnail","6":"product_cat-interieur","7":"product_cat-mobilier","8":"product_cat-palettisable","9":"product_cat-tables-interieur","10":"product_shipping_class-free-shipping","12":"first","13":"instock","14":"featured","15":"taxable","16":"shipping-taxable","17":"purchasable","18":"product-type-simple"},"_links":{"self":[{"href":"https:\/\/abinox-chr-clim.com\/index.php\/wp-json\/wp\/v2\/product\/111400","targetHints":{"allow":["GET"]}}],"collection":[{"href":"https:\/\/abinox-chr-clim.com\/index.php\/wp-json\/wp\/v2\/product"}],"about":[{"href":"https:\/\/abinox-chr-clim.com\/index.php\/wp-json\/wp\/v2\/types\/product"}],"replies":[{"embeddable":true,"href":"https:\/\/abinox-chr-clim.com\/index.php\/wp-json\/wp\/v2\/comments?post=111400"}],"wp:featuredmedia":[{"embeddable":true,"href":"https:\/\/abinox-chr-clim.com\/index.php\/wp-json\/wp\/v2\/media\/109069"}],"wp:attachment":[{"href":"https:\/\/abinox-chr-clim.com\/index.php\/wp-json\/wp\/v2\/media?parent=111400"}],"wp:term":[{"taxonomy":"product_brand","embeddable":true,"href":"https:\/\/abinox-chr-clim.com\/index.php\/wp-json\/wp\/v2\/product_brand?post=111400"},{"taxonomy":"product_cat","embeddable":true,"href":"https:\/\/abinox-chr-clim.com\/index.php\/wp-json\/wp\/v2\/product_cat?post=111400"},{"taxonomy":"product_tag","embeddable":true,"href":"https:\/\/abinox-chr-clim.com\/index.php\/wp-json\/wp\/v2\/product_tag?post=111400"}],"curies":[{"name":"wp","href":"https:\/\/api.w.org\/{rel}","templated":true}]}}