{"id":111398,"date":"2025-05-29T12:38:38","date_gmt":"2025-05-29T10:38:38","guid":{"rendered":"https:\/\/abinox-chr-clim.com\/index.php\/product\/chaises-en-resine-style-bois-courbe-bolero-soho-coloris-naturel-lot-de-4\/"},"modified":"2026-04-14T11:29:59","modified_gmt":"2026-04-14T09:29:59","slug":"chaises-en-resine-style-bois-courbe-bolero-soho-coloris-naturel-lot-de-4","status":"publish","type":"product","link":"https:\/\/abinox-chr-clim.com\/index.php\/product\/chaises-en-resine-style-bois-courbe-bolero-soho-coloris-naturel-lot-de-4\/","title":{"rendered":"Chaises en r\u00e9sine style bois courb\u00e9 Bolero Soho coloris naturel (lot de 4)"},"content":{"rendered":"<p>Les chaises Bolero Soho ont un design classique en bois courb\u00e9. Fabriqu\u00e9es en r\u00e9sine durable, elles sont l\u00e9g\u00e8res, r\u00e9sistantes aux taches, faciles \u00e0 nettoyer et peuvent \u00eatre empil\u00e9es pour gagner de la place. Elles sont conformes aux normes BS EN16139.<\/p>\n<p>\u2022 Convient pour une utilisation int\u00e9rieure et ext\u00e9rieure<br \/>\u2022 Design bois courb\u00e9 classique<br \/>\u2022 Empilable &#8211; id\u00e9al pour un rangement peu encombrant<br \/>\u2022 Fournies enti\u00e8rement assembl\u00e9es en lot de 4<br \/>\u2022 Facile \u00e0 nettoyer, r\u00e9sistant aux taches<br \/>\u2022 L\u00e9ger, facile \u00e0 d\u00e9placer entre les services<br \/>\u2022 Fabriqu\u00e9 en mat\u00e9riau r\u00e9sistant en r\u00e9sine<br \/>\u2022 Les chaises sont conformes \u00e0 la norme BS EN16139. Cette norme sp\u00e9cifie les exigences de s\u00e9curit\u00e9, de r\u00e9sistance et de durabilit\u00e9 pour tous les types d&rsquo;assises non domestiques<\/p>\n<p><b><u>Caract\u00e9ristiques du produit :<\/u><\/b><br \/>\u2022 Lot : 4.0<br \/>\u2022 Dim. : 911(H) x 420(L) x 485(P) mm<br \/>\u2022 Mati\u00e8re : Polypropyl\u00e8ne<br \/>\u2022 Poids : 4,35 kg<br \/>\u2022 Couleur : Marron.<\/p>\n","protected":false},"excerpt":{"rendered":"<p>911(H)x420(L)x485(P)mm. Lot de 4<\/p>\n","protected":false},"featured_media":107699,"comment_status":"open","ping_status":"closed","template":"","meta":[],"product_brand":[],"product_cat":[1209,1208,1201,1296],"product_tag":[],"class_list":{"0":"post-111398","1":"product","2":"type-product","3":"status-publish","4":"has-post-thumbnail","6":"product_cat-chaises-interieur","7":"product_cat-interieur","8":"product_cat-mobilier","9":"product_cat-palettisable","10":"product_shipping_class-free-shipping","12":"first","13":"instock","14":"featured","15":"taxable","16":"shipping-taxable","17":"purchasable","18":"product-type-simple"},"_links":{"self":[{"href":"https:\/\/abinox-chr-clim.com\/index.php\/wp-json\/wp\/v2\/product\/111398","targetHints":{"allow":["GET"]}}],"collection":[{"href":"https:\/\/abinox-chr-clim.com\/index.php\/wp-json\/wp\/v2\/product"}],"about":[{"href":"https:\/\/abinox-chr-clim.com\/index.php\/wp-json\/wp\/v2\/types\/product"}],"replies":[{"embeddable":true,"href":"https:\/\/abinox-chr-clim.com\/index.php\/wp-json\/wp\/v2\/comments?post=111398"}],"wp:featuredmedia":[{"embeddable":true,"href":"https:\/\/abinox-chr-clim.com\/index.php\/wp-json\/wp\/v2\/media\/107699"}],"wp:attachment":[{"href":"https:\/\/abinox-chr-clim.com\/index.php\/wp-json\/wp\/v2\/media?parent=111398"}],"wp:term":[{"taxonomy":"product_brand","embeddable":true,"href":"https:\/\/abinox-chr-clim.com\/index.php\/wp-json\/wp\/v2\/product_brand?post=111398"},{"taxonomy":"product_cat","embeddable":true,"href":"https:\/\/abinox-chr-clim.com\/index.php\/wp-json\/wp\/v2\/product_cat?post=111398"},{"taxonomy":"product_tag","embeddable":true,"href":"https:\/\/abinox-chr-clim.com\/index.php\/wp-json\/wp\/v2\/product_tag?post=111398"}],"curies":[{"name":"wp","href":"https:\/\/api.w.org\/{rel}","templated":true}]}}