{"id":111390,"date":"2025-05-29T12:38:24","date_gmt":"2025-05-29T10:38:24","guid":{"rendered":"https:\/\/abinox-chr-clim.com\/index.php\/product\/couvercles-pet-fiesta-recyclable-pour-barquettes-en-bagasse-lot-de-100\/"},"modified":"2026-04-24T11:03:53","modified_gmt":"2026-04-24T09:03:53","slug":"couvercles-pet-fiesta-recyclable-pour-barquettes-en-bagasse-lot-de-100","status":"publish","type":"product","link":"https:\/\/abinox-chr-clim.com\/index.php\/product\/couvercles-pet-fiesta-recyclable-pour-barquettes-en-bagasse-lot-de-100\/","title":{"rendered":"Couvercles PET Fiesta Recyclable pour barquettes en bagasse (lot de 100)"},"content":{"rendered":"<p>Couvercles pour barquettes Fiesta fabriqu\u00e9s \u00e0 partir d&rsquo;un mat\u00e9riau PET largement recyclable. Les couvercles ont une finition transparente et sont compatibles avec la gamme de barquettes en bagasse Fiesta Compostable.<\/p>\n<p>\u2022 Mat\u00e9riau PET &#8211; largement recyclable<br \/>\u2022 barquettes vendues s\u00e9par\u00e9ment voir les codes &#8211; 500 ml (HW033), 650 ml (HW034), 800 ml (HW035) et 1 000 ml (HW036).<br \/>\u2022 Meilleure utilisation avec des aliments froids<\/p>\n<p><b><u>Caract\u00e9ristiques du produit :<\/u><\/b><br \/>\u2022 Lot : 100.0<br \/>\u2022 Dim. : 10(H) x 138(L) x 189(P) mm<br \/>\u2022 Poids : 10 g<br \/>\u2022 Couleur : Transparent.<\/p>\n","protected":false},"excerpt":{"rendered":"<p>Convient \u00e0 la gamme de barquettes en bagasse Fiesta 500 ml, 650 ml, 800 ml et 1000 ml. Quantit\u00e9 par paquet : 100<\/p>\n","protected":false},"featured_media":105713,"comment_status":"open","ping_status":"closed","template":"","meta":[],"product_brand":[],"product_cat":[1241,1297,1238,1216],"product_tag":[],"class_list":{"0":"post-111390","1":"product","2":"type-product","3":"status-publish","4":"has-post-thumbnail","6":"product_cat-emballages-vente-a-emporter","7":"product_cat-non-palettisable","8":"product_cat-produits-a-usage-unique","9":"product_cat-usage-unique-et-entretien","10":"product_shipping_class-free-shipping","12":"first","13":"instock","14":"featured","15":"taxable","16":"shipping-taxable","17":"purchasable","18":"product-type-simple"},"_links":{"self":[{"href":"https:\/\/abinox-chr-clim.com\/index.php\/wp-json\/wp\/v2\/product\/111390","targetHints":{"allow":["GET"]}}],"collection":[{"href":"https:\/\/abinox-chr-clim.com\/index.php\/wp-json\/wp\/v2\/product"}],"about":[{"href":"https:\/\/abinox-chr-clim.com\/index.php\/wp-json\/wp\/v2\/types\/product"}],"replies":[{"embeddable":true,"href":"https:\/\/abinox-chr-clim.com\/index.php\/wp-json\/wp\/v2\/comments?post=111390"}],"wp:featuredmedia":[{"embeddable":true,"href":"https:\/\/abinox-chr-clim.com\/index.php\/wp-json\/wp\/v2\/media\/105713"}],"wp:attachment":[{"href":"https:\/\/abinox-chr-clim.com\/index.php\/wp-json\/wp\/v2\/media?parent=111390"}],"wp:term":[{"taxonomy":"product_brand","embeddable":true,"href":"https:\/\/abinox-chr-clim.com\/index.php\/wp-json\/wp\/v2\/product_brand?post=111390"},{"taxonomy":"product_cat","embeddable":true,"href":"https:\/\/abinox-chr-clim.com\/index.php\/wp-json\/wp\/v2\/product_cat?post=111390"},{"taxonomy":"product_tag","embeddable":true,"href":"https:\/\/abinox-chr-clim.com\/index.php\/wp-json\/wp\/v2\/product_tag?post=111390"}],"curies":[{"name":"wp","href":"https:\/\/api.w.org\/{rel}","templated":true}]}}