{"id":111389,"date":"2025-05-29T12:38:22","date_gmt":"2025-05-29T10:38:22","guid":{"rendered":"https:\/\/abinox-chr-clim.com\/index.php\/product\/couvercles-en-bagasse-fiesta-compostable-pour-barquettes-en-bagasse-lot-de-100\/"},"modified":"2026-02-18T10:38:51","modified_gmt":"2026-02-18T09:38:51","slug":"couvercles-en-bagasse-fiesta-compostable-pour-barquettes-en-bagasse-lot-de-100","status":"publish","type":"product","link":"https:\/\/abinox-chr-clim.com\/index.php\/product\/couvercles-en-bagasse-fiesta-compostable-pour-barquettes-en-bagasse-lot-de-100\/","title":{"rendered":"Couvercles en bagasse Fiesta Compostable pour barquettes en bagasse (lot de 100)"},"content":{"rendered":"<p>Couvercles pour barquettes en bagasse commercialement compostables, fabriqu\u00e9s \u00e0 partir de d\u00e9chets de canne \u00e0 sucre. Les couvercles sont r\u00e9sistants \u00e0 la chaleur et \u00e0 l&rsquo;eau et compatibles avec les barquettes en bagasse.<\/p>\n<p>\u2022 Mat\u00e9riau de bagasse commercialement compostable certifi\u00e9 EN13432<br \/>\u2022 Barquettes vendues s\u00e9par\u00e9ment, voir codes &#8211; 500 ml (HW033), 650 ml (HW034), 800 ml (HW035), 1 000 ml (HW036).<br \/>\u2022 Mat\u00e9riau hautement respirant et une excellente alternative aux produits en polystyr\u00e8ne interdits<br \/>\u2022 Ne ramollit pas les aliments lorsqu&rsquo;ils sont chauds, il est donc parfait pour les services de plats \u00e0 emporter et de livraison.<\/p>\n<p><b><u>Caract\u00e9ristiques du produit :<\/u><\/b><br \/>\u2022 Lot : 100.0<br \/>\u2022 Couleur : Blanc.<\/p>\n","protected":false},"excerpt":{"rendered":"<p>Quantit\u00e9 par paquet : 100<\/p>\n","protected":false},"featured_media":107236,"comment_status":"open","ping_status":"closed","template":"","meta":[],"product_brand":[],"product_cat":[1241,1297,1238,1216],"product_tag":[],"class_list":{"0":"post-111389","1":"product","2":"type-product","3":"status-publish","4":"has-post-thumbnail","6":"product_cat-emballages-vente-a-emporter","7":"product_cat-non-palettisable","8":"product_cat-produits-a-usage-unique","9":"product_cat-usage-unique-et-entretien","10":"product_shipping_class-free-shipping","12":"first","13":"instock","14":"featured","15":"taxable","16":"shipping-taxable","17":"purchasable","18":"product-type-simple"},"_links":{"self":[{"href":"https:\/\/abinox-chr-clim.com\/index.php\/wp-json\/wp\/v2\/product\/111389","targetHints":{"allow":["GET"]}}],"collection":[{"href":"https:\/\/abinox-chr-clim.com\/index.php\/wp-json\/wp\/v2\/product"}],"about":[{"href":"https:\/\/abinox-chr-clim.com\/index.php\/wp-json\/wp\/v2\/types\/product"}],"replies":[{"embeddable":true,"href":"https:\/\/abinox-chr-clim.com\/index.php\/wp-json\/wp\/v2\/comments?post=111389"}],"wp:featuredmedia":[{"embeddable":true,"href":"https:\/\/abinox-chr-clim.com\/index.php\/wp-json\/wp\/v2\/media\/107236"}],"wp:attachment":[{"href":"https:\/\/abinox-chr-clim.com\/index.php\/wp-json\/wp\/v2\/media?parent=111389"}],"wp:term":[{"taxonomy":"product_brand","embeddable":true,"href":"https:\/\/abinox-chr-clim.com\/index.php\/wp-json\/wp\/v2\/product_brand?post=111389"},{"taxonomy":"product_cat","embeddable":true,"href":"https:\/\/abinox-chr-clim.com\/index.php\/wp-json\/wp\/v2\/product_cat?post=111389"},{"taxonomy":"product_tag","embeddable":true,"href":"https:\/\/abinox-chr-clim.com\/index.php\/wp-json\/wp\/v2\/product_tag?post=111389"}],"curies":[{"name":"wp","href":"https:\/\/api.w.org\/{rel}","templated":true}]}}