{"id":111386,"date":"2025-05-29T12:38:16","date_gmt":"2025-05-29T10:38:16","guid":{"rendered":"https:\/\/abinox-chr-clim.com\/index.php\/product\/barquettes-alimentaires-en-bagasse-fiesta-compostable-650ml-lot-de-100\/"},"modified":"2026-04-24T11:03:50","modified_gmt":"2026-04-24T09:03:50","slug":"barquettes-alimentaires-en-bagasse-fiesta-compostable-650ml-lot-de-100","status":"publish","type":"product","link":"https:\/\/abinox-chr-clim.com\/index.php\/product\/barquettes-alimentaires-en-bagasse-fiesta-compostable-650ml-lot-de-100\/","title":{"rendered":"Barquettes alimentaires en bagasse Fiesta Compostable 650ml (lot de 100)"},"content":{"rendered":"<p>Barquettes alimentaires en bagasse commercialement compostables, fabriqu\u00e9es \u00e0 partir de d\u00e9chets de canne \u00e0 sucre. Les barquettes sont r\u00e9sistantes \u00e0 la chaleur et \u00e0 l&rsquo;eau et peuvent \u00eatre utilis\u00e9es au micro-ondes, au four et au cong\u00e9lateur.<\/p>\n<p>\u2022 Mat\u00e9riau de bagasse commercialement compostable certifi\u00e9 EN13432<br \/>\u2022 Fabriqu\u00e9 \u00e0 partir de d\u00e9chets de canne \u00e0 sucre<br \/>\u2022 Mat\u00e9riau hautement respirant et une excellente alternative aux produits en polystyr\u00e8ne interdits<br \/>\u2022 Ne ramollit pas les aliments lorsqu&rsquo;ils sont chauds, il est donc parfait pour les services de plats \u00e0 emporter et de livraison.<br \/>\u2022 Les couvercles sont vendus s\u00e9par\u00e9ment, voir &#8211; Couvercles Fiesta en bagasse (HW037) et Couvercles Fiesta PET (HW038).<\/p>\n<p><b><u>Caract\u00e9ristiques du produit :<\/u><\/b><br \/>\u2022 Lot : 100.0<br \/>\u2022 Capacit\u00e9 : 65 cl<br \/>\u2022 Dim. : 45(H) x 128(L) x 181(P) mm<br \/>\u2022 Mati\u00e8re : Bagasse<br \/>\u2022 Poids : 15 g<br \/>\u2022 Couleur : Blanc.<\/p>\n","protected":false},"excerpt":{"rendered":"<p>650 ml. Quantit\u00e9 par paquet : 100<\/p>\n","protected":false},"featured_media":106275,"comment_status":"open","ping_status":"closed","template":"","meta":[],"product_brand":[],"product_cat":[1241,1297,1238,1216],"product_tag":[],"class_list":{"0":"post-111386","1":"product","2":"type-product","3":"status-publish","4":"has-post-thumbnail","6":"product_cat-emballages-vente-a-emporter","7":"product_cat-non-palettisable","8":"product_cat-produits-a-usage-unique","9":"product_cat-usage-unique-et-entretien","10":"product_shipping_class-free-shipping","12":"first","13":"instock","14":"featured","15":"taxable","16":"shipping-taxable","17":"purchasable","18":"product-type-simple"},"_links":{"self":[{"href":"https:\/\/abinox-chr-clim.com\/index.php\/wp-json\/wp\/v2\/product\/111386","targetHints":{"allow":["GET"]}}],"collection":[{"href":"https:\/\/abinox-chr-clim.com\/index.php\/wp-json\/wp\/v2\/product"}],"about":[{"href":"https:\/\/abinox-chr-clim.com\/index.php\/wp-json\/wp\/v2\/types\/product"}],"replies":[{"embeddable":true,"href":"https:\/\/abinox-chr-clim.com\/index.php\/wp-json\/wp\/v2\/comments?post=111386"}],"wp:featuredmedia":[{"embeddable":true,"href":"https:\/\/abinox-chr-clim.com\/index.php\/wp-json\/wp\/v2\/media\/106275"}],"wp:attachment":[{"href":"https:\/\/abinox-chr-clim.com\/index.php\/wp-json\/wp\/v2\/media?parent=111386"}],"wp:term":[{"taxonomy":"product_brand","embeddable":true,"href":"https:\/\/abinox-chr-clim.com\/index.php\/wp-json\/wp\/v2\/product_brand?post=111386"},{"taxonomy":"product_cat","embeddable":true,"href":"https:\/\/abinox-chr-clim.com\/index.php\/wp-json\/wp\/v2\/product_cat?post=111386"},{"taxonomy":"product_tag","embeddable":true,"href":"https:\/\/abinox-chr-clim.com\/index.php\/wp-json\/wp\/v2\/product_tag?post=111386"}],"curies":[{"name":"wp","href":"https:\/\/api.w.org\/{rel}","templated":true}]}}