{"id":111374,"date":"2025-05-29T12:37:50","date_gmt":"2025-05-29T10:37:50","guid":{"rendered":"https:\/\/abinox-chr-clim.com\/index.php\/product\/barquettes-alimentaires-en-bagasse-fiesta-compostable-400x335mm-lot-de-200\/"},"modified":"2026-04-24T11:03:40","modified_gmt":"2026-04-24T09:03:40","slug":"barquettes-alimentaires-en-bagasse-fiesta-compostable-400x335mm-lot-de-200","status":"publish","type":"product","link":"https:\/\/abinox-chr-clim.com\/index.php\/product\/barquettes-alimentaires-en-bagasse-fiesta-compostable-400x335mm-lot-de-200\/","title":{"rendered":"Barquettes alimentaires en bagasse Fiesta Compostable 400x335mm (lot de 200)"},"content":{"rendered":"<p>Barquettes alimentaires en bagasse commercialement compostables, fabriqu\u00e9es \u00e0 partir de d\u00e9chets de canne \u00e0 sucre. Les barquettes sont r\u00e9sistantes \u00e0 la chaleur et \u00e0 l&rsquo;eau et peuvent \u00eatre utilis\u00e9es au micro-ondes, au four et au cong\u00e9lateur. Couvercle \u00e9tanche inclus.<\/p>\n<p>\u2022 Mat\u00e9riau de bagasse commercialement compostable certifi\u00e9 EN13432<br \/>\u2022 Fabriqu\u00e9 \u00e0 partir de d\u00e9chets de canne \u00e0 sucre<br \/>\u2022 Mat\u00e9riau hautement respirant et une excellente alternative aux produits en polystyr\u00e8ne interdits<br \/>\u2022 Ne ramollit pas les aliments lorsqu&rsquo;ils sont chauds, il est donc parfait pour les services de plats \u00e0 emporter et de livraison.<\/p>\n<p><b><u>Caract\u00e9ristiques du produit :<\/u><\/b><br \/>\u2022 Lot : 200.0<br \/>\u2022 Dim. : 245(H) x 400(L) x 335(P) mm<br \/>\u2022 Mati\u00e8re : Bagasse<br \/>\u2022 Couleur : Blanc.<\/p>\n","protected":false},"excerpt":{"rendered":"<p>245(H)x400(L)x335(P)mm. Quantit\u00e9 par paquet : 200<\/p>\n","protected":false},"featured_media":107697,"comment_status":"open","ping_status":"closed","template":"","meta":[],"product_brand":[],"product_cat":[1241,1297,1238,1216],"product_tag":[],"class_list":{"0":"post-111374","1":"product","2":"type-product","3":"status-publish","4":"has-post-thumbnail","6":"product_cat-emballages-vente-a-emporter","7":"product_cat-non-palettisable","8":"product_cat-produits-a-usage-unique","9":"product_cat-usage-unique-et-entretien","10":"product_shipping_class-free-shipping","12":"first","13":"instock","14":"featured","15":"taxable","16":"shipping-taxable","17":"purchasable","18":"product-type-simple"},"_links":{"self":[{"href":"https:\/\/abinox-chr-clim.com\/index.php\/wp-json\/wp\/v2\/product\/111374","targetHints":{"allow":["GET"]}}],"collection":[{"href":"https:\/\/abinox-chr-clim.com\/index.php\/wp-json\/wp\/v2\/product"}],"about":[{"href":"https:\/\/abinox-chr-clim.com\/index.php\/wp-json\/wp\/v2\/types\/product"}],"replies":[{"embeddable":true,"href":"https:\/\/abinox-chr-clim.com\/index.php\/wp-json\/wp\/v2\/comments?post=111374"}],"wp:featuredmedia":[{"embeddable":true,"href":"https:\/\/abinox-chr-clim.com\/index.php\/wp-json\/wp\/v2\/media\/107697"}],"wp:attachment":[{"href":"https:\/\/abinox-chr-clim.com\/index.php\/wp-json\/wp\/v2\/media?parent=111374"}],"wp:term":[{"taxonomy":"product_brand","embeddable":true,"href":"https:\/\/abinox-chr-clim.com\/index.php\/wp-json\/wp\/v2\/product_brand?post=111374"},{"taxonomy":"product_cat","embeddable":true,"href":"https:\/\/abinox-chr-clim.com\/index.php\/wp-json\/wp\/v2\/product_cat?post=111374"},{"taxonomy":"product_tag","embeddable":true,"href":"https:\/\/abinox-chr-clim.com\/index.php\/wp-json\/wp\/v2\/product_tag?post=111374"}],"curies":[{"name":"wp","href":"https:\/\/api.w.org\/{rel}","templated":true}]}}