{"id":111373,"date":"2025-05-29T12:37:47","date_gmt":"2025-05-29T10:37:47","guid":{"rendered":"https:\/\/abinox-chr-clim.com\/index.php\/product\/couvercles-pet-pour-barquettes-carrees-fiesta-recyclable-lot-de-300\/"},"modified":"2026-04-24T11:16:00","modified_gmt":"2026-04-24T09:16:00","slug":"couvercles-pet-pour-barquettes-carrees-fiesta-recyclable-lot-de-300","status":"publish","type":"product","link":"https:\/\/abinox-chr-clim.com\/index.php\/product\/couvercles-pet-pour-barquettes-carrees-fiesta-recyclable-lot-de-300\/","title":{"rendered":"Couvercles PET pour barquettes carr\u00e9es Fiesta Recyclable (lot de 300)"},"content":{"rendered":"<p>Passez \u00e0 des r\u00e9cipients \u00e0 emporter respectueux de l&rsquo;environnement avec les bo\u00eetes carr\u00e9es Fiesta Recyclable. Robustes et r\u00e9sistantes aux fuites, ces bo\u00eetes conservent la fra\u00eecheur des aliments tout en r\u00e9duisant les d\u00e9chets. Les couvercles assortis permettent de conserver la chaleur et la saveur, tout en r\u00e9duisant le risque de contamination pendant le stockage ou le transport.<\/p>\n<p>\u2022 Fermeture herm\u00e9tique pour garder les aliments frais<br \/>\u2022 Conception avec dessus plat pour un empilage et un stockage faciles<br \/>\u2022 Le PET est largement recyclable ; v\u00e9rifiez aupr\u00e8s de votre conseil local les directives de recyclage<br \/>\u2022 S&rsquo;adapte \u00e0 toutes les barquettes carr\u00e9es en papier Fiesta 750ml HW015, 1000ml HW016, 1200ml HW017 et 1400ml HW018<\/p>\n<p><b><u>Caract\u00e9ristiques du produit :<\/u><\/b><br \/>\u2022 Lot : 300.0<br \/>\u2022 Couleur : Transparent.<\/p>\n","protected":false},"excerpt":{"rendered":"<p>Quantit\u00e9 du paquet : 300<\/p>\n","protected":false},"featured_media":106272,"comment_status":"open","ping_status":"closed","template":"","meta":[],"product_brand":[],"product_cat":[1241,1297,1238,1216],"product_tag":[],"class_list":{"0":"post-111373","1":"product","2":"type-product","3":"status-publish","4":"has-post-thumbnail","6":"product_cat-emballages-vente-a-emporter","7":"product_cat-non-palettisable","8":"product_cat-produits-a-usage-unique","9":"product_cat-usage-unique-et-entretien","10":"product_shipping_class-free-shipping","12":"first","13":"instock","14":"featured","15":"taxable","16":"shipping-taxable","17":"purchasable","18":"product-type-simple"},"_links":{"self":[{"href":"https:\/\/abinox-chr-clim.com\/index.php\/wp-json\/wp\/v2\/product\/111373","targetHints":{"allow":["GET"]}}],"collection":[{"href":"https:\/\/abinox-chr-clim.com\/index.php\/wp-json\/wp\/v2\/product"}],"about":[{"href":"https:\/\/abinox-chr-clim.com\/index.php\/wp-json\/wp\/v2\/types\/product"}],"replies":[{"embeddable":true,"href":"https:\/\/abinox-chr-clim.com\/index.php\/wp-json\/wp\/v2\/comments?post=111373"}],"wp:featuredmedia":[{"embeddable":true,"href":"https:\/\/abinox-chr-clim.com\/index.php\/wp-json\/wp\/v2\/media\/106272"}],"wp:attachment":[{"href":"https:\/\/abinox-chr-clim.com\/index.php\/wp-json\/wp\/v2\/media?parent=111373"}],"wp:term":[{"taxonomy":"product_brand","embeddable":true,"href":"https:\/\/abinox-chr-clim.com\/index.php\/wp-json\/wp\/v2\/product_brand?post=111373"},{"taxonomy":"product_cat","embeddable":true,"href":"https:\/\/abinox-chr-clim.com\/index.php\/wp-json\/wp\/v2\/product_cat?post=111373"},{"taxonomy":"product_tag","embeddable":true,"href":"https:\/\/abinox-chr-clim.com\/index.php\/wp-json\/wp\/v2\/product_tag?post=111373"}],"curies":[{"name":"wp","href":"https:\/\/api.w.org\/{rel}","templated":true}]}}