{"id":111370,"date":"2025-05-29T12:37:42","date_gmt":"2025-05-29T10:37:42","guid":{"rendered":"https:\/\/abinox-chr-clim.com\/index.php\/product\/barquettes-carrees-fiesta-recyclable-1000ml-lot-de-300\/"},"modified":"2026-04-24T11:16:48","modified_gmt":"2026-04-24T09:16:48","slug":"barquettes-carrees-fiesta-recyclable-1000ml-lot-de-300","status":"publish","type":"product","link":"https:\/\/abinox-chr-clim.com\/index.php\/product\/barquettes-carrees-fiesta-recyclable-1000ml-lot-de-300\/","title":{"rendered":"Barquettes carr\u00e9es Fiesta Recyclable 1000ml (lot de 300)"},"content":{"rendered":"<p>Passez \u00e0 des r\u00e9cipients \u00e0 emporter respectueux de l&rsquo;environnement avec les bo\u00eetes carr\u00e9es Fiesta Recyclable. Robustes et r\u00e9sistantes aux fuites, ces bo\u00eetes conservent la fra\u00eecheur des aliments tout en r\u00e9duisant les d\u00e9chets. Les couvercles assortis permettent de conserver la chaleur et la saveur, tout en r\u00e9duisant le risque de contamination pendant le stockage ou le transport.<\/p>\n<p>\u2022 Id\u00e9al pour servir tous types de plats \u00e0 emporter<br \/>\u2022 Fabriqu\u00e9 en papier durable avec un rev\u00eatement en PE pour \u00e9viter les fuites<br \/>\u2022 Les barquettes en papier avec rev\u00eatement en PE n\u00e9cessitent un recyclage sp\u00e9cialis\u00e9 apr\u00e8s utilisation; veuillez v\u00e9rifier les options locales disponibles pour vous<br \/>\u2022 Associez les barquettes \u00e0 notre couvercle herm\u00e9tique pour emporter ou livrer (voir code HW019, vendu s\u00e9par\u00e9ment)<br \/>\u2022 Diff\u00e9rentes tailles disponibles pour s&rsquo;adapter \u00e0 diff\u00e9rentes portions<\/p>\n<p><b><u>Caract\u00e9ristiques du produit :<\/u><\/b><br \/>\u2022 Lot : 300.0<br \/>\u2022 Capacit\u00e9 : 1000ml<br \/>\u2022 Mati\u00e8re : Papier<br \/>\u2022 Couleur : Marron.<\/p>\n","protected":false},"excerpt":{"rendered":"<p>Capacit\u00e9 : 1000 ml. Quantit\u00e9 par lot : 300<\/p>\n","protected":false},"featured_media":106271,"comment_status":"open","ping_status":"closed","template":"","meta":[],"product_brand":[],"product_cat":[1241,1297,1238,1216],"product_tag":[],"class_list":{"0":"post-111370","1":"product","2":"type-product","3":"status-publish","4":"has-post-thumbnail","6":"product_cat-emballages-vente-a-emporter","7":"product_cat-non-palettisable","8":"product_cat-produits-a-usage-unique","9":"product_cat-usage-unique-et-entretien","10":"product_shipping_class-free-shipping","12":"first","13":"instock","14":"featured","15":"taxable","16":"shipping-taxable","17":"purchasable","18":"product-type-simple"},"_links":{"self":[{"href":"https:\/\/abinox-chr-clim.com\/index.php\/wp-json\/wp\/v2\/product\/111370","targetHints":{"allow":["GET"]}}],"collection":[{"href":"https:\/\/abinox-chr-clim.com\/index.php\/wp-json\/wp\/v2\/product"}],"about":[{"href":"https:\/\/abinox-chr-clim.com\/index.php\/wp-json\/wp\/v2\/types\/product"}],"replies":[{"embeddable":true,"href":"https:\/\/abinox-chr-clim.com\/index.php\/wp-json\/wp\/v2\/comments?post=111370"}],"wp:featuredmedia":[{"embeddable":true,"href":"https:\/\/abinox-chr-clim.com\/index.php\/wp-json\/wp\/v2\/media\/106271"}],"wp:attachment":[{"href":"https:\/\/abinox-chr-clim.com\/index.php\/wp-json\/wp\/v2\/media?parent=111370"}],"wp:term":[{"taxonomy":"product_brand","embeddable":true,"href":"https:\/\/abinox-chr-clim.com\/index.php\/wp-json\/wp\/v2\/product_brand?post=111370"},{"taxonomy":"product_cat","embeddable":true,"href":"https:\/\/abinox-chr-clim.com\/index.php\/wp-json\/wp\/v2\/product_cat?post=111370"},{"taxonomy":"product_tag","embeddable":true,"href":"https:\/\/abinox-chr-clim.com\/index.php\/wp-json\/wp\/v2\/product_tag?post=111370"}],"curies":[{"name":"wp","href":"https:\/\/api.w.org\/{rel}","templated":true}]}}