{"id":111368,"date":"2025-05-29T12:37:38","date_gmt":"2025-05-29T10:37:38","guid":{"rendered":"https:\/\/abinox-chr-clim.com\/index.php\/product\/essoreuse-a-salade-vogue-grise-45l\/"},"modified":"2026-04-15T10:47:15","modified_gmt":"2026-04-15T08:47:15","slug":"essoreuse-a-salade-vogue-grise-45l","status":"publish","type":"product","link":"https:\/\/abinox-chr-clim.com\/index.php\/product\/essoreuse-a-salade-vogue-grise-45l\/","title":{"rendered":"Essoreuse \u00e0 salade Vogue grise 4,5L"},"content":{"rendered":"<p>Pour gagner du temps lors de la pr\u00e9paration et enlever l&rsquo;exc\u00e8s d&rsquo;eau de la salade afin de la conserver plus longtemps. Id\u00e9ale pour toutes les cuisines.<\/p>\n<p>\u2022 Syst\u00e8me d&rsquo;engrenage ultra-r\u00e9sistant con\u00e7u pour un essorage \u00e0 grande capacit\u00e9 et \u00e0 grande vitesse<br \/>\u2022 Le panier int\u00e9rieur peut servir de passoire<br \/>\u2022 Conception l\u00e9g\u00e8re &#8211; portable et facile \u00e0 installer<br \/>\u2022 Syst\u00e8me de manivelle manuelle &#8211; aucune connexion \u00e9lectrique externe n&rsquo;est n\u00e9cessaire<br \/>\u2022 Facile \u00e0 nettoyer<br \/>\u2022 Poign\u00e9e robuste et ergonomique<br \/>\u2022 Panier amovible<br \/>\u2022 Durable pour une utilisation prolong\u00e9e<br \/>\u2022 Ouverture permettant d&rsquo;ajouter des assaisonnements pour salades et des sauces<\/p>\n<p><b><u>Caract\u00e9ristiques du produit :<\/u><\/b><br \/>\u2022 Capacit\u00e9 : 4,5 L<br \/>\u2022 Dim. : 215(H) x 251(L) x 245(P) mm<br \/>\u2022 Couleur : Noir.<\/p>\n","protected":false},"excerpt":{"rendered":"<p>Grise. Capacit\u00e9 : 4.5L<\/p>\n","protected":false},"featured_media":106861,"comment_status":"open","ping_status":"closed","template":"","meta":[],"product_brand":[],"product_cat":[1064,1297,1098,1104],"product_tag":[],"class_list":{"0":"post-111368","1":"product","2":"type-product","3":"status-publish","4":"has-post-thumbnail","6":"product_cat-cuisine","7":"product_cat-non-palettisable","8":"product_cat-ustensiles-cuisine","9":"product_cat-ustensiles-de-cuisine","10":"product_shipping_class-free-shipping","12":"first","13":"outofstock","14":"featured","15":"taxable","16":"shipping-taxable","17":"purchasable","18":"product-type-simple"},"_links":{"self":[{"href":"https:\/\/abinox-chr-clim.com\/index.php\/wp-json\/wp\/v2\/product\/111368","targetHints":{"allow":["GET"]}}],"collection":[{"href":"https:\/\/abinox-chr-clim.com\/index.php\/wp-json\/wp\/v2\/product"}],"about":[{"href":"https:\/\/abinox-chr-clim.com\/index.php\/wp-json\/wp\/v2\/types\/product"}],"replies":[{"embeddable":true,"href":"https:\/\/abinox-chr-clim.com\/index.php\/wp-json\/wp\/v2\/comments?post=111368"}],"wp:featuredmedia":[{"embeddable":true,"href":"https:\/\/abinox-chr-clim.com\/index.php\/wp-json\/wp\/v2\/media\/106861"}],"wp:attachment":[{"href":"https:\/\/abinox-chr-clim.com\/index.php\/wp-json\/wp\/v2\/media?parent=111368"}],"wp:term":[{"taxonomy":"product_brand","embeddable":true,"href":"https:\/\/abinox-chr-clim.com\/index.php\/wp-json\/wp\/v2\/product_brand?post=111368"},{"taxonomy":"product_cat","embeddable":true,"href":"https:\/\/abinox-chr-clim.com\/index.php\/wp-json\/wp\/v2\/product_cat?post=111368"},{"taxonomy":"product_tag","embeddable":true,"href":"https:\/\/abinox-chr-clim.com\/index.php\/wp-json\/wp\/v2\/product_tag?post=111368"}],"curies":[{"name":"wp","href":"https:\/\/api.w.org\/{rel}","templated":true}]}}