{"id":111367,"date":"2025-05-29T12:37:36","date_gmt":"2025-05-29T10:37:36","guid":{"rendered":"https:\/\/abinox-chr-clim.com\/index.php\/product\/tampons-abrasifs-verts-100-recycles-jantex-225x150mm-lot-de-10\/"},"modified":"2026-04-24T11:14:43","modified_gmt":"2026-04-24T09:14:43","slug":"tampons-abrasifs-verts-100-recycles-jantex-225x150mm-lot-de-10","status":"publish","type":"product","link":"https:\/\/abinox-chr-clim.com\/index.php\/product\/tampons-abrasifs-verts-100-recycles-jantex-225x150mm-lot-de-10\/","title":{"rendered":"Tampons abrasifs verts 100% recycl\u00e9s Jantex 225x150mm (lot de 10)"},"content":{"rendered":"<p>Enlevez les taches tenaces et la graisse br\u00fbl\u00e9e avec ces tampons \u00e0 r\u00e9curer r\u00e9sistants.<\/p>\n<p>\u2022 \u00c9limine les taches tenaces, le calcaire et la graisse incrust\u00e9e<br \/>\u2022 Id\u00e9al pour les surfaces, ustensiles de cuisine et vaisselle<br \/>\u2022 Durable et r\u00e9utilisable; rincer apr\u00e8s usage pour r\u00e9duire les co\u00fbts de remplacement<br \/>\u2022 Fabriqu\u00e9 \u00e0 partir de fibres 100% recycl\u00e9es pour r\u00e9duire la production de mat\u00e9riaux vierges<\/p>\n<p><b><u>Caract\u00e9ristiques du produit :<\/u><\/b><br \/>\u2022 Lot : 10.0<br \/>\u2022 Dim. : 225(L) x 150(P) mm<br \/>\u2022 Mati\u00e8re : Polyester<br \/>\u2022 Couleur : Vert.<\/p>\n","protected":false},"excerpt":{"rendered":"<p>Quantit\u00e9 du paquet : 10<\/p>\n","protected":false},"featured_media":106851,"comment_status":"open","ping_status":"closed","template":"","meta":[],"product_brand":[],"product_cat":[1241,1297,1238,1216],"product_tag":[],"class_list":{"0":"post-111367","1":"product","2":"type-product","3":"status-publish","4":"has-post-thumbnail","6":"product_cat-emballages-vente-a-emporter","7":"product_cat-non-palettisable","8":"product_cat-produits-a-usage-unique","9":"product_cat-usage-unique-et-entretien","10":"product_shipping_class-free-shipping","12":"first","13":"outofstock","14":"featured","15":"taxable","16":"shipping-taxable","17":"purchasable","18":"product-type-simple"},"_links":{"self":[{"href":"https:\/\/abinox-chr-clim.com\/index.php\/wp-json\/wp\/v2\/product\/111367","targetHints":{"allow":["GET"]}}],"collection":[{"href":"https:\/\/abinox-chr-clim.com\/index.php\/wp-json\/wp\/v2\/product"}],"about":[{"href":"https:\/\/abinox-chr-clim.com\/index.php\/wp-json\/wp\/v2\/types\/product"}],"replies":[{"embeddable":true,"href":"https:\/\/abinox-chr-clim.com\/index.php\/wp-json\/wp\/v2\/comments?post=111367"}],"wp:featuredmedia":[{"embeddable":true,"href":"https:\/\/abinox-chr-clim.com\/index.php\/wp-json\/wp\/v2\/media\/106851"}],"wp:attachment":[{"href":"https:\/\/abinox-chr-clim.com\/index.php\/wp-json\/wp\/v2\/media?parent=111367"}],"wp:term":[{"taxonomy":"product_brand","embeddable":true,"href":"https:\/\/abinox-chr-clim.com\/index.php\/wp-json\/wp\/v2\/product_brand?post=111367"},{"taxonomy":"product_cat","embeddable":true,"href":"https:\/\/abinox-chr-clim.com\/index.php\/wp-json\/wp\/v2\/product_cat?post=111367"},{"taxonomy":"product_tag","embeddable":true,"href":"https:\/\/abinox-chr-clim.com\/index.php\/wp-json\/wp\/v2\/product_tag?post=111367"}],"curies":[{"name":"wp","href":"https:\/\/api.w.org\/{rel}","templated":true}]}}